{"id":3003,"date":"2025-12-30T16:41:02","date_gmt":"2025-12-30T15:41:02","guid":{"rendered":"https:\/\/mcmeister.com\/collaudo-dei-materiali\/radiografia-rt\/"},"modified":"2026-04-27T13:25:44","modified_gmt":"2026-04-27T11:25:44","slug":"radiografia-rt","status":"publish","type":"page","link":"https:\/\/mcmeister.com\/it\/collaudo-dei-materiali\/radiografia-rt\/","title":{"rendered":"Radiografia (RT)"},"content":{"rendered":"\t\t<div data-elementor-type=\"wp-page\" data-elementor-id=\"3003\" class=\"elementor elementor-3003 elementor-2596\" data-elementor-post-type=\"page\">\n\t\t\t\t<div class=\"elementor-element elementor-element-465dc65 e-flex e-con-boxed e-con e-parent\" data-id=\"465dc65\" data-element_type=\"container\" data-e-type=\"container\" data-settings=\"{&quot;background_background&quot;:&quot;classic&quot;}\">\n\t\t\t\t\t<div class=\"e-con-inner\">\n\t\t<div class=\"elementor-element elementor-element-3d50e20 e-con-full e-flex e-con e-child\" data-id=\"3d50e20\" data-element_type=\"container\" data-e-type=\"container\">\n\t\t<div class=\"elementor-element elementor-element-cdd89f6 e-con-full e-flex e-con e-child\" data-id=\"cdd89f6\" data-element_type=\"container\" data-e-type=\"container\">\n\t\t\t\t<div class=\"elementor-element elementor-element-6bb008f elementor-widget elementor-widget-heading\" data-id=\"6bb008f\" data-element_type=\"widget\" data-e-type=\"widget\" data-widget_type=\"heading.default\">\n\t\t\t\t\t<h4 class=\"elementor-heading-title elementor-size-default\">La sicurezza \u00e8 la nostra missione: si affidi a noi!<\/h4>\t\t\t\t<\/div>\n\t\t\t\t<div class=\"elementor-element elementor-element-c6ddd8e elementor-widget elementor-widget-text-editor\" data-id=\"c6ddd8e\" data-element_type=\"widget\" data-e-type=\"widget\" data-widget_type=\"text-editor.default\">\n\t\t\t\t\t\t\t\t\t<p>Con il controllo radiografico (RT), ti offriamo una soluzione potente per i controlli non distruttivi (CND) \u2013 cos\u00ec come per i requisiti di sicurezza \u2013 che ti consente di rendere visibili in modo affidabile le strutture interne e i difetti del materiale. I nostri sistemi RT consentono di esaminare componenti e materiali, in modo da rilevare soffiature, cricche, inclusioni o disomogeneit\u00e0 del materiale, senza danneggiare il componente. <\/p><p>Che si tratti di una soluzione di imaging digitale o su pellicola, i nostri dispositivi convincono per l&#8217;alta risoluzione, il forte contrasto e l&#8217;elevata affidabilit\u00e0. Offriamo opzioni per piccoli componenti di precisione, cos\u00ec come per grandi componenti industriali. Grazie alla struttura modulare e alla tecnologia all&#8217;avanguardia, molti sistemi possono essere adattati in modo flessibile alle tue esigenze di processo.  <\/p><p>Il controllo radiografico trova applicazione in molti settori: dall&#8217;industria automobilistica e aerospaziale all&#8217;ingegneria meccanica e all&#8217;energia, fino al controllo qualit\u00e0 nel settore dei dispositivi medici. \u00c8 uno strumento indispensabile per il rispetto delle normative (ad es. ISO, ASTM) e per garantire la qualit\u00e0 del prodotto. <\/p><p>Scopri le nostre soluzioni RT, confronta i dati tecnici e trova il sistema adatto alle tue esigenze. Ti supportiamo con consulenza competente, conoscenza delle applicazioni e accessori \u2013 dalla radioprotezione alla valutazione delle immagini. <\/p>\t\t\t\t\t\t\t\t<\/div>\n\t\t\t\t<\/div>\n\t\t\t\t<\/div>\n\t\t\t\t\t<\/div>\n\t\t\t\t<\/div>\n\t\t<div class=\"elementor-element elementor-element-99a0382 e-flex e-con-boxed e-con e-parent\" data-id=\"99a0382\" data-element_type=\"container\" data-e-type=\"container\" data-settings=\"{&quot;background_background&quot;:&quot;classic&quot;}\">\n\t\t\t\t\t<div class=\"e-con-inner\">\n\t\t<div class=\"elementor-element elementor-element-7cfa048 e-con-full e-flex e-con e-child\" data-id=\"7cfa048\" data-element_type=\"container\" data-e-type=\"container\">\n\t\t\t\t<div class=\"elementor-element elementor-element-a877829 elementor-widget elementor-widget-jet-listing-grid\" data-id=\"a877829\" data-element_type=\"widget\" data-e-type=\"widget\" data-settings=\"{&quot;columns&quot;:&quot;4&quot;}\" data-widget_type=\"jet-listing-grid.default\">\n\t\t\t\t\t<div class=\"jet-listing-grid jet-listing\"><div class=\"jet-listing-grid__items grid-col-desk-4 grid-col-tablet-4 grid-col-mobile-4 jet-listing-grid--322 jet-equal-columns__wrapper\" data-queried-id=\"3003|WP_Post\" data-nav=\"{&quot;enabled&quot;:false,&quot;type&quot;:null,&quot;more_el&quot;:null,&quot;query&quot;:[],&quot;widget_settings&quot;:{&quot;lisitng_id&quot;:322,&quot;posts_num&quot;:6,&quot;columns&quot;:4,&quot;columns_tablet&quot;:4,&quot;columns_mobile&quot;:4,&quot;column_min_width&quot;:240,&quot;column_min_width_tablet&quot;:240,&quot;column_min_width_mobile&quot;:240,&quot;inline_columns_css&quot;:false,&quot;is_archive_template&quot;:&quot;yes&quot;,&quot;post_status&quot;:[&quot;publish&quot;],&quot;use_random_posts_num&quot;:&quot;&quot;,&quot;max_posts_num&quot;:9,&quot;not_found_message&quot;:&quot;Nessun contenuto trovato&quot;,&quot;is_masonry&quot;:false,&quot;equal_columns_height&quot;:&quot;yes&quot;,&quot;use_load_more&quot;:&quot;&quot;,&quot;load_more_id&quot;:&quot;&quot;,&quot;load_more_type&quot;:&quot;click&quot;,&quot;load_more_offset&quot;:null,&quot;use_custom_post_types&quot;:&quot;&quot;,&quot;custom_post_types&quot;:[],&quot;hide_widget_if&quot;:&quot;&quot;,&quot;carousel_enabled&quot;:&quot;&quot;,&quot;slides_to_scroll&quot;:&quot;1&quot;,&quot;arrows&quot;:&quot;true&quot;,&quot;arrow_icon&quot;:&quot;fa fa-angle-left&quot;,&quot;dots&quot;:&quot;&quot;,&quot;autoplay&quot;:&quot;true&quot;,&quot;pause_on_hover&quot;:&quot;true&quot;,&quot;autoplay_speed&quot;:5000,&quot;infinite&quot;:&quot;true&quot;,&quot;center_mode&quot;:&quot;&quot;,&quot;effect&quot;:&quot;slide&quot;,&quot;speed&quot;:500,&quot;inject_alternative_items&quot;:&quot;&quot;,&quot;injection_items&quot;:[],&quot;scroll_slider_enabled&quot;:&quot;&quot;,&quot;scroll_slider_on&quot;:[&quot;desktop&quot;,&quot;tablet&quot;,&quot;mobile&quot;],&quot;custom_query&quot;:&quot;yes&quot;,&quot;custom_query_id&quot;:&quot;11&quot;,&quot;_element_id&quot;:&quot;&quot;,&quot;collapse_first_last_gap&quot;:false,&quot;list_tag_selection&quot;:&quot;&quot;,&quot;list_items_wrapper_tag&quot;:&quot;div&quot;,&quot;list_item_tag&quot;:&quot;div&quot;,&quot;empty_items_wrapper_tag&quot;:&quot;div&quot;}}\" data-page=\"1\" data-pages=\"1\" data-listing-source=\"query\" data-listing-id=\"322\" data-query-id=\"11\"><div class=\"jet-listing-grid__item jet-listing-dynamic-post-89 jet-equal-columns\" data-post-id=\"89\"  >\t\t<div data-elementor-type=\"jet-listing-items\" data-elementor-id=\"5172\" class=\"elementor elementor-5172 elementor-322 elementor-322\" data-elementor-post-type=\"jet-engine\">\n\t\t\t\t<div class=\"elementor-element elementor-element-cc2dcdd e-con-full e-flex e-con e-parent\" data-id=\"cc2dcdd\" data-element_type=\"container\" data-e-type=\"container\">\n\t\t\t\t<div class=\"elementor-element elementor-element-5399bd3 elementor-widget elementor-widget-jet-listing-dynamic-image\" data-id=\"5399bd3\" data-element_type=\"widget\" data-e-type=\"widget\" data-widget_type=\"jet-listing-dynamic-image.default\">\n\t\t\t\t\t<div class=\"jet-listing jet-listing-dynamic-image\" ><a href=\"https:\/\/mcmeister.com\/it\/kategorie\/cabine\/\" class=\"jet-listing-dynamic-image__link\"><img fetchpriority=\"high\" decoding=\"async\" width=\"750\" height=\"903\" src=\"https:\/\/mcmeister.com\/wp-content\/uploads\/2025\/11\/Kabinen.png.webp\" class=\"jet-listing-dynamic-image__img attachment-full size-full\" alt=\"Kabinen.png\" srcset=\"https:\/\/mcmeister.com\/wp-content\/uploads\/2025\/11\/Kabinen.png.webp 750w, https:\/\/mcmeister.com\/wp-content\/uploads\/2025\/11\/Kabinen.png-249x300.webp 249w\" sizes=\"(max-width: 750px) 100vw, 750px\" loading=\"eager\" \/><\/a><\/div>\t\t\t\t<\/div>\n\t\t\t\t<div class=\"elementor-element elementor-element-fa73b11 elementor-widget-divider--view-line elementor-widget elementor-widget-divider\" data-id=\"fa73b11\" data-element_type=\"widget\" data-e-type=\"widget\" data-widget_type=\"divider.default\">\n\t\t\t\t\t\t\t<div class=\"elementor-divider\">\n\t\t\t<span class=\"elementor-divider-separator\">\n\t\t\t\t\t\t<\/span>\n\t\t<\/div>\n\t\t\t\t\t\t<\/div>\n\t\t\t\t<div class=\"elementor-element elementor-element-7f433e3 elementor-widget elementor-widget-heading\" data-id=\"7f433e3\" data-element_type=\"widget\" data-e-type=\"widget\" data-widget_type=\"heading.default\">\n\t\t\t\t\t<h4 class=\"elementor-heading-title elementor-size-default\">Cabine<\/h4>\t\t\t\t<\/div>\n\t\t\t\t<div class=\"elementor-element elementor-element-18762e9 elementor-widget elementor-widget-jet-listing-dynamic-link\" data-id=\"18762e9\" data-element_type=\"widget\" data-e-type=\"widget\" data-widget_type=\"jet-listing-dynamic-link.default\">\n\t\t\t\t\t<div class=\"jet-listing jet-listing-dynamic-link\"><a href=\"https:\/\/mcmeister.com\/it\/kategorie\/cabine\/\" class=\"jet-listing-dynamic-link__link\"><div class=\"jet-listing-dynamic-link__icon is-svg-icon\"><svg xmlns=\"http:\/\/www.w3.org\/2000\/svg\" height=\"24px\" viewBox=\"0 -960 960 960\" width=\"24px\" fill=\"#000000\"><path d=\"m440-200 137-240H80v-80h497L440-760l440 280-440 280Z\"><\/path><\/svg><\/div><span class=\"jet-listing-dynamic-link__label\">Panoramica<\/span><\/a><\/div>\t\t\t\t<\/div>\n\t\t\t\t<\/div>\n\t\t\t\t<\/div>\n\t\t<\/div><div class=\"jet-listing-grid__item jet-listing-dynamic-post-120 jet-equal-columns\" data-post-id=\"120\"  >\t\t<div data-elementor-type=\"jet-listing-items\" data-elementor-id=\"5172\" class=\"elementor elementor-5172 elementor-322 elementor-322\" data-elementor-post-type=\"jet-engine\">\n\t\t\t\t<div class=\"elementor-element elementor-element-cc2dcdd e-con-full e-flex e-con e-parent\" data-id=\"cc2dcdd\" data-element_type=\"container\" data-e-type=\"container\">\n\t\t\t\t<div class=\"elementor-element elementor-element-5399bd3 elementor-widget elementor-widget-jet-listing-dynamic-image\" data-id=\"5399bd3\" data-element_type=\"widget\" data-e-type=\"widget\" data-widget_type=\"jet-listing-dynamic-image.default\">\n\t\t\t\t\t<div class=\"jet-listing jet-listing-dynamic-image\" ><a href=\"https:\/\/mcmeister.com\/it\/kategorie\/sistemi-aperti\/\" class=\"jet-listing-dynamic-image__link\"><img decoding=\"async\" width=\"750\" height=\"903\" src=\"https:\/\/mcmeister.com\/wp-content\/uploads\/2025\/11\/Xplus-Mobile.png.webp\" class=\"jet-listing-dynamic-image__img attachment-full size-full\" alt=\"Xplus-Mobile.png\" srcset=\"https:\/\/mcmeister.com\/wp-content\/uploads\/2025\/11\/Xplus-Mobile.png.webp 750w, https:\/\/mcmeister.com\/wp-content\/uploads\/2025\/11\/Xplus-Mobile.png-249x300.webp 249w\" sizes=\"(max-width: 750px) 100vw, 750px\" loading=\"eager\" \/><\/a><\/div>\t\t\t\t<\/div>\n\t\t\t\t<div class=\"elementor-element elementor-element-fa73b11 elementor-widget-divider--view-line elementor-widget elementor-widget-divider\" data-id=\"fa73b11\" data-element_type=\"widget\" data-e-type=\"widget\" data-widget_type=\"divider.default\">\n\t\t\t\t\t\t\t<div class=\"elementor-divider\">\n\t\t\t<span class=\"elementor-divider-separator\">\n\t\t\t\t\t\t<\/span>\n\t\t<\/div>\n\t\t\t\t\t\t<\/div>\n\t\t\t\t<div class=\"elementor-element elementor-element-7f433e3 elementor-widget elementor-widget-heading\" data-id=\"7f433e3\" data-element_type=\"widget\" data-e-type=\"widget\" data-widget_type=\"heading.default\">\n\t\t\t\t\t<h4 class=\"elementor-heading-title elementor-size-default\">Sistemi aperti<\/h4>\t\t\t\t<\/div>\n\t\t\t\t<div class=\"elementor-element elementor-element-18762e9 elementor-widget elementor-widget-jet-listing-dynamic-link\" data-id=\"18762e9\" data-element_type=\"widget\" data-e-type=\"widget\" data-widget_type=\"jet-listing-dynamic-link.default\">\n\t\t\t\t\t<div class=\"jet-listing jet-listing-dynamic-link\"><a href=\"https:\/\/mcmeister.com\/it\/kategorie\/sistemi-aperti\/\" class=\"jet-listing-dynamic-link__link\"><div class=\"jet-listing-dynamic-link__icon is-svg-icon\"><svg xmlns=\"http:\/\/www.w3.org\/2000\/svg\" height=\"24px\" viewBox=\"0 -960 960 960\" width=\"24px\" fill=\"#000000\"><path d=\"m440-200 137-240H80v-80h497L440-760l440 280-440 280Z\"><\/path><\/svg><\/div><span class=\"jet-listing-dynamic-link__label\">Panoramica<\/span><\/a><\/div>\t\t\t\t<\/div>\n\t\t\t\t<\/div>\n\t\t\t\t<\/div>\n\t\t<\/div><\/div><\/div>\t\t\t\t<\/div>\n\t\t\t\t<\/div>\n\t\t\t\t\t<\/div>\n\t\t\t\t<\/div>\n\t\t\t\t<\/div>\n\t\t","protected":false},"excerpt":{"rendered":"<p>La sicurezza \u00e8 la nostra missione: si affidi a noi! Con il controllo radiografico (RT), ti offriamo una soluzione potente per i controlli non distruttivi (CND) \u2013 cos\u00ec come per i requisiti di sicurezza \u2013 che ti consente di rendere visibili in modo affidabile le strutture interne e i difetti del materiale. I nostri sistemi [&hellip;]<\/p>\n","protected":false},"author":1,"featured_media":0,"parent":1651,"menu_order":0,"comment_status":"closed","ping_status":"closed","template":"","meta":{"footnotes":""},"class_list":["post-3003","page","type-page","status-publish","hentry"],"_links":{"self":[{"href":"https:\/\/mcmeister.com\/it\/wp-json\/wp\/v2\/pages\/3003","targetHints":{"allow":["GET"]}}],"collection":[{"href":"https:\/\/mcmeister.com\/it\/wp-json\/wp\/v2\/pages"}],"about":[{"href":"https:\/\/mcmeister.com\/it\/wp-json\/wp\/v2\/types\/page"}],"author":[{"embeddable":true,"href":"https:\/\/mcmeister.com\/it\/wp-json\/wp\/v2\/users\/1"}],"replies":[{"embeddable":true,"href":"https:\/\/mcmeister.com\/it\/wp-json\/wp\/v2\/comments?post=3003"}],"version-history":[{"count":2,"href":"https:\/\/mcmeister.com\/it\/wp-json\/wp\/v2\/pages\/3003\/revisions"}],"predecessor-version":[{"id":6719,"href":"https:\/\/mcmeister.com\/it\/wp-json\/wp\/v2\/pages\/3003\/revisions\/6719"}],"up":[{"embeddable":true,"href":"https:\/\/mcmeister.com\/it\/wp-json\/wp\/v2\/pages\/1651"}],"wp:attachment":[{"href":"https:\/\/mcmeister.com\/it\/wp-json\/wp\/v2\/media?parent=3003"}],"curies":[{"name":"wp","href":"https:\/\/api.w.org\/{rel}","templated":true}]}}