{"id":1645,"date":"2025-11-13T16:46:10","date_gmt":"2025-11-13T15:46:10","guid":{"rendered":"https:\/\/mcmeister.com\/informazioni-legali\/"},"modified":"2026-01-08T16:53:29","modified_gmt":"2026-01-08T15:53:29","slug":"informazioni-legali","status":"publish","type":"page","link":"https:\/\/mcmeister.com\/it\/informazioni-legali\/","title":{"rendered":"Informazioni legali"},"content":{"rendered":"\t\t<div data-elementor-type=\"wp-page\" data-elementor-id=\"1645\" class=\"elementor elementor-1645 elementor-134\" data-elementor-post-type=\"page\">\n\t\t\t\t<div class=\"elementor-element elementor-element-b278ccc e-flex e-con-boxed e-con e-parent\" data-id=\"b278ccc\" data-element_type=\"container\" data-e-type=\"container\" data-settings=\"{&quot;background_background&quot;:&quot;classic&quot;}\">\n\t\t\t\t\t<div class=\"e-con-inner\">\n\t\t<div class=\"elementor-element elementor-element-8e46da8 e-con-full e-flex e-con e-child\" data-id=\"8e46da8\" data-element_type=\"container\" data-e-type=\"container\">\n\t\t<div class=\"elementor-element elementor-element-f372e39 e-con-full e-flex e-con e-child\" data-id=\"f372e39\" data-element_type=\"container\" data-e-type=\"container\">\n\t\t\t\t<div class=\"elementor-element elementor-element-41c49a7 elementor-widget elementor-widget-heading\" data-id=\"41c49a7\" data-element_type=\"widget\" data-e-type=\"widget\" data-widget_type=\"heading.default\">\n\t\t\t\t\t<h2 class=\"elementor-heading-title elementor-size-default\">Informazioni legali<\/h2>\t\t\t\t<\/div>\n\t\t\t\t<div class=\"elementor-element elementor-element-5323ec4 elementor-widget elementor-widget-heading\" data-id=\"5323ec4\" data-element_type=\"widget\" data-e-type=\"widget\" data-widget_type=\"heading.default\">\n\t\t\t\t\t<h3 class=\"elementor-heading-title elementor-size-default\">Proprietario del sito web, ideazione e realizzazione dei contenuti\n<\/h3>\t\t\t\t<\/div>\n\t\t\t\t<div class=\"elementor-element elementor-element-3d809d8 elementor-widget elementor-widget-text-editor\" data-id=\"3d809d8\" data-element_type=\"widget\" data-e-type=\"widget\" data-widget_type=\"text-editor.default\">\n\t\t\t\t\t\t\t\t\t<p><strong>Max C. Meister AG<\/strong><br>Neugutstrasse 54<br>CH-8600 D\u00fcbendorf<\/p><p><strong>Numero di identificazione dell&#8217;impresa (UID)<\/strong><br>CHE-102.388.276<\/p><p><strong>Amministratore delegato:<\/strong><br>Christoph Werner Meister<\/p><p><strong>Contatto:<\/strong><br><a href=\"mailto:admin@mcmeister.com\">admin@mcmeister.com<\/a><br>www.mcmeister.ch<br>+41 (0)44 918 70 10<br>+41 (0)44 918 70 11<\/p>\t\t\t\t\t\t\t\t<\/div>\n\t\t\t\t<div class=\"elementor-element elementor-element-71910c8 elementor-widget elementor-widget-spacer\" data-id=\"71910c8\" data-element_type=\"widget\" data-e-type=\"widget\" data-widget_type=\"spacer.default\">\n\t\t\t\t\t\t\t<div class=\"elementor-spacer\">\n\t\t\t<div class=\"elementor-spacer-inner\"><\/div>\n\t\t<\/div>\n\t\t\t\t\t\t<\/div>\n\t\t\t\t<div class=\"elementor-element elementor-element-7df87d8 elementor-widget elementor-widget-heading\" data-id=\"7df87d8\" data-element_type=\"widget\" data-e-type=\"widget\" data-widget_type=\"heading.default\">\n\t\t\t\t\t<h3 class=\"elementor-heading-title elementor-size-default\">Proprietario del sito web, ideazione e realizzazione dei contenuti\n<\/h3>\t\t\t\t<\/div>\n\t\t\t\t<div class=\"elementor-element elementor-element-f6a3512 elementor-widget elementor-widget-text-editor\" data-id=\"f6a3512\" data-element_type=\"widget\" data-e-type=\"widget\" data-widget_type=\"text-editor.default\">\n\t\t\t\t\t\t\t\t\t<p><strong>Max C. Meister AG<\/strong><br>Neugutstrasse 54<br>CH-8600 D\u00fcbendorf<\/p><p><strong>Numero di identificazione dell&#8217;impresa (UID)<\/strong><br>CHE-102.388.276<\/p><p><strong>Marketing:<\/strong><br>Yannick Christoph Meister<\/p><p><strong>Contatto:<br><\/strong><a href=\"mailto:y.meister@mcmeister.com\">y.meister@mcmeister.com<\/a><br>www.mcmeister.ch<br>+41 (0)44 918 70 10<br>+41 (0)44 918 70 11<\/p>\t\t\t\t\t\t\t\t<\/div>\n\t\t\t\t<div class=\"elementor-element elementor-element-6669f8d elementor-widget elementor-widget-spacer\" data-id=\"6669f8d\" data-element_type=\"widget\" data-e-type=\"widget\" data-widget_type=\"spacer.default\">\n\t\t\t\t\t\t\t<div class=\"elementor-spacer\">\n\t\t\t<div class=\"elementor-spacer-inner\"><\/div>\n\t\t<\/div>\n\t\t\t\t\t\t<\/div>\n\t\t\t\t<div class=\"elementor-element elementor-element-3f168b3 elementor-widget elementor-widget-heading\" data-id=\"3f168b3\" data-element_type=\"widget\" data-e-type=\"widget\" data-widget_type=\"heading.default\">\n\t\t\t\t\t<h3 class=\"elementor-heading-title elementor-size-default\">Garanzia<\/h3>\t\t\t\t<\/div>\n\t\t\t\t<div class=\"elementor-element elementor-element-fa5545a elementor-widget elementor-widget-text-editor\" data-id=\"fa5545a\" data-element_type=\"widget\" data-e-type=\"widget\" data-widget_type=\"text-editor.default\">\n\t\t\t\t\t\t\t\t\tMax C. Meister AG si impegna a fornire informazioni il pi\u00f9 possibile corrette e aggiornate. Tuttavia, possono verificarsi degli errori. I contenuti sono stati elaborati con cura, tuttavia autori ed editori non si assumono alcuna responsabilit\u00e0 per la correttezza, l&#8217;affidabilit\u00e0, la completezza e l&#8217;attualit\u00e0 delle informazioni. L&#8217;utilizzo del sito web e delle informazioni in esso contenute avviene a proprio rischio. Le modifiche possono essere apportate in qualsiasi momento.    \n\n\t\t\t\t\t\t\t\t<\/div>\n\t\t\t\t<\/div>\n\t\t\t\t<\/div>\n\t\t\t\t\t<\/div>\n\t\t\t\t<\/div>\n\t\t\t\t<\/div>\n\t\t","protected":false},"excerpt":{"rendered":"<p>Informazioni legali Proprietario del sito web, ideazione e realizzazione dei contenuti Max C. Meister AGNeugutstrasse 54CH-8600 D\u00fcbendorf Numero di identificazione dell&#8217;impresa (UID)CHE-102.388.276 Amministratore delegato:Christoph Werner Meister Contatto:admin@mcmeister.comwww.mcmeister.ch+41 (0)44 918 70 10+41 (0)44 918 70 11 Proprietario del sito web, ideazione e realizzazione dei contenuti Max C. Meister AGNeugutstrasse 54CH-8600 D\u00fcbendorf Numero di identificazione dell&#8217;impresa (UID)CHE-102.388.276 [&hellip;]<\/p>\n","protected":false},"author":1,"featured_media":0,"parent":0,"menu_order":0,"comment_status":"closed","ping_status":"closed","template":"","meta":{"footnotes":""},"class_list":["post-1645","page","type-page","status-publish","hentry"],"_links":{"self":[{"href":"https:\/\/mcmeister.com\/it\/wp-json\/wp\/v2\/pages\/1645","targetHints":{"allow":["GET"]}}],"collection":[{"href":"https:\/\/mcmeister.com\/it\/wp-json\/wp\/v2\/pages"}],"about":[{"href":"https:\/\/mcmeister.com\/it\/wp-json\/wp\/v2\/types\/page"}],"author":[{"embeddable":true,"href":"https:\/\/mcmeister.com\/it\/wp-json\/wp\/v2\/users\/1"}],"replies":[{"embeddable":true,"href":"https:\/\/mcmeister.com\/it\/wp-json\/wp\/v2\/comments?post=1645"}],"version-history":[{"count":2,"href":"https:\/\/mcmeister.com\/it\/wp-json\/wp\/v2\/pages\/1645\/revisions"}],"predecessor-version":[{"id":3460,"href":"https:\/\/mcmeister.com\/it\/wp-json\/wp\/v2\/pages\/1645\/revisions\/3460"}],"wp:attachment":[{"href":"https:\/\/mcmeister.com\/it\/wp-json\/wp\/v2\/media?parent=1645"}],"curies":[{"name":"wp","href":"https:\/\/api.w.org\/{rel}","templated":true}]}}