{"id":1640,"date":"2025-11-13T16:46:35","date_gmt":"2025-11-13T15:46:35","guid":{"rendered":"https:\/\/mcmeister.com\/informativa-sulla-privacy\/"},"modified":"2026-01-08T16:53:29","modified_gmt":"2026-01-08T15:53:29","slug":"informativa-sulla-privacy","status":"publish","type":"page","link":"https:\/\/mcmeister.com\/it\/informativa-sulla-privacy\/","title":{"rendered":"Informativa sulla privacy"},"content":{"rendered":"\t\t<div data-elementor-type=\"wp-page\" data-elementor-id=\"1640\" class=\"elementor elementor-1640 elementor-139\" data-elementor-post-type=\"page\">\n\t\t\t\t<div class=\"elementor-element elementor-element-2f9fb73 e-flex e-con-boxed e-con e-parent\" data-id=\"2f9fb73\" data-element_type=\"container\" data-e-type=\"container\" data-settings=\"{&quot;background_background&quot;:&quot;classic&quot;}\">\n\t\t\t\t\t<div class=\"e-con-inner\">\n\t\t<div class=\"elementor-element elementor-element-1a8fd8c e-con-full e-flex e-con e-child\" data-id=\"1a8fd8c\" data-element_type=\"container\" data-e-type=\"container\">\n\t\t<div class=\"elementor-element elementor-element-1c617c5 e-con-full e-flex e-con e-child\" data-id=\"1c617c5\" data-element_type=\"container\" data-e-type=\"container\">\n\t\t\t\t<div class=\"elementor-element elementor-element-ef23cbd elementor-widget elementor-widget-heading\" data-id=\"ef23cbd\" data-element_type=\"widget\" data-e-type=\"widget\" data-widget_type=\"heading.default\">\n\t\t\t\t\t<h2 class=\"elementor-heading-title elementor-size-default\">Informativa sulla privacy<\/h2>\t\t\t\t<\/div>\n\t\t\t\t<div class=\"elementor-element elementor-element-0ae152a elementor-widget elementor-widget-text-editor\" data-id=\"0ae152a\" data-element_type=\"widget\" data-e-type=\"widget\" data-widget_type=\"text-editor.default\">\n\t\t\t\t\t\t\t\t\t<p>I nostri dettagli di contatto sono disponibili nelle <a href=\"https:\/\/mcmeister.com\/impressum\/\">Note legali<\/a>.<\/p>\t\t\t\t\t\t\t\t<\/div>\n\t\t\t\t<div class=\"elementor-element elementor-element-a649123 elementor-widget elementor-widget-spacer\" data-id=\"a649123\" data-element_type=\"widget\" data-e-type=\"widget\" data-widget_type=\"spacer.default\">\n\t\t\t\t\t\t\t<div class=\"elementor-spacer\">\n\t\t\t<div class=\"elementor-spacer-inner\"><\/div>\n\t\t<\/div>\n\t\t\t\t\t\t<\/div>\n\t\t\t\t<div class=\"elementor-element elementor-element-85f5245 elementor-widget elementor-widget-heading\" data-id=\"85f5245\" data-element_type=\"widget\" data-e-type=\"widget\" data-widget_type=\"heading.default\">\n\t\t\t\t\t<h3 class=\"elementor-heading-title elementor-size-default\">Informazioni di base<\/h3>\t\t\t\t<\/div>\n\t\t\t\t<div class=\"elementor-element elementor-element-d1821de elementor-widget elementor-widget-text-editor\" data-id=\"d1821de\" data-element_type=\"widget\" data-e-type=\"widget\" data-widget_type=\"text-editor.default\">\n\t\t\t\t\t\t\t\t\t<p>Questa informativa sulla privacy ha lo scopo di informare gli utenti di questo sito web sulla natura, l&#8217;ambito e lo scopo della raccolta e dell&#8217;utilizzo dei dati personali da parte del gestore del sito web Max C. Meister AG. Il gestore del sito web prende molto sul serio la protezione dei vostri dati e tratta i vostri dati personali in modo confidenziale e in conformit\u00e0 con le disposizioni di legge. Poich\u00e9 le nuove tecnologie e il continuo sviluppo di questo sito web possono comportare modifiche alla presente informativa sulla privacy, vi consigliamo di rileggerla a intervalli regolari.  <\/p><p>Quando visitate questo sito web, raccogliamo i vostri dati personali solo se ce li fornite voi stessi tramite il nostro modulo di contatto. Questi dati vengono utilizzati esclusivamente per rispondere alla vostra richiesta. <\/p>\t\t\t\t\t\t\t\t<\/div>\n\t\t\t\t<div class=\"elementor-element elementor-element-13a8768 elementor-widget elementor-widget-spacer\" data-id=\"13a8768\" data-element_type=\"widget\" data-e-type=\"widget\" data-widget_type=\"spacer.default\">\n\t\t\t\t\t\t\t<div class=\"elementor-spacer\">\n\t\t\t<div class=\"elementor-spacer-inner\"><\/div>\n\t\t<\/div>\n\t\t\t\t\t\t<\/div>\n\t\t\t\t<div class=\"elementor-element elementor-element-7721456 elementor-widget elementor-widget-heading\" data-id=\"7721456\" data-element_type=\"widget\" data-e-type=\"widget\" data-widget_type=\"heading.default\">\n\t\t\t\t\t<h3 class=\"elementor-heading-title elementor-size-default\">Scopo ed eliminazione dei dati personali\n\n<\/h3>\t\t\t\t<\/div>\n\t\t\t\t<div class=\"elementor-element elementor-element-8f11b92 elementor-widget elementor-widget-heading\" data-id=\"8f11b92\" data-element_type=\"widget\" data-e-type=\"widget\" data-widget_type=\"heading.default\">\n\t\t\t\t\t<h3 class=\"elementor-heading-title elementor-size-default\">Scopo del trattamento dei dati<\/h3>\t\t\t\t<\/div>\n\t\t\t\t<div class=\"elementor-element elementor-element-63162c0 elementor-widget elementor-widget-text-editor\" data-id=\"63162c0\" data-element_type=\"widget\" data-e-type=\"widget\" data-widget_type=\"text-editor.default\">\n\t\t\t\t\t\t\t\t\tIn linea di principio, utilizziamo i dati nell&#8217;ambito del contatto con i clienti e dell&#8217;esecuzione degli ordini. La fornitura della nostra offerta e dei nostri servizi online, nonch\u00e9 il miglioramento degli stessi. I dati vengono utilizzati anche nell&#8217;ambito del nostro marketing.  \t\t\t\t\t\t\t\t<\/div>\n\t\t\t\t<div class=\"elementor-element elementor-element-5fe3fa4 elementor-widget elementor-widget-heading\" data-id=\"5fe3fa4\" data-element_type=\"widget\" data-e-type=\"widget\" data-widget_type=\"heading.default\">\n\t\t\t\t\t<h3 class=\"elementor-heading-title elementor-size-default\">Cancellazione e revoca<\/h3>\t\t\t\t<\/div>\n\t\t\t\t<div class=\"elementor-element elementor-element-241c2d3 elementor-widget elementor-widget-text-editor\" data-id=\"241c2d3\" data-element_type=\"widget\" data-e-type=\"widget\" data-widget_type=\"text-editor.default\">\n\t\t\t\t\t\t\t\t\t<p>I dati raccolti vengono cancellati per uno scopo specifico o memorizzati fino alla revoca, a condizione che non siano soggetti all&#8217;obbligo di conservazione.<\/p><p>Potete contattarci per informazioni e richieste di cancellazione all&#8217;indirizzo <a href=\"mailto:admin@mcmeister.com\">admin@mcmeister.com<\/a>.<\/p>\t\t\t\t\t\t\t\t<\/div>\n\t\t\t\t<div class=\"elementor-element elementor-element-072b322 elementor-widget elementor-widget-spacer\" data-id=\"072b322\" data-element_type=\"widget\" data-e-type=\"widget\" data-widget_type=\"spacer.default\">\n\t\t\t\t\t\t\t<div class=\"elementor-spacer\">\n\t\t\t<div class=\"elementor-spacer-inner\"><\/div>\n\t\t<\/div>\n\t\t\t\t\t\t<\/div>\n\t\t\t\t<div class=\"elementor-element elementor-element-8685604 elementor-widget elementor-widget-heading\" data-id=\"8685604\" data-element_type=\"widget\" data-e-type=\"widget\" data-widget_type=\"heading.default\">\n\t\t\t\t\t<h3 class=\"elementor-heading-title elementor-size-default\">Cookie in generale<\/h3>\t\t\t\t<\/div>\n\t\t\t\t<div class=\"elementor-element elementor-element-b8ce592 elementor-widget elementor-widget-text-editor\" data-id=\"b8ce592\" data-element_type=\"widget\" data-e-type=\"widget\" data-widget_type=\"text-editor.default\">\n\t\t\t\t\t\t\t\t\t<p>Questo sito web utilizza i cookie. I cookie sono piccoli file di testo che vengono memorizzati in modo permanente o temporaneo nel vostro computer quando visitate questo sito web. Lo scopo dei cookie \u00e8 in particolare quello di analizzare l&#8217;utilizzo di questo sito web per la valutazione statistica e per miglioramenti continui. Ma anche l&#8217;ottimizzazione dell&#8217;esperienza dell&#8217;utente fa parte di questo. Vengono utilizzati anche i cosiddetti cookie di terze parti di fornitori terzi come Google Analytics.    <\/p><p>Nel vostro browser potete disattivare i cookie completamente o parzialmente nelle impostazioni in qualsiasi momento. Anche sulla pagina http:\/\/www.youronlinechoices.com\/ch-de\/ troverete diversi consigli su come impedire l&#8217;impostazione dei cookie. Se i cookie sono disattivati, alcune funzioni di questo sito web potrebbero non essere pi\u00f9 disponibili.  <\/p>\t\t\t\t\t\t\t\t<\/div>\n\t\t\t\t<div class=\"elementor-element elementor-element-b9a531a elementor-widget elementor-widget-spacer\" data-id=\"b9a531a\" data-element_type=\"widget\" data-e-type=\"widget\" data-widget_type=\"spacer.default\">\n\t\t\t\t\t\t\t<div class=\"elementor-spacer\">\n\t\t\t<div class=\"elementor-spacer-inner\"><\/div>\n\t\t<\/div>\n\t\t\t\t\t\t<\/div>\n\t\t\t\t<div class=\"elementor-element elementor-element-e94d88a elementor-widget elementor-widget-heading\" data-id=\"e94d88a\" data-element_type=\"widget\" data-e-type=\"widget\" data-widget_type=\"heading.default\">\n\t\t\t\t\t<h3 class=\"elementor-heading-title elementor-size-default\">Contatto\n\n<\/h3>\t\t\t\t<\/div>\n\t\t\t\t<div class=\"elementor-element elementor-element-84c6b6f elementor-widget elementor-widget-text-editor\" data-id=\"84c6b6f\" data-element_type=\"widget\" data-e-type=\"widget\" data-widget_type=\"text-editor.default\">\n\t\t\t\t\t\t\t\t\t<p>Il nostro sito web vi offre la possibilit\u00e0 di contattarci tramite moduli.<\/p><p>Le informazioni fornite vengono memorizzate da noi e utilizzate per elaborare la vostra richiesta. I dati vengono inoltre memorizzati per scopi interni (ad es. valutazione, tracciamento e documentazione) e per un&#8217;eventuale ulteriore presa di contatto (per un&#8217;ulteriore assistenza clienti, follow-up, richiesta di valutazione, ecc.). Per scopi interni, questi dati vengono quindi memorizzati anche dopo la fine della collaborazione. Ci permettiamo, ad esempio, di memorizzare anche le note relative a prese di contatto esplicitamente non desiderate, al fine di evitarle.    <\/p><p>Si prega di non inoltrare informazioni che non volete che noi o altri ricevano. Pertanto, non inviateci dati sensibili, come ad esempio informazioni sulla carta di credito, via e-mail o modulo di contatto, ma telefonicamente. <\/p><p>Se non desiderate utilizzare n\u00e9 il modulo n\u00e9 l&#8217;e-mail, potete contattarci telefonicamente al numero +41 44 918 70 10.<\/p><p>Se desiderate che alcune informazioni vengano cancellate, vi preghiamo di contattarci direttamente via <a href=\"mailto:admin@mcmeister.com\">admin@mcmeister.com<\/a>.<\/p>\t\t\t\t\t\t\t\t<\/div>\n\t\t\t\t<div class=\"elementor-element elementor-element-e90a88e elementor-widget elementor-widget-spacer\" data-id=\"e90a88e\" data-element_type=\"widget\" data-e-type=\"widget\" data-widget_type=\"spacer.default\">\n\t\t\t\t\t\t\t<div class=\"elementor-spacer\">\n\t\t\t<div class=\"elementor-spacer-inner\"><\/div>\n\t\t<\/div>\n\t\t\t\t\t\t<\/div>\n\t\t\t\t<div class=\"elementor-element elementor-element-16d413f elementor-widget elementor-widget-heading\" data-id=\"16d413f\" data-element_type=\"widget\" data-e-type=\"widget\" data-widget_type=\"heading.default\">\n\t\t\t\t\t<h3 class=\"elementor-heading-title elementor-size-default\">Moduli di contatto<\/h3>\t\t\t\t<\/div>\n\t\t\t\t<div class=\"elementor-element elementor-element-dd85a9f elementor-widget elementor-widget-text-editor\" data-id=\"dd85a9f\" data-element_type=\"widget\" data-e-type=\"widget\" data-widget_type=\"text-editor.default\">\n\t\t\t\t\t\t\t\t\t<p>Tutte le informazioni che ci inviate tramite il modulo di contatto o via e-mail vengono elaborate come descritto sopra. I dati inviati includono quelli che trasmettete nei campi obbligatori e facoltativi, nonch\u00e9 nel campo del messaggio. Inoltre, viene memorizzato il vostro indirizzo IP.  <\/p>\t\t\t\t\t\t\t\t<\/div>\n\t\t\t\t<div class=\"elementor-element elementor-element-d793d86 elementor-widget elementor-widget-spacer\" data-id=\"d793d86\" data-element_type=\"widget\" data-e-type=\"widget\" data-widget_type=\"spacer.default\">\n\t\t\t\t\t\t\t<div class=\"elementor-spacer\">\n\t\t\t<div class=\"elementor-spacer-inner\"><\/div>\n\t\t<\/div>\n\t\t\t\t\t\t<\/div>\n\t\t\t\t<div class=\"elementor-element elementor-element-a3c0b98 elementor-widget elementor-widget-heading\" data-id=\"a3c0b98\" data-element_type=\"widget\" data-e-type=\"widget\" data-widget_type=\"heading.default\">\n\t\t\t\t\t<h3 class=\"elementor-heading-title elementor-size-default\">Google<\/h3>\t\t\t\t<\/div>\n\t\t\t\t<div class=\"elementor-element elementor-element-0390478 elementor-widget elementor-widget-heading\" data-id=\"0390478\" data-element_type=\"widget\" data-e-type=\"widget\" data-widget_type=\"heading.default\">\n\t\t\t\t\t<h4 class=\"elementor-heading-title elementor-size-default\">Google Analytics<\/h4>\t\t\t\t<\/div>\n\t\t\t\t<div class=\"elementor-element elementor-element-4af6618 elementor-widget elementor-widget-text-editor\" data-id=\"4af6618\" data-element_type=\"widget\" data-e-type=\"widget\" data-widget_type=\"text-editor.default\">\n\t\t\t\t\t\t\t\t\t<p>Questo sito web utilizza Google Analytics, un servizio di analisi web fornito da Google Inc., 1600 Amphitheatre Parkway, Mountain View, CA 94043, USA. Google Analytics utilizza i cosiddetti \u00abcookie\u00bb, ovvero file di testo che vengono memorizzati sul vostro computer e che consentono di analizzare l&#8217;utilizzo del sito web da parte vostra.<\/p><p>Google utilizza queste informazioni per valutare il vostro utilizzo del sito web per conto del gestore di questo sito web, per compilare report sulle attivit\u00e0 del sito web e per fornire altri servizi relativi all&#8217;utilizzo del sito web e all&#8217;utilizzo di Internet al gestore del sito web. L&#8217;indirizzo IP trasmesso dal vostro browser nell&#8217;ambito di Google Analytics non viene unito ad altri dati di Google. <\/p><p>Potete impedire la memorizzazione dei cookie o cancellarli di nuovo tramite un&#8217;impostazione corrispondente nel vostro browser.<\/p>\t\t\t\t\t\t\t\t<\/div>\n\t\t\t\t<div class=\"elementor-element elementor-element-f32a8ce elementor-widget elementor-widget-heading\" data-id=\"f32a8ce\" data-element_type=\"widget\" data-e-type=\"widget\" data-widget_type=\"heading.default\">\n\t\t\t\t\t<h4 class=\"elementor-heading-title elementor-size-default\">Google Maps<\/h4>\t\t\t\t<\/div>\n\t\t\t\t<div class=\"elementor-element elementor-element-1e78edf elementor-widget elementor-widget-text-editor\" data-id=\"1e78edf\" data-element_type=\"widget\" data-e-type=\"widget\" data-widget_type=\"text-editor.default\">\n\t\t\t\t\t\t\t\t\t<p>Questo sito web utilizza il prodotto Google Maps di Google Inc. per mostrarvi mappe dei luoghi e per fornirvi il link rapido a Google Maps, ad esempio per un&#8217;ulteriore pianificazione del percorso (miglioramento dell&#8217;esperienza dell&#8217;utente).<\/p><p>Google Maps raccoglie, ad esempio, l&#8217;indirizzo IP o le informazioni sulla posizione e le elabora. Utilizzando questo sito web, acconsentite alla raccolta, all&#8217;elaborazione e all&#8217;utilizzo dei dati raccolti automaticamente da Google Inc., dai suoi rappresentanti e da terzi.<\/p><p>Le condizioni d&#8217;uso di Google Maps sono disponibili alla voce \u201c<a href=\"https:\/\/www.google.com\/intl\/de_de\/help\/terms_maps\/\" target=\"_blank\" rel=\"noopener\">Condizioni d&#8217;uso di Google Maps<\/a>\u201d ovvero le <a href=\"https:\/\/policies.google.com\/privacy?hl=de\" target=\"_blank\" rel=\"noopener\">Condizioni d&#8217;uso di Google<\/a> stesse. Nel vostro browser o nelle impostazioni del vostro dispositivo mobile potete impostare diverse impostazioni sulla privacy, ad esempio anche per la localizzazione.  <\/p><p> <\/p>\t\t\t\t\t\t\t\t<\/div>\n\t\t\t\t<div class=\"elementor-element elementor-element-935e537 elementor-widget elementor-widget-spacer\" data-id=\"935e537\" data-element_type=\"widget\" data-e-type=\"widget\" data-widget_type=\"spacer.default\">\n\t\t\t\t\t\t\t<div class=\"elementor-spacer\">\n\t\t\t<div class=\"elementor-spacer-inner\"><\/div>\n\t\t<\/div>\n\t\t\t\t\t\t<\/div>\n\t\t\t\t<div class=\"elementor-element elementor-element-069d7ab elementor-widget elementor-widget-heading\" data-id=\"069d7ab\" data-element_type=\"widget\" data-e-type=\"widget\" data-widget_type=\"heading.default\">\n\t\t\t\t\t<h3 class=\"elementor-heading-title elementor-size-default\">Elaborazione dei dati relativi all'attivit\u00e0 commerciale\n<\/h3>\t\t\t\t<\/div>\n\t\t\t\t<div class=\"elementor-element elementor-element-bca9250 elementor-widget elementor-widget-text-editor\" data-id=\"bca9250\" data-element_type=\"widget\" data-e-type=\"widget\" data-widget_type=\"text-editor.default\">\n\t\t\t\t\t\t\t\t\t<p>Nell&#8217;ambito della nostra attivit\u00e0 commerciale, elaboriamo inoltre dati contrattuali, dati di pagamento, ecc. necessari per una collaborazione senza problemi con i nostri clienti e i nostri servizi.<\/p><p>I dati vengono inoltre utilizzati per scopi interni (valutazioni, analisi, scopi di marketing, servizio, assistenza clienti, ecc.). Ci\u00f2 include anche l&#8217;elaborazione nell&#8217;ambito dell&#8217;amministrazione, dell&#8217;organizzazione, della contabilit\u00e0 finanziaria e allo scopo di un&#8217;archiviazione sicura. <\/p><p>Le informazioni su clienti, fornitori, partner, ecc. \u2013 che sono principalmente dati relativi all&#8217;azienda \u2013 vengono generalmente memorizzate in modo permanente.<\/p><p>In questo contesto, i dati vengono eventualmente inoltrati a fiduciari, revisori dei conti, ecc. o viene concesso l&#8217;accesso.<\/p>\t\t\t\t\t\t\t\t<\/div>\n\t\t\t\t<div class=\"elementor-element elementor-element-edd92bd elementor-widget elementor-widget-spacer\" data-id=\"edd92bd\" data-element_type=\"widget\" data-e-type=\"widget\" data-widget_type=\"spacer.default\">\n\t\t\t\t\t\t\t<div class=\"elementor-spacer\">\n\t\t\t<div class=\"elementor-spacer-inner\"><\/div>\n\t\t<\/div>\n\t\t\t\t\t\t<\/div>\n\t\t\t\t<div class=\"elementor-element elementor-element-7fd6f36 elementor-widget elementor-widget-heading\" data-id=\"7fd6f36\" data-element_type=\"widget\" data-e-type=\"widget\" data-widget_type=\"heading.default\">\n\t\t\t\t\t<h3 class=\"elementor-heading-title elementor-size-default\">Diritti dell'utente<\/h3>\t\t\t\t<\/div>\n\t\t\t\t<div class=\"elementor-element elementor-element-06a8178 elementor-widget elementor-widget-text-editor\" data-id=\"06a8178\" data-element_type=\"widget\" data-e-type=\"widget\" data-widget_type=\"text-editor.default\">\n\t\t\t\t\t\t\t\t\t<p>In qualit\u00e0 di utente, avete il diritto di ottenere gratuitamente, su richiesta, informazioni sui dati personali memorizzati su di voi. Avete inoltre il diritto di correggere i dati errati e di limitare o cancellare i vostri dati personali. Se applicabile, potete anche far valere il vostro diritto alla portabilit\u00e0 dei dati. Se ritenete che i vostri dati siano stati elaborati illegalmente, potete presentare un reclamo all&#8217;autorit\u00e0 di controllo competente.   <\/p>\t\t\t\t\t\t\t\t<\/div>\n\t\t\t\t<div class=\"elementor-element elementor-element-95985c8 elementor-widget elementor-widget-spacer\" data-id=\"95985c8\" data-element_type=\"widget\" data-e-type=\"widget\" data-widget_type=\"spacer.default\">\n\t\t\t\t\t\t\t<div class=\"elementor-spacer\">\n\t\t\t<div class=\"elementor-spacer-inner\"><\/div>\n\t\t<\/div>\n\t\t\t\t\t\t<\/div>\n\t\t\t\t<div class=\"elementor-element elementor-element-4fc50fd elementor-widget elementor-widget-heading\" data-id=\"4fc50fd\" data-element_type=\"widget\" data-e-type=\"widget\" data-widget_type=\"heading.default\">\n\t\t\t\t\t<h3 class=\"elementor-heading-title elementor-size-default\">Cancellazione dei dati<\/h3>\t\t\t\t<\/div>\n\t\t\t\t<div class=\"elementor-element elementor-element-bffe974 elementor-widget elementor-widget-text-editor\" data-id=\"bffe974\" data-element_type=\"widget\" data-e-type=\"widget\" data-widget_type=\"text-editor.default\">\n\t\t\t\t\t\t\t\t\t<p>A condizione che il vostro desiderio non sia in conflitto con un obbligo legale di conservazione dei dati (ad es. conservazione dei dati), avete il diritto di cancellare i vostri dati. I dati memorizzati da noi vengono cancellati se non sono pi\u00f9 necessari per lo scopo previsto e non ci sono termini di conservazione legali.<br>Se una cancellazione non pu\u00f2 essere effettuata perch\u00e9 i dati sono necessari per scopi legali ammissibili, viene effettuata una limitazione del trattamento dei dati. In questo caso, i dati vengono bloccati e non elaborati per altri scopi.  <\/p>\t\t\t\t\t\t\t\t<\/div>\n\t\t\t\t<\/div>\n\t\t\t\t<\/div>\n\t\t\t\t\t<\/div>\n\t\t\t\t<\/div>\n\t\t\t\t<\/div>\n\t\t","protected":false},"excerpt":{"rendered":"<p>Informativa sulla privacy I nostri dettagli di contatto sono disponibili nelle Note legali. Informazioni di base Questa informativa sulla privacy ha lo scopo di informare gli utenti di questo sito web sulla natura, l&#8217;ambito e lo scopo della raccolta e dell&#8217;utilizzo dei dati personali da parte del gestore del sito web Max C. Meister AG. [&hellip;]<\/p>\n","protected":false},"author":1,"featured_media":0,"parent":0,"menu_order":0,"comment_status":"closed","ping_status":"closed","template":"","meta":{"footnotes":""},"class_list":["post-1640","page","type-page","status-publish","hentry"],"_links":{"self":[{"href":"https:\/\/mcmeister.com\/it\/wp-json\/wp\/v2\/pages\/1640","targetHints":{"allow":["GET"]}}],"collection":[{"href":"https:\/\/mcmeister.com\/it\/wp-json\/wp\/v2\/pages"}],"about":[{"href":"https:\/\/mcmeister.com\/it\/wp-json\/wp\/v2\/types\/page"}],"author":[{"embeddable":true,"href":"https:\/\/mcmeister.com\/it\/wp-json\/wp\/v2\/users\/1"}],"replies":[{"embeddable":true,"href":"https:\/\/mcmeister.com\/it\/wp-json\/wp\/v2\/comments?post=1640"}],"version-history":[{"count":2,"href":"https:\/\/mcmeister.com\/it\/wp-json\/wp\/v2\/pages\/1640\/revisions"}],"predecessor-version":[{"id":3464,"href":"https:\/\/mcmeister.com\/it\/wp-json\/wp\/v2\/pages\/1640\/revisions\/3464"}],"wp:attachment":[{"href":"https:\/\/mcmeister.com\/it\/wp-json\/wp\/v2\/media?parent=1640"}],"curies":[{"name":"wp","href":"https:\/\/api.w.org\/{rel}","templated":true}]}}