{"id":1613,"date":"2025-11-13T16:48:33","date_gmt":"2025-11-13T15:48:33","guid":{"rendered":"https:\/\/mcmeister.com\/i-nostri-servizi\/"},"modified":"2026-04-27T13:29:42","modified_gmt":"2026-04-27T11:29:42","slug":"i-nostri-servizi","status":"publish","type":"page","link":"https:\/\/mcmeister.com\/it\/i-nostri-servizi\/","title":{"rendered":"I nostri servizi"},"content":{"rendered":"\t\t<div data-elementor-type=\"wp-page\" data-elementor-id=\"1613\" class=\"elementor elementor-1613 elementor-149\" data-elementor-post-type=\"page\">\n\t\t\t\t<div class=\"elementor-element elementor-element-7b3db408 e-flex e-con-boxed e-con e-parent\" data-id=\"7b3db408\" data-element_type=\"container\" data-e-type=\"container\" data-settings=\"{&quot;background_background&quot;:&quot;classic&quot;}\">\n\t\t\t\t\t<div class=\"e-con-inner\">\n\t\t<div class=\"elementor-element elementor-element-3a483e2b e-con-full e-flex e-con e-child\" data-id=\"3a483e2b\" data-element_type=\"container\" data-e-type=\"container\">\n\t\t<div class=\"elementor-element elementor-element-41d5cec4 e-con-full e-flex e-con e-child\" data-id=\"41d5cec4\" data-element_type=\"container\" data-e-type=\"container\">\n\t\t\t\t<div class=\"elementor-element elementor-element-17f4fabc elementor-widget elementor-widget-heading\" data-id=\"17f4fabc\" data-element_type=\"widget\" data-e-type=\"widget\" data-widget_type=\"heading.default\">\n\t\t\t\t\t<h1 class=\"elementor-heading-title elementor-size-default\">I nostri servizi<\/h1>\t\t\t\t<\/div>\n\t\t\t\t<div class=\"elementor-element elementor-element-b3a88b8 elementor-widget elementor-widget-text-editor\" data-id=\"b3a88b8\" data-element_type=\"widget\" data-e-type=\"widget\" data-widget_type=\"text-editor.default\">\n\t\t\t\t\t\t\t\t\t<p>La soddisfazione del cliente \u00e8 la nostra massima priorit\u00e0. Pertanto, i nostri tecnici sono lieti di assistervi con la manutenzione o eventuali riparazioni, garantendo la qualit\u00e0 svizzera.<\/p><p> <\/p>\t\t\t\t\t\t\t\t<\/div>\n\t\t<div class=\"elementor-element elementor-element-17c01a39 e-con-full e-flex e-con e-child\" data-id=\"17c01a39\" data-element_type=\"container\" data-e-type=\"container\">\n\t\t\t\t<div class=\"elementor-element elementor-element-3f158f79 elementor-align-center elementor-widget elementor-widget-button\" data-id=\"3f158f79\" data-element_type=\"widget\" data-e-type=\"widget\" data-widget_type=\"button.default\">\n\t\t\t\t\t\t\t\t\t\t<a class=\"elementor-button elementor-button-link elementor-size-sm\" href=\"#\">\n\t\t\t\t\t\t<span class=\"elementor-button-content-wrapper\">\n\t\t\t\t\t\t\t\t\t<span class=\"elementor-button-text\">Contattateci<\/span>\n\t\t\t\t\t<\/span>\n\t\t\t\t\t<\/a>\n\t\t\t\t\t\t\t\t<\/div>\n\t\t\t\t<\/div>\n\t\t\t\t<\/div>\n\t\t\t\t<\/div>\n\t\t<div class=\"elementor-element elementor-element-6692c1dc e-con-full e-flex e-con e-child\" data-id=\"6692c1dc\" data-element_type=\"container\" data-e-type=\"container\" data-settings=\"{&quot;background_background&quot;:&quot;classic&quot;}\">\n\t\t<div class=\"elementor-element elementor-element-f583acf e-con-full e-flex e-con e-child\" data-id=\"f583acf\" data-element_type=\"container\" data-e-type=\"container\">\n\t\t\t\t<div class=\"elementor-element elementor-element-5caed89a elementor-widget elementor-widget-image\" data-id=\"5caed89a\" data-element_type=\"widget\" data-e-type=\"widget\" data-widget_type=\"image.default\">\n\t\t\t\t\t\t\t\t\t\t\t\t\t\t\t<img fetchpriority=\"high\" decoding=\"async\" width=\"800\" height=\"534\" src=\"https:\/\/mcmeister.com\/wp-content\/uploads\/2025\/11\/Unser-Service-1024x683.webp\" class=\"attachment-large size-large wp-image-1569\" alt=\"\" srcset=\"https:\/\/mcmeister.com\/wp-content\/uploads\/2025\/11\/Unser-Service-1024x683.webp 1024w, https:\/\/mcmeister.com\/wp-content\/uploads\/2025\/11\/Unser-Service-300x200.webp 300w, https:\/\/mcmeister.com\/wp-content\/uploads\/2025\/11\/Unser-Service-768x512.webp 768w, https:\/\/mcmeister.com\/wp-content\/uploads\/2025\/11\/Unser-Service-1536x1024.webp 1536w, https:\/\/mcmeister.com\/wp-content\/uploads\/2025\/11\/Unser-Service.webp 1875w\" sizes=\"(max-width: 800px) 100vw, 800px\" \/>\t\t\t\t\t\t\t\t\t\t\t\t\t\t\t<\/div>\n\t\t\t\t<\/div>\n\t\t\t\t<\/div>\n\t\t\t\t\t<\/div>\n\t\t\t\t<\/div>\n\t\t\t\t<\/div>\n\t\t","protected":false},"excerpt":{"rendered":"<p>I nostri servizi La soddisfazione del cliente \u00e8 la nostra massima priorit\u00e0. Pertanto, i nostri tecnici sono lieti di assistervi con la manutenzione o eventuali riparazioni, garantendo la qualit\u00e0 svizzera. Contattateci<\/p>\n","protected":false},"author":1,"featured_media":0,"parent":0,"menu_order":0,"comment_status":"closed","ping_status":"closed","template":"","meta":{"footnotes":""},"class_list":["post-1613","page","type-page","status-publish","hentry"],"_links":{"self":[{"href":"https:\/\/mcmeister.com\/it\/wp-json\/wp\/v2\/pages\/1613","targetHints":{"allow":["GET"]}}],"collection":[{"href":"https:\/\/mcmeister.com\/it\/wp-json\/wp\/v2\/pages"}],"about":[{"href":"https:\/\/mcmeister.com\/it\/wp-json\/wp\/v2\/types\/page"}],"author":[{"embeddable":true,"href":"https:\/\/mcmeister.com\/it\/wp-json\/wp\/v2\/users\/1"}],"replies":[{"embeddable":true,"href":"https:\/\/mcmeister.com\/it\/wp-json\/wp\/v2\/comments?post=1613"}],"version-history":[{"count":2,"href":"https:\/\/mcmeister.com\/it\/wp-json\/wp\/v2\/pages\/1613\/revisions"}],"predecessor-version":[{"id":6778,"href":"https:\/\/mcmeister.com\/it\/wp-json\/wp\/v2\/pages\/1613\/revisions\/6778"}],"wp:attachment":[{"href":"https:\/\/mcmeister.com\/it\/wp-json\/wp\/v2\/media?parent=1613"}],"curies":[{"name":"wp","href":"https:\/\/api.w.org\/{rel}","templated":true}]}}