{"id":1597,"date":"2025-11-26T11:02:47","date_gmt":"2025-11-26T10:02:47","guid":{"rendered":"https:\/\/mcmeister.com\/tecnologia-di-sicurezza\/"},"modified":"2026-03-31T11:31:17","modified_gmt":"2026-03-31T09:31:17","slug":"tecnologia-di-sicurezza","status":"publish","type":"page","link":"https:\/\/mcmeister.com\/it\/tecnologia-di-sicurezza\/","title":{"rendered":"Tech sicurezza"},"content":{"rendered":"\t\t<div data-elementor-type=\"wp-page\" data-elementor-id=\"1597\" class=\"elementor elementor-1597 elementor-402\" data-elementor-post-type=\"page\">\n\t\t\t\t<div class=\"elementor-element elementor-element-3bfce22 e-flex e-con-boxed e-con e-parent\" data-id=\"3bfce22\" data-element_type=\"container\" data-e-type=\"container\" data-settings=\"{&quot;background_background&quot;:&quot;classic&quot;}\">\n\t\t\t\t\t<div class=\"e-con-inner\">\n\t\t<div class=\"elementor-element elementor-element-6493f7a e-con-full e-flex e-con e-child\" data-id=\"6493f7a\" data-element_type=\"container\" data-e-type=\"container\">\n\t\t<div class=\"elementor-element elementor-element-51efca1 e-con-full e-flex e-con e-child\" data-id=\"51efca1\" data-element_type=\"container\" data-e-type=\"container\">\n\t\t\t\t<div class=\"elementor-element elementor-element-a5fe452 elementor-widget elementor-widget-heading\" data-id=\"a5fe452\" data-element_type=\"widget\" data-e-type=\"widget\" data-widget_type=\"heading.default\">\n\t\t\t\t\t<h1 class=\"elementor-heading-title elementor-size-default\">Tech sicurezza<\/h1>\t\t\t\t<\/div>\n\t\t\t\t<div class=\"elementor-element elementor-element-8869a4e elementor-widget elementor-widget-text-editor\" data-id=\"8869a4e\" data-element_type=\"widget\" data-e-type=\"widget\" data-widget_type=\"text-editor.default\">\n\t\t\t\t\t\t\t\t\t<p>Max C. Meister AG ti offre un portafoglio completo di soluzioni moderne e innovative nel campo della tecnologia di sicurezza (SEC). La nostra gamma comprende sei categorie principali: dai sistemi a raggi X (X-Ray) e metal detector (WTMD) ai rilevatori di esplosivi e droghe, fino al rilevamento del battito cardiaco, ai sistemi di contromisure contro intercettazioni e telefoni, nonch\u00e9 a dispositivi di misurazione della temperatura e ad altre soluzioni di sicurezza specializzate. <\/p>\t\t\t\t\t\t\t\t<\/div>\n\t\t\t\t<\/div>\n\t\t\t\t<\/div>\n\t\t<div class=\"elementor-element elementor-element-a723082 e-con-full e-flex e-con e-child\" data-id=\"a723082\" data-element_type=\"container\" data-e-type=\"container\" data-settings=\"{&quot;background_background&quot;:&quot;classic&quot;}\">\n\t\t<div class=\"elementor-element elementor-element-53da6b3 e-con-full e-flex e-con e-child\" data-id=\"53da6b3\" data-element_type=\"container\" data-e-type=\"container\">\n\t\t\t\t<div class=\"elementor-element elementor-element-6e3f861 elementor-widget elementor-widget-image\" data-id=\"6e3f861\" data-element_type=\"widget\" data-e-type=\"widget\" data-widget_type=\"image.default\">\n\t\t\t\t\t\t\t\t\t\t\t\t\t\t\t<img fetchpriority=\"high\" decoding=\"async\" width=\"800\" height=\"534\" src=\"https:\/\/mcmeister.com\/wp-content\/uploads\/2025\/11\/Sicherheitstechnik-1024x683.webp\" class=\"attachment-large size-large wp-image-1570\" alt=\"\" srcset=\"https:\/\/mcmeister.com\/wp-content\/uploads\/2025\/11\/Sicherheitstechnik-1024x683.webp 1024w, https:\/\/mcmeister.com\/wp-content\/uploads\/2025\/11\/Sicherheitstechnik-300x200.webp 300w, https:\/\/mcmeister.com\/wp-content\/uploads\/2025\/11\/Sicherheitstechnik-768x512.webp 768w, https:\/\/mcmeister.com\/wp-content\/uploads\/2025\/11\/Sicherheitstechnik-1536x1024.webp 1536w, https:\/\/mcmeister.com\/wp-content\/uploads\/2025\/11\/Sicherheitstechnik.webp 1875w\" sizes=\"(max-width: 800px) 100vw, 800px\" \/>\t\t\t\t\t\t\t\t\t\t\t\t\t\t\t<\/div>\n\t\t\t\t<\/div>\n\t\t\t\t<\/div>\n\t\t\t\t\t<\/div>\n\t\t\t\t<\/div>\n\t\t<div class=\"elementor-element elementor-element-d2b6bf2 e-flex e-con-boxed e-con e-parent\" data-id=\"d2b6bf2\" data-element_type=\"container\" data-e-type=\"container\">\n\t\t\t\t\t<div class=\"e-con-inner\">\n\t\t<div class=\"elementor-element elementor-element-8ebc64d e-con-full e-flex e-con e-child\" data-id=\"8ebc64d\" data-element_type=\"container\" data-e-type=\"container\">\n\t\t<div class=\"elementor-element elementor-element-cd07f72 e-con-full e-flex e-con e-child\" data-id=\"cd07f72\" data-element_type=\"container\" data-e-type=\"container\">\n\t\t\t\t<div class=\"elementor-element elementor-element-41a0f20 elementor-widget elementor-widget-image\" data-id=\"41a0f20\" data-element_type=\"widget\" data-e-type=\"widget\" data-widget_type=\"image.default\">\n\t\t\t\t\t\t\t\t\t\t\t\t\t\t\t<img decoding=\"async\" width=\"750\" height=\"903\" src=\"https:\/\/mcmeister.com\/wp-content\/uploads\/2026\/03\/Roentgensysteme.webp\" class=\"attachment-large size-large wp-image-5056\" alt=\"\" srcset=\"https:\/\/mcmeister.com\/wp-content\/uploads\/2026\/03\/Roentgensysteme.webp 750w, https:\/\/mcmeister.com\/wp-content\/uploads\/2026\/03\/Roentgensysteme-249x300.webp 249w\" sizes=\"(max-width: 750px) 100vw, 750px\" \/>\t\t\t\t\t\t\t\t\t\t\t\t\t\t\t<\/div>\n\t\t\t\t<div class=\"elementor-element elementor-element-d17686b elementor-widget elementor-widget-heading\" data-id=\"d17686b\" data-element_type=\"widget\" data-e-type=\"widget\" data-widget_type=\"heading.default\">\n\t\t\t\t\t<h4 class=\"elementor-heading-title elementor-size-default\">Apparecchiature a raggi X<\/h4>\t\t\t\t<\/div>\n\t\t\t\t<div class=\"elementor-element elementor-element-713391c elementor-widget-divider--view-line elementor-widget elementor-widget-divider\" data-id=\"713391c\" data-element_type=\"widget\" data-e-type=\"widget\" data-widget_type=\"divider.default\">\n\t\t\t\t\t\t\t<div class=\"elementor-divider\">\n\t\t\t<span class=\"elementor-divider-separator\">\n\t\t\t\t\t\t<\/span>\n\t\t<\/div>\n\t\t\t\t\t\t<\/div>\n\t\t\t\t<\/div>\n\t\t\t\t<div class=\"elementor-element elementor-element-03444b8 elementor-widget elementor-widget-button\" data-id=\"03444b8\" data-element_type=\"widget\" data-e-type=\"widget\" data-widget_type=\"button.default\">\n\t\t\t\t\t\t\t\t\t\t<a class=\"elementor-button elementor-button-link elementor-size-sm\" href=\"https:\/\/mcmeister.com\/it\/tecnologia-di-sicurezza\/sistemi-a-raggi-x-x-ray\/\">\n\t\t\t\t\t\t<span class=\"elementor-button-content-wrapper\">\n\t\t\t\t\t\t<span class=\"elementor-button-icon\">\n\t\t\t\t<svg xmlns=\"http:\/\/www.w3.org\/2000\/svg\" height=\"24px\" viewBox=\"0 -960 960 960\" width=\"24px\" fill=\"#000000\"><path d=\"m440-200 137-240H80v-80h497L440-760l440 280-440 280Z\"><\/path><\/svg>\t\t\t<\/span>\n\t\t\t\t\t\t\t\t\t<span class=\"elementor-button-text\">Panoramica<\/span>\n\t\t\t\t\t<\/span>\n\t\t\t\t\t<\/a>\n\t\t\t\t\t\t\t\t<\/div>\n\t\t\t\t<\/div>\n\t\t<div class=\"elementor-element elementor-element-510fc7c e-con-full e-flex e-con e-child\" data-id=\"510fc7c\" data-element_type=\"container\" data-e-type=\"container\">\n\t\t<div class=\"elementor-element elementor-element-229faee e-con-full e-flex e-con e-child\" data-id=\"229faee\" data-element_type=\"container\" data-e-type=\"container\">\n\t\t\t\t<div class=\"elementor-element elementor-element-70638e0 elementor-widget elementor-widget-image\" data-id=\"70638e0\" data-element_type=\"widget\" data-e-type=\"widget\" data-widget_type=\"image.default\">\n\t\t\t\t\t\t\t\t\t\t\t\t\t\t\t<img decoding=\"async\" width=\"500\" height=\"602\" src=\"https:\/\/mcmeister.com\/wp-content\/uploads\/2026\/03\/Metalldetektoren-1.webp\" class=\"attachment-large size-large wp-image-5059\" alt=\"\" srcset=\"https:\/\/mcmeister.com\/wp-content\/uploads\/2026\/03\/Metalldetektoren-1.webp 500w, https:\/\/mcmeister.com\/wp-content\/uploads\/2026\/03\/Metalldetektoren-1-249x300.webp 249w\" sizes=\"(max-width: 500px) 100vw, 500px\" \/>\t\t\t\t\t\t\t\t\t\t\t\t\t\t\t<\/div>\n\t\t\t\t<div class=\"elementor-element elementor-element-42b48c2 elementor-widget elementor-widget-heading\" data-id=\"42b48c2\" data-element_type=\"widget\" data-e-type=\"widget\" data-widget_type=\"heading.default\">\n\t\t\t\t\t<h4 class=\"elementor-heading-title elementor-size-default\">Metal detector<\/h4>\t\t\t\t<\/div>\n\t\t\t\t<div class=\"elementor-element elementor-element-761d868 elementor-widget-divider--view-line elementor-widget elementor-widget-divider\" data-id=\"761d868\" data-element_type=\"widget\" data-e-type=\"widget\" data-widget_type=\"divider.default\">\n\t\t\t\t\t\t\t<div class=\"elementor-divider\">\n\t\t\t<span class=\"elementor-divider-separator\">\n\t\t\t\t\t\t<\/span>\n\t\t<\/div>\n\t\t\t\t\t\t<\/div>\n\t\t\t\t<\/div>\n\t\t\t\t<div class=\"elementor-element elementor-element-4103104 elementor-widget elementor-widget-button\" data-id=\"4103104\" data-element_type=\"widget\" data-e-type=\"widget\" data-widget_type=\"button.default\">\n\t\t\t\t\t\t\t\t\t\t<a class=\"elementor-button elementor-button-link elementor-size-sm\" href=\"https:\/\/mcmeister.com\/it\/tecnologia-di-sicurezza\/rivelatori-di-metalli-wtmd\/\">\n\t\t\t\t\t\t<span class=\"elementor-button-content-wrapper\">\n\t\t\t\t\t\t<span class=\"elementor-button-icon\">\n\t\t\t\t<svg xmlns=\"http:\/\/www.w3.org\/2000\/svg\" height=\"24px\" viewBox=\"0 -960 960 960\" width=\"24px\" fill=\"#000000\"><path d=\"m440-200 137-240H80v-80h497L440-760l440 280-440 280Z\"><\/path><\/svg>\t\t\t<\/span>\n\t\t\t\t\t\t\t\t\t<span class=\"elementor-button-text\">Panoramica<\/span>\n\t\t\t\t\t<\/span>\n\t\t\t\t\t<\/a>\n\t\t\t\t\t\t\t\t<\/div>\n\t\t\t\t<\/div>\n\t\t<div class=\"elementor-element elementor-element-4e57703 e-con-full e-flex e-con e-child\" data-id=\"4e57703\" data-element_type=\"container\" data-e-type=\"container\">\n\t\t<div class=\"elementor-element elementor-element-5d9796a e-con-full e-flex e-con e-child\" data-id=\"5d9796a\" data-element_type=\"container\" data-e-type=\"container\">\n\t\t\t\t<div class=\"elementor-element elementor-element-aa753f7 elementor-widget elementor-widget-image\" data-id=\"aa753f7\" data-element_type=\"widget\" data-e-type=\"widget\" data-widget_type=\"image.default\">\n\t\t\t\t\t\t\t\t\t\t\t\t\t\t\t<img loading=\"lazy\" decoding=\"async\" width=\"500\" height=\"602\" src=\"https:\/\/mcmeister.com\/wp-content\/uploads\/2026\/03\/Sprengstoffdetektoren.webp\" class=\"attachment-large size-large wp-image-5060\" alt=\"\" srcset=\"https:\/\/mcmeister.com\/wp-content\/uploads\/2026\/03\/Sprengstoffdetektoren.webp 500w, https:\/\/mcmeister.com\/wp-content\/uploads\/2026\/03\/Sprengstoffdetektoren-249x300.webp 249w\" sizes=\"(max-width: 500px) 100vw, 500px\" \/>\t\t\t\t\t\t\t\t\t\t\t\t\t\t\t<\/div>\n\t\t\t\t<div class=\"elementor-element elementor-element-197957d elementor-widget elementor-widget-heading\" data-id=\"197957d\" data-element_type=\"widget\" data-e-type=\"widget\" data-widget_type=\"heading.default\">\n\t\t\t\t\t<h4 class=\"elementor-heading-title elementor-size-default\">Rilevatori di esplosivi e droghe<\/h4>\t\t\t\t<\/div>\n\t\t\t\t<div class=\"elementor-element elementor-element-78f2859 elementor-widget-divider--view-line elementor-widget elementor-widget-divider\" data-id=\"78f2859\" data-element_type=\"widget\" data-e-type=\"widget\" data-widget_type=\"divider.default\">\n\t\t\t\t\t\t\t<div class=\"elementor-divider\">\n\t\t\t<span class=\"elementor-divider-separator\">\n\t\t\t\t\t\t<\/span>\n\t\t<\/div>\n\t\t\t\t\t\t<\/div>\n\t\t\t\t<\/div>\n\t\t\t\t<div class=\"elementor-element elementor-element-ab13726 elementor-widget elementor-widget-button\" data-id=\"ab13726\" data-element_type=\"widget\" data-e-type=\"widget\" data-widget_type=\"button.default\">\n\t\t\t\t\t\t\t\t\t\t<a class=\"elementor-button elementor-button-link elementor-size-sm\" href=\"https:\/\/mcmeister.com\/it\/tecnologia-di-sicurezza\/rivelatori-di-esplosivi\/\">\n\t\t\t\t\t\t<span class=\"elementor-button-content-wrapper\">\n\t\t\t\t\t\t<span class=\"elementor-button-icon\">\n\t\t\t\t<svg xmlns=\"http:\/\/www.w3.org\/2000\/svg\" height=\"24px\" viewBox=\"0 -960 960 960\" width=\"24px\" fill=\"#000000\"><path d=\"m440-200 137-240H80v-80h497L440-760l440 280-440 280Z\"><\/path><\/svg>\t\t\t<\/span>\n\t\t\t\t\t\t\t\t\t<span class=\"elementor-button-text\">Panoramica<\/span>\n\t\t\t\t\t<\/span>\n\t\t\t\t\t<\/a>\n\t\t\t\t\t\t\t\t<\/div>\n\t\t\t\t<\/div>\n\t\t<div class=\"elementor-element elementor-element-43be3a1 e-con-full e-flex e-con e-child\" data-id=\"43be3a1\" data-element_type=\"container\" data-e-type=\"container\">\n\t\t<div class=\"elementor-element elementor-element-7aff612 e-con-full e-flex e-con e-child\" data-id=\"7aff612\" data-element_type=\"container\" data-e-type=\"container\">\n\t\t\t\t<div class=\"elementor-element elementor-element-73e3de9 elementor-widget elementor-widget-image\" data-id=\"73e3de9\" data-element_type=\"widget\" data-e-type=\"widget\" data-widget_type=\"image.default\">\n\t\t\t\t\t\t\t\t\t\t\t\t\t\t\t<img loading=\"lazy\" decoding=\"async\" width=\"750\" height=\"903\" src=\"https:\/\/mcmeister.com\/wp-content\/uploads\/2026\/03\/Herzschlagdetektor.jpg\" class=\"attachment-large size-large wp-image-5055\" alt=\"\" srcset=\"https:\/\/mcmeister.com\/wp-content\/uploads\/2026\/03\/Herzschlagdetektor.jpg 750w, https:\/\/mcmeister.com\/wp-content\/uploads\/2026\/03\/Herzschlagdetektor-249x300.jpg 249w\" sizes=\"(max-width: 750px) 100vw, 750px\" \/>\t\t\t\t\t\t\t\t\t\t\t\t\t\t\t<\/div>\n\t\t\t\t<div class=\"elementor-element elementor-element-f517e99 elementor-widget elementor-widget-heading\" data-id=\"f517e99\" data-element_type=\"widget\" data-e-type=\"widget\" data-widget_type=\"heading.default\">\n\t\t\t\t\t<h4 class=\"elementor-heading-title elementor-size-default\">Rilevatori del battito cardiaco<\/h4>\t\t\t\t<\/div>\n\t\t\t\t<div class=\"elementor-element elementor-element-18af1f4 elementor-widget-divider--view-line elementor-widget elementor-widget-divider\" data-id=\"18af1f4\" data-element_type=\"widget\" data-e-type=\"widget\" data-widget_type=\"divider.default\">\n\t\t\t\t\t\t\t<div class=\"elementor-divider\">\n\t\t\t<span class=\"elementor-divider-separator\">\n\t\t\t\t\t\t<\/span>\n\t\t<\/div>\n\t\t\t\t\t\t<\/div>\n\t\t\t\t<\/div>\n\t\t\t\t<div class=\"elementor-element elementor-element-95bd9a7 elementor-widget elementor-widget-button\" data-id=\"95bd9a7\" data-element_type=\"widget\" data-e-type=\"widget\" data-widget_type=\"button.default\">\n\t\t\t\t\t\t\t\t\t\t<a class=\"elementor-button elementor-button-link elementor-size-sm\" href=\"https:\/\/mcmeister.com\/it\/tecnologia-di-sicurezza\/rilevatori-di-battito-cardiaco\/\">\n\t\t\t\t\t\t<span class=\"elementor-button-content-wrapper\">\n\t\t\t\t\t\t<span class=\"elementor-button-icon\">\n\t\t\t\t<svg xmlns=\"http:\/\/www.w3.org\/2000\/svg\" height=\"24px\" viewBox=\"0 -960 960 960\" width=\"24px\" fill=\"#000000\"><path d=\"m440-200 137-240H80v-80h497L440-760l440 280-440 280Z\"><\/path><\/svg>\t\t\t<\/span>\n\t\t\t\t\t\t\t\t\t<span class=\"elementor-button-text\">Panoramica<\/span>\n\t\t\t\t\t<\/span>\n\t\t\t\t\t<\/a>\n\t\t\t\t\t\t\t\t<\/div>\n\t\t\t\t<\/div>\n\t\t<div class=\"elementor-element elementor-element-495287f e-con-full e-flex e-con e-child\" data-id=\"495287f\" data-element_type=\"container\" data-e-type=\"container\">\n\t\t<div class=\"elementor-element elementor-element-f5216e0 e-con-full e-flex e-con e-child\" data-id=\"f5216e0\" data-element_type=\"container\" data-e-type=\"container\">\n\t\t\t\t<div class=\"elementor-element elementor-element-de7b42c elementor-widget elementor-widget-image\" data-id=\"de7b42c\" data-element_type=\"widget\" data-e-type=\"widget\" data-widget_type=\"image.default\">\n\t\t\t\t\t\t\t\t\t\t\t\t\t\t\t<img loading=\"lazy\" decoding=\"async\" width=\"750\" height=\"903\" src=\"https:\/\/mcmeister.com\/wp-content\/uploads\/2026\/03\/Lauschabwehr.jpg\" class=\"attachment-large size-large wp-image-5057\" alt=\"\" srcset=\"https:\/\/mcmeister.com\/wp-content\/uploads\/2026\/03\/Lauschabwehr.jpg 750w, https:\/\/mcmeister.com\/wp-content\/uploads\/2026\/03\/Lauschabwehr-249x300.jpg 249w\" sizes=\"(max-width: 750px) 100vw, 750px\" \/>\t\t\t\t\t\t\t\t\t\t\t\t\t\t\t<\/div>\n\t\t\t\t<div class=\"elementor-element elementor-element-0d2abe4 elementor-widget elementor-widget-heading\" data-id=\"0d2abe4\" data-element_type=\"widget\" data-e-type=\"widget\" data-widget_type=\"heading.default\">\n\t\t\t\t\t<h4 class=\"elementor-heading-title elementor-size-default\">Contromisure contro intercettazioni e telefoni<\/h4>\t\t\t\t<\/div>\n\t\t\t\t<div class=\"elementor-element elementor-element-dd8bf81 elementor-widget-divider--view-line elementor-widget elementor-widget-divider\" data-id=\"dd8bf81\" data-element_type=\"widget\" data-e-type=\"widget\" data-widget_type=\"divider.default\">\n\t\t\t\t\t\t\t<div class=\"elementor-divider\">\n\t\t\t<span class=\"elementor-divider-separator\">\n\t\t\t\t\t\t<\/span>\n\t\t<\/div>\n\t\t\t\t\t\t<\/div>\n\t\t\t\t<\/div>\n\t\t\t\t<div class=\"elementor-element elementor-element-10323a8 elementor-widget elementor-widget-button\" data-id=\"10323a8\" data-element_type=\"widget\" data-e-type=\"widget\" data-widget_type=\"button.default\">\n\t\t\t\t\t\t\t\t\t\t<a class=\"elementor-button elementor-button-link elementor-size-sm\" href=\"https:\/\/mcmeister.com\/it\/tecnologia-di-sicurezza\/bonifica-ambientale-tscm\/\">\n\t\t\t\t\t\t<span class=\"elementor-button-content-wrapper\">\n\t\t\t\t\t\t<span class=\"elementor-button-icon\">\n\t\t\t\t<svg xmlns=\"http:\/\/www.w3.org\/2000\/svg\" height=\"24px\" viewBox=\"0 -960 960 960\" width=\"24px\" fill=\"#000000\"><path d=\"m440-200 137-240H80v-80h497L440-760l440 280-440 280Z\"><\/path><\/svg>\t\t\t<\/span>\n\t\t\t\t\t\t\t\t\t<span class=\"elementor-button-text\">Panoramica<\/span>\n\t\t\t\t\t<\/span>\n\t\t\t\t\t<\/a>\n\t\t\t\t\t\t\t\t<\/div>\n\t\t\t\t<\/div>\n\t\t<div class=\"elementor-element elementor-element-48523d4 e-con-full elementor-hidden-desktop elementor-hidden-tablet elementor-hidden-mobile e-flex e-con e-child\" data-id=\"48523d4\" data-element_type=\"container\" data-e-type=\"container\">\n\t\t\t\t<\/div>\n\t\t<div class=\"elementor-element elementor-element-b4a6f8c e-con-full elementor-hidden-tablet elementor-hidden-mobile e-flex e-con e-child\" data-id=\"b4a6f8c\" data-element_type=\"container\" data-e-type=\"container\">\n\t\t\t\t<\/div>\n\t\t<div class=\"elementor-element elementor-element-4aab63c e-con-full elementor-hidden-tablet elementor-hidden-mobile e-flex e-con e-child\" data-id=\"4aab63c\" data-element_type=\"container\" data-e-type=\"container\">\n\t\t\t\t<\/div>\n\t\t\t\t\t<\/div>\n\t\t\t\t<\/div>\n\t\t<div class=\"elementor-element elementor-element-7ce4301 e-flex e-con-boxed e-con e-parent\" data-id=\"7ce4301\" data-element_type=\"container\" data-e-type=\"container\" data-settings=\"{&quot;background_background&quot;:&quot;classic&quot;}\">\n\t\t\t\t\t<div class=\"e-con-inner\">\n\t\t<div class=\"elementor-element elementor-element-0e07392 e-con-full e-flex e-con e-child\" data-id=\"0e07392\" data-element_type=\"container\" data-e-type=\"container\">\n\t\t<div class=\"elementor-element elementor-element-4e26147 e-con-full e-flex e-con e-child\" data-id=\"4e26147\" data-element_type=\"container\" data-e-type=\"container\">\n\t\t\t\t<div class=\"elementor-element elementor-element-a420b3c elementor-widget elementor-widget-heading\" data-id=\"a420b3c\" data-element_type=\"widget\" data-e-type=\"widget\" data-widget_type=\"heading.default\">\n\t\t\t\t\t<h3 class=\"elementor-heading-title elementor-size-default\">Perch\u00e9 scegliere noi?<\/h3>\t\t\t\t<\/div>\n\t\t\t\t<div class=\"elementor-element elementor-element-b42538b elementor-widget elementor-widget-text-editor\" data-id=\"b42538b\" data-element_type=\"widget\" data-e-type=\"widget\" data-widget_type=\"text-editor.default\">\n\t\t\t\t\t\t\t\t\t<p>I nostri sistemi sono sinonimo di elevata affidabilit\u00e0, rilevamento preciso ed eccellenza tecnica. In stretta collaborazione con i nostri clienti e partner tecnologici internazionali, uniamo sistemi di sicurezza moderni a una consulenza approfondita e a un supporto pratico. Che si tratti di controlli accessi, eventi, autorit\u00e0 o infrastrutture critiche, le nostre soluzioni aiutano a individuare tempestivamente i potenziali pericoli e a rendere efficienti i processi di sicurezza.  <\/p><p>I nostri dispositivi sono conformi ai comuni standard di sicurezza, sono affidabili nell\u2019impiego e si integrano con flessibilit\u00e0 nei concetti di sicurezza esistenti. Per questo sono ideali per le applicazioni pi\u00f9 diverse: dalla sicurezza degli eventi a autorit\u00e0 e aziende, fino a strutture con requisiti di sicurezza critici. <\/p><p>Scopri qui sotto le nostre sei categorie oppure contattaci per una consulenza personalizzata: saremo lieti di supportarti nella scelta della soluzione di sicurezza pi\u00f9 adatta alle tue esigenze.<\/p>\t\t\t\t\t\t\t\t<\/div>\n\t\t<div class=\"elementor-element elementor-element-194fe61 e-con-full e-flex e-con e-child\" data-id=\"194fe61\" data-element_type=\"container\" data-e-type=\"container\">\n\t\t\t\t<div class=\"elementor-element elementor-element-cd673cc elementor-align-center elementor-widget elementor-widget-button\" data-id=\"cd673cc\" data-element_type=\"widget\" data-e-type=\"widget\" data-widget_type=\"button.default\">\n\t\t\t\t\t\t\t\t\t\t<a class=\"elementor-button elementor-button-link elementor-size-sm\" href=\"https:\/\/mcmeister.com\/it\/contatti\/\">\n\t\t\t\t\t\t<span class=\"elementor-button-content-wrapper\">\n\t\t\t\t\t\t\t\t\t<span class=\"elementor-button-text\">Contattateci<\/span>\n\t\t\t\t\t<\/span>\n\t\t\t\t\t<\/a>\n\t\t\t\t\t\t\t\t<\/div>\n\t\t\t\t<\/div>\n\t\t\t\t<\/div>\n\t\t\t\t<\/div>\n\t\t<div class=\"elementor-element elementor-element-194f7b9 e-con-full e-flex e-con e-child\" data-id=\"194f7b9\" data-element_type=\"container\" data-e-type=\"container\" data-settings=\"{&quot;background_background&quot;:&quot;classic&quot;}\">\n\t\t<div class=\"elementor-element elementor-element-02b3afa e-con-full e-flex e-con e-child\" data-id=\"02b3afa\" data-element_type=\"container\" data-e-type=\"container\">\n\t\t\t\t<\/div>\n\t\t\t\t<\/div>\n\t\t\t\t\t<\/div>\n\t\t\t\t<\/div>\n\t\t\t\t<\/div>\n\t\t","protected":false},"excerpt":{"rendered":"<p>Tech sicurezza Max C. Meister AG ti offre un portafoglio completo di soluzioni moderne e innovative nel campo della tecnologia di sicurezza (SEC). La nostra gamma comprende sei categorie principali: dai sistemi a raggi X (X-Ray) e metal detector (WTMD) ai rilevatori di esplosivi e droghe, fino al rilevamento del battito cardiaco, ai sistemi di [&hellip;]<\/p>\n","protected":false},"author":1,"featured_media":0,"parent":0,"menu_order":0,"comment_status":"closed","ping_status":"closed","template":"","meta":{"footnotes":""},"class_list":["post-1597","page","type-page","status-publish","hentry"],"_links":{"self":[{"href":"https:\/\/mcmeister.com\/it\/wp-json\/wp\/v2\/pages\/1597","targetHints":{"allow":["GET"]}}],"collection":[{"href":"https:\/\/mcmeister.com\/it\/wp-json\/wp\/v2\/pages"}],"about":[{"href":"https:\/\/mcmeister.com\/it\/wp-json\/wp\/v2\/types\/page"}],"author":[{"embeddable":true,"href":"https:\/\/mcmeister.com\/it\/wp-json\/wp\/v2\/users\/1"}],"replies":[{"embeddable":true,"href":"https:\/\/mcmeister.com\/it\/wp-json\/wp\/v2\/comments?post=1597"}],"version-history":[{"count":9,"href":"https:\/\/mcmeister.com\/it\/wp-json\/wp\/v2\/pages\/1597\/revisions"}],"predecessor-version":[{"id":6196,"href":"https:\/\/mcmeister.com\/it\/wp-json\/wp\/v2\/pages\/1597\/revisions\/6196"}],"wp:attachment":[{"href":"https:\/\/mcmeister.com\/it\/wp-json\/wp\/v2\/media?parent=1597"}],"curies":[{"name":"wp","href":"https:\/\/api.w.org\/{rel}","templated":true}]}}