{"id":5030,"date":"2026-03-26T15:37:54","date_gmt":"2026-03-26T14:37:54","guid":{"rendered":"https:\/\/mcmeister.com\/technologie-de-securite\/detecteurs-de-battements-cardiaques\/"},"modified":"2026-04-27T13:28:13","modified_gmt":"2026-04-27T11:28:13","slug":"detecteurs-de-battements-cardiaques","status":"publish","type":"page","link":"https:\/\/mcmeister.com\/fr\/technologie-de-securite\/detecteurs-de-battements-cardiaques\/","title":{"rendered":"D\u00e9tecteurs de battements cardiaques"},"content":{"rendered":"\t\t<div data-elementor-type=\"wp-page\" data-elementor-id=\"5030\" class=\"elementor elementor-5030 elementor-4141\" data-elementor-post-type=\"page\">\n\t\t\t\t<div class=\"elementor-element elementor-element-0dcaf01 e-flex e-con-boxed e-con e-parent\" data-id=\"0dcaf01\" data-element_type=\"container\" data-e-type=\"container\" data-settings=\"{&quot;background_background&quot;:&quot;classic&quot;}\">\n\t\t\t\t\t<div class=\"e-con-inner\">\n\t\t<div class=\"elementor-element elementor-element-47c0ef5 e-con-full e-flex e-con e-child\" data-id=\"47c0ef5\" data-element_type=\"container\" data-e-type=\"container\">\n\t\t<div class=\"elementor-element elementor-element-a0950b1 e-con-full e-flex e-con e-child\" data-id=\"a0950b1\" data-element_type=\"container\" data-e-type=\"container\">\n\t\t\t\t<div class=\"elementor-element elementor-element-3a594c4 elementor-widget elementor-widget-heading\" data-id=\"3a594c4\" data-element_type=\"widget\" data-e-type=\"widget\" data-widget_type=\"heading.default\">\n\t\t\t\t\t<h4 class=\"elementor-heading-title elementor-size-default\">La s\u00e9curit\u00e9 est notre mission - Faites-nous confiance&nbsp;!<\/h4>\t\t\t\t<\/div>\n\t\t\t\t<div class=\"elementor-element elementor-element-e136e9c elementor-widget elementor-widget-text-editor\" data-id=\"e136e9c\" data-element_type=\"widget\" data-e-type=\"widget\" data-widget_type=\"text-editor.default\">\n\t\t\t\t\t\t\t\t\t<p>Avec nos d\u00e9tecteurs de battements cardiaques (MDS), nous offrons des solutions fiables pour la d\u00e9tection de personnes cach\u00e9es dans des v\u00e9hicules, des conteneurs ou des espaces clos. Les syst\u00e8mes d\u00e9tectent les moindres vibrations, permettant ainsi un contr\u00f4le s\u00fbr et efficace \u2013 m\u00eame sans contact visuel direct. <\/p><p>Les d\u00e9tecteurs de battements cardiaques sont utilis\u00e9s notamment par les autorit\u00e9s de s\u00e9curit\u00e9 telles que les douanes, la police des fronti\u00e8res ou les \u00e9tablissements p\u00e9nitentiaires. Ils contribuent \u00e0 la d\u00e9tection pr\u00e9coce de personnes cach\u00e9es dans les moyens de transport ou les zones critiques en mati\u00e8re de s\u00e9curit\u00e9, et participent de mani\u00e8re significative \u00e0 la d\u00e9couverte de transports ill\u00e9gaux ou d\u2019incidents li\u00e9s \u00e0 la s\u00e9curit\u00e9. Gr\u00e2ce \u00e0 leur haute sensibilit\u00e9, ces syst\u00e8mes fournissent des r\u00e9sultats fiables, m\u00eame dans des conditions d\u2019utilisation exigeantes.  <\/p><p>Ces appareils se caract\u00e9risent par une manipulation simple, une mise en \u0153uvre rapide et des possibilit\u00e9s d\u2019application flexibles. Ils conviennent ainsi aussi bien aux contr\u00f4les stationnaires qu\u2019aux interventions mobiles sur le terrain. <\/p><p>D\u00e9couvrez nos solutions dans le domaine de la d\u00e9tection de battements cardiaques et trouvez le syst\u00e8me adapt\u00e9 \u00e0 vos exigences de s\u00e9curit\u00e9. Nous serons ravis de vous accompagner dans le choix de la technologie appropri\u00e9e pour votre application. <\/p>\t\t\t\t\t\t\t\t<\/div>\n\t\t\t\t<\/div>\n\t\t\t\t<\/div>\n\t\t\t\t\t<\/div>\n\t\t\t\t<\/div>\n\t\t<div class=\"elementor-element elementor-element-97df1ed e-flex e-con-boxed e-con e-parent\" data-id=\"97df1ed\" data-element_type=\"container\" data-e-type=\"container\" data-settings=\"{&quot;background_background&quot;:&quot;classic&quot;}\">\n\t\t\t\t\t<div class=\"e-con-inner\">\n\t\t<div class=\"elementor-element elementor-element-b01cb06 e-con-full e-flex e-con e-child\" data-id=\"b01cb06\" data-element_type=\"container\" data-e-type=\"container\">\n\t\t\t\t<div class=\"elementor-element elementor-element-7983feb elementor-widget elementor-widget-jet-listing-grid\" data-id=\"7983feb\" data-element_type=\"widget\" data-e-type=\"widget\" data-settings=\"{&quot;columns&quot;:&quot;4&quot;}\" data-widget_type=\"jet-listing-grid.default\">\n\t\t\t\t\t<div class=\"jet-listing-grid jet-listing\"><div class=\"jet-listing-grid__items grid-col-desk-4 grid-col-tablet-4 grid-col-mobile-4 jet-listing-grid--3538 jet-equal-columns__wrapper\" data-queried-id=\"5030|WP_Post\" data-nav=\"{&quot;enabled&quot;:false,&quot;type&quot;:null,&quot;more_el&quot;:null,&quot;query&quot;:[],&quot;widget_settings&quot;:{&quot;lisitng_id&quot;:3538,&quot;posts_num&quot;:6,&quot;columns&quot;:4,&quot;columns_tablet&quot;:4,&quot;columns_mobile&quot;:4,&quot;column_min_width&quot;:240,&quot;column_min_width_tablet&quot;:240,&quot;column_min_width_mobile&quot;:240,&quot;inline_columns_css&quot;:false,&quot;is_archive_template&quot;:&quot;yes&quot;,&quot;post_status&quot;:[&quot;publish&quot;],&quot;use_random_posts_num&quot;:&quot;&quot;,&quot;max_posts_num&quot;:9,&quot;not_found_message&quot;:&quot;Aucun contenu trouv\\u00e9&quot;,&quot;is_masonry&quot;:false,&quot;equal_columns_height&quot;:&quot;yes&quot;,&quot;use_load_more&quot;:&quot;&quot;,&quot;load_more_id&quot;:&quot;&quot;,&quot;load_more_type&quot;:&quot;click&quot;,&quot;load_more_offset&quot;:null,&quot;use_custom_post_types&quot;:&quot;&quot;,&quot;custom_post_types&quot;:[],&quot;hide_widget_if&quot;:&quot;&quot;,&quot;carousel_enabled&quot;:&quot;&quot;,&quot;slides_to_scroll&quot;:&quot;1&quot;,&quot;arrows&quot;:&quot;true&quot;,&quot;arrow_icon&quot;:&quot;fa fa-angle-left&quot;,&quot;dots&quot;:&quot;&quot;,&quot;autoplay&quot;:&quot;true&quot;,&quot;pause_on_hover&quot;:&quot;true&quot;,&quot;autoplay_speed&quot;:5000,&quot;infinite&quot;:&quot;true&quot;,&quot;center_mode&quot;:&quot;&quot;,&quot;effect&quot;:&quot;slide&quot;,&quot;speed&quot;:500,&quot;inject_alternative_items&quot;:&quot;&quot;,&quot;injection_items&quot;:[],&quot;scroll_slider_enabled&quot;:&quot;&quot;,&quot;scroll_slider_on&quot;:[&quot;desktop&quot;,&quot;tablet&quot;,&quot;mobile&quot;],&quot;custom_query&quot;:&quot;yes&quot;,&quot;custom_query_id&quot;:&quot;27&quot;,&quot;_element_id&quot;:&quot;&quot;,&quot;collapse_first_last_gap&quot;:false,&quot;list_tag_selection&quot;:&quot;&quot;,&quot;list_items_wrapper_tag&quot;:&quot;div&quot;,&quot;list_item_tag&quot;:&quot;div&quot;,&quot;empty_items_wrapper_tag&quot;:&quot;div&quot;}}\" data-page=\"1\" data-pages=\"1\" data-listing-source=\"query\" data-listing-id=\"3538\" data-query-id=\"27\"><div class=\"jet-listing-grid__item jet-listing-dynamic-post-234 jet-equal-columns\" data-post-id=\"234\"  >\t\t<div data-elementor-type=\"jet-listing-items\" data-elementor-id=\"5180\" class=\"elementor elementor-5180 elementor-3538 elementor-3538\" data-elementor-post-type=\"jet-engine\">\n\t\t\t\t<div class=\"elementor-element elementor-element-cc2dcdd e-con-full e-flex e-con e-parent\" data-id=\"cc2dcdd\" data-element_type=\"container\" data-e-type=\"container\">\n\t\t\t\t<div class=\"elementor-element elementor-element-5399bd3 elementor-widget elementor-widget-jet-listing-dynamic-image\" data-id=\"5399bd3\" data-element_type=\"widget\" data-e-type=\"widget\" data-widget_type=\"jet-listing-dynamic-image.default\">\n\t\t\t\t\t<div class=\"jet-listing jet-listing-dynamic-image\" ><a href=\"https:\/\/mcmeister.com\/fr\/kategorie-sicherheitstech\/mds-mobile-fr\/\" class=\"jet-listing-dynamic-image__link\"><img fetchpriority=\"high\" decoding=\"async\" width=\"750\" height=\"903\" src=\"https:\/\/mcmeister.com\/wp-content\/uploads\/2025\/11\/Platzhalter.jpg\" class=\"jet-listing-dynamic-image__img attachment-full size-full\" alt=\"Platzhalter\" srcset=\"https:\/\/mcmeister.com\/wp-content\/uploads\/2025\/11\/Platzhalter.jpg 750w, https:\/\/mcmeister.com\/wp-content\/uploads\/2025\/11\/Platzhalter-249x300.jpg 249w\" sizes=\"(max-width: 750px) 100vw, 750px\" loading=\"eager\" \/><\/a><\/div>\t\t\t\t<\/div>\n\t\t\t\t<div class=\"elementor-element elementor-element-fa73b11 elementor-widget-divider--view-line elementor-widget elementor-widget-divider\" data-id=\"fa73b11\" data-element_type=\"widget\" data-e-type=\"widget\" data-widget_type=\"divider.default\">\n\t\t\t\t\t\t\t<div class=\"elementor-divider\">\n\t\t\t<span class=\"elementor-divider-separator\">\n\t\t\t\t\t\t<\/span>\n\t\t<\/div>\n\t\t\t\t\t\t<\/div>\n\t\t\t\t<div class=\"elementor-element elementor-element-7f433e3 elementor-widget elementor-widget-heading\" data-id=\"7f433e3\" data-element_type=\"widget\" data-e-type=\"widget\" data-widget_type=\"heading.default\">\n\t\t\t\t\t<h4 class=\"elementor-heading-title elementor-size-default\">MDS mobile<\/h4>\t\t\t\t<\/div>\n\t\t\t\t<div class=\"elementor-element elementor-element-18762e9 elementor-widget elementor-widget-jet-listing-dynamic-link\" data-id=\"18762e9\" data-element_type=\"widget\" data-e-type=\"widget\" data-widget_type=\"jet-listing-dynamic-link.default\">\n\t\t\t\t\t<div class=\"jet-listing jet-listing-dynamic-link\"><a href=\"https:\/\/mcmeister.com\/fr\/kategorie-sicherheitstech\/mds-mobile-fr\/\" class=\"jet-listing-dynamic-link__link\"><div class=\"jet-listing-dynamic-link__icon is-svg-icon\"><svg xmlns=\"http:\/\/www.w3.org\/2000\/svg\" height=\"24px\" viewBox=\"0 -960 960 960\" width=\"24px\" fill=\"#000000\"><path d=\"m440-200 137-240H80v-80h497L440-760l440 280-440 280Z\"><\/path><\/svg><\/div><span class=\"jet-listing-dynamic-link__label\">Aper\u00e7u<\/span><\/a><\/div>\t\t\t\t<\/div>\n\t\t\t\t<\/div>\n\t\t\t\t<\/div>\n\t\t<\/div><div class=\"jet-listing-grid__item jet-listing-dynamic-post-241 jet-equal-columns\" data-post-id=\"241\"  >\t\t<div data-elementor-type=\"jet-listing-items\" data-elementor-id=\"5180\" class=\"elementor elementor-5180 elementor-3538 elementor-3538\" data-elementor-post-type=\"jet-engine\">\n\t\t\t\t<div class=\"elementor-element elementor-element-cc2dcdd e-con-full e-flex e-con e-parent\" data-id=\"cc2dcdd\" data-element_type=\"container\" data-e-type=\"container\">\n\t\t\t\t<div class=\"elementor-element elementor-element-5399bd3 elementor-widget elementor-widget-jet-listing-dynamic-image\" data-id=\"5399bd3\" data-element_type=\"widget\" data-e-type=\"widget\" data-widget_type=\"jet-listing-dynamic-image.default\">\n\t\t\t\t\t<div class=\"jet-listing jet-listing-dynamic-image\" ><a href=\"https:\/\/mcmeister.com\/fr\/kategorie-sicherheitstech\/mds-portable-fr\/\" class=\"jet-listing-dynamic-image__link\"><img fetchpriority=\"high\" decoding=\"async\" width=\"750\" height=\"903\" src=\"https:\/\/mcmeister.com\/wp-content\/uploads\/2025\/11\/Platzhalter.jpg\" class=\"jet-listing-dynamic-image__img attachment-full size-full\" alt=\"Platzhalter\" srcset=\"https:\/\/mcmeister.com\/wp-content\/uploads\/2025\/11\/Platzhalter.jpg 750w, https:\/\/mcmeister.com\/wp-content\/uploads\/2025\/11\/Platzhalter-249x300.jpg 249w\" sizes=\"(max-width: 750px) 100vw, 750px\" loading=\"eager\" \/><\/a><\/div>\t\t\t\t<\/div>\n\t\t\t\t<div class=\"elementor-element elementor-element-fa73b11 elementor-widget-divider--view-line elementor-widget elementor-widget-divider\" data-id=\"fa73b11\" data-element_type=\"widget\" data-e-type=\"widget\" data-widget_type=\"divider.default\">\n\t\t\t\t\t\t\t<div class=\"elementor-divider\">\n\t\t\t<span class=\"elementor-divider-separator\">\n\t\t\t\t\t\t<\/span>\n\t\t<\/div>\n\t\t\t\t\t\t<\/div>\n\t\t\t\t<div class=\"elementor-element elementor-element-7f433e3 elementor-widget elementor-widget-heading\" data-id=\"7f433e3\" data-element_type=\"widget\" data-e-type=\"widget\" data-widget_type=\"heading.default\">\n\t\t\t\t\t<h4 class=\"elementor-heading-title elementor-size-default\">MDS Portable<\/h4>\t\t\t\t<\/div>\n\t\t\t\t<div class=\"elementor-element elementor-element-18762e9 elementor-widget elementor-widget-jet-listing-dynamic-link\" data-id=\"18762e9\" data-element_type=\"widget\" data-e-type=\"widget\" data-widget_type=\"jet-listing-dynamic-link.default\">\n\t\t\t\t\t<div class=\"jet-listing jet-listing-dynamic-link\"><a href=\"https:\/\/mcmeister.com\/fr\/kategorie-sicherheitstech\/mds-portable-fr\/\" class=\"jet-listing-dynamic-link__link\"><div class=\"jet-listing-dynamic-link__icon is-svg-icon\"><svg xmlns=\"http:\/\/www.w3.org\/2000\/svg\" height=\"24px\" viewBox=\"0 -960 960 960\" width=\"24px\" fill=\"#000000\"><path d=\"m440-200 137-240H80v-80h497L440-760l440 280-440 280Z\"><\/path><\/svg><\/div><span class=\"jet-listing-dynamic-link__label\">Aper\u00e7u<\/span><\/a><\/div>\t\t\t\t<\/div>\n\t\t\t\t<\/div>\n\t\t\t\t<\/div>\n\t\t<\/div><div class=\"jet-listing-grid__item jet-listing-dynamic-post-238 jet-equal-columns\" data-post-id=\"238\"  >\t\t<div data-elementor-type=\"jet-listing-items\" data-elementor-id=\"5180\" class=\"elementor elementor-5180 elementor-3538 elementor-3538\" data-elementor-post-type=\"jet-engine\">\n\t\t\t\t<div class=\"elementor-element elementor-element-cc2dcdd e-con-full e-flex e-con e-parent\" data-id=\"cc2dcdd\" data-element_type=\"container\" data-e-type=\"container\">\n\t\t\t\t<div class=\"elementor-element elementor-element-5399bd3 elementor-widget elementor-widget-jet-listing-dynamic-image\" data-id=\"5399bd3\" data-element_type=\"widget\" data-e-type=\"widget\" data-widget_type=\"jet-listing-dynamic-image.default\">\n\t\t\t\t\t<div class=\"jet-listing jet-listing-dynamic-image\" ><a href=\"https:\/\/mcmeister.com\/fr\/kategorie-sicherheitstech\/mds-stationary-fr\/\" class=\"jet-listing-dynamic-image__link\"><img fetchpriority=\"high\" decoding=\"async\" width=\"750\" height=\"903\" src=\"https:\/\/mcmeister.com\/wp-content\/uploads\/2025\/11\/Platzhalter.jpg\" class=\"jet-listing-dynamic-image__img attachment-full size-full\" alt=\"Platzhalter\" srcset=\"https:\/\/mcmeister.com\/wp-content\/uploads\/2025\/11\/Platzhalter.jpg 750w, https:\/\/mcmeister.com\/wp-content\/uploads\/2025\/11\/Platzhalter-249x300.jpg 249w\" sizes=\"(max-width: 750px) 100vw, 750px\" loading=\"eager\" \/><\/a><\/div>\t\t\t\t<\/div>\n\t\t\t\t<div class=\"elementor-element elementor-element-fa73b11 elementor-widget-divider--view-line elementor-widget elementor-widget-divider\" data-id=\"fa73b11\" data-element_type=\"widget\" data-e-type=\"widget\" data-widget_type=\"divider.default\">\n\t\t\t\t\t\t\t<div class=\"elementor-divider\">\n\t\t\t<span class=\"elementor-divider-separator\">\n\t\t\t\t\t\t<\/span>\n\t\t<\/div>\n\t\t\t\t\t\t<\/div>\n\t\t\t\t<div class=\"elementor-element elementor-element-7f433e3 elementor-widget elementor-widget-heading\" data-id=\"7f433e3\" data-element_type=\"widget\" data-e-type=\"widget\" data-widget_type=\"heading.default\">\n\t\t\t\t\t<h4 class=\"elementor-heading-title elementor-size-default\">MDS Stationary<\/h4>\t\t\t\t<\/div>\n\t\t\t\t<div class=\"elementor-element elementor-element-18762e9 elementor-widget elementor-widget-jet-listing-dynamic-link\" data-id=\"18762e9\" data-element_type=\"widget\" data-e-type=\"widget\" data-widget_type=\"jet-listing-dynamic-link.default\">\n\t\t\t\t\t<div class=\"jet-listing jet-listing-dynamic-link\"><a href=\"https:\/\/mcmeister.com\/fr\/kategorie-sicherheitstech\/mds-stationary-fr\/\" class=\"jet-listing-dynamic-link__link\"><div class=\"jet-listing-dynamic-link__icon is-svg-icon\"><svg xmlns=\"http:\/\/www.w3.org\/2000\/svg\" height=\"24px\" viewBox=\"0 -960 960 960\" width=\"24px\" fill=\"#000000\"><path d=\"m440-200 137-240H80v-80h497L440-760l440 280-440 280Z\"><\/path><\/svg><\/div><span class=\"jet-listing-dynamic-link__label\">Aper\u00e7u<\/span><\/a><\/div>\t\t\t\t<\/div>\n\t\t\t\t<\/div>\n\t\t\t\t<\/div>\n\t\t<\/div><\/div><\/div>\t\t\t\t<\/div>\n\t\t\t\t<\/div>\n\t\t\t\t\t<\/div>\n\t\t\t\t<\/div>\n\t\t\t\t<\/div>\n\t\t","protected":false},"excerpt":{"rendered":"<p>La s\u00e9curit\u00e9 est notre mission \u2013 Faites-nous confiance&nbsp;! Avec nos d\u00e9tecteurs de battements cardiaques (MDS), nous offrons des solutions fiables pour la d\u00e9tection de personnes cach\u00e9es dans des v\u00e9hicules, des conteneurs ou des espaces clos. Les syst\u00e8mes d\u00e9tectent les moindres vibrations, permettant ainsi un contr\u00f4le s\u00fbr et efficace \u2013 m\u00eame sans contact visuel direct. Les [&hellip;]<\/p>\n","protected":false},"author":1,"featured_media":0,"parent":1591,"menu_order":0,"comment_status":"closed","ping_status":"closed","template":"","meta":{"footnotes":""},"class_list":["post-5030","page","type-page","status-publish","hentry"],"_links":{"self":[{"href":"https:\/\/mcmeister.com\/fr\/wp-json\/wp\/v2\/pages\/5030","targetHints":{"allow":["GET"]}}],"collection":[{"href":"https:\/\/mcmeister.com\/fr\/wp-json\/wp\/v2\/pages"}],"about":[{"href":"https:\/\/mcmeister.com\/fr\/wp-json\/wp\/v2\/types\/page"}],"author":[{"embeddable":true,"href":"https:\/\/mcmeister.com\/fr\/wp-json\/wp\/v2\/users\/1"}],"replies":[{"embeddable":true,"href":"https:\/\/mcmeister.com\/fr\/wp-json\/wp\/v2\/comments?post=5030"}],"version-history":[{"count":3,"href":"https:\/\/mcmeister.com\/fr\/wp-json\/wp\/v2\/pages\/5030\/revisions"}],"predecessor-version":[{"id":6755,"href":"https:\/\/mcmeister.com\/fr\/wp-json\/wp\/v2\/pages\/5030\/revisions\/6755"}],"up":[{"embeddable":true,"href":"https:\/\/mcmeister.com\/fr\/wp-json\/wp\/v2\/pages\/1591"}],"wp:attachment":[{"href":"https:\/\/mcmeister.com\/fr\/wp-json\/wp\/v2\/media?parent=5030"}],"curies":[{"name":"wp","href":"https:\/\/api.w.org\/{rel}","templated":true}]}}