{"id":2984,"date":"2025-12-30T16:29:15","date_gmt":"2025-12-30T15:29:15","guid":{"rendered":"https:\/\/mcmeister.com\/controle-des-materiaux\/controle-par-ressuage-et-magnetoscopie-pt-mt\/"},"modified":"2026-04-27T13:24:53","modified_gmt":"2026-04-27T11:24:53","slug":"controle-par-ressuage-et-magnetoscopie-pt-mt","status":"publish","type":"page","link":"https:\/\/mcmeister.com\/fr\/controle-des-materiaux\/controle-par-ressuage-et-magnetoscopie-pt-mt\/","title":{"rendered":"Contr\u00f4le par ressuage et magn\u00e9toscopie (PT\/MT)"},"content":{"rendered":"\t\t<div data-elementor-type=\"wp-page\" data-elementor-id=\"2984\" class=\"elementor elementor-2984 elementor-2590\" data-elementor-post-type=\"page\">\n\t\t\t\t<div class=\"elementor-element elementor-element-465dc65 e-flex e-con-boxed e-con e-parent\" data-id=\"465dc65\" data-element_type=\"container\" data-e-type=\"container\" data-settings=\"{&quot;background_background&quot;:&quot;classic&quot;}\">\n\t\t\t\t\t<div class=\"e-con-inner\">\n\t\t<div class=\"elementor-element elementor-element-3d50e20 e-con-full e-flex e-con e-child\" data-id=\"3d50e20\" data-element_type=\"container\" data-e-type=\"container\">\n\t\t<div class=\"elementor-element elementor-element-cdd89f6 e-con-full e-flex e-con e-child\" data-id=\"cdd89f6\" data-element_type=\"container\" data-e-type=\"container\">\n\t\t\t\t<div class=\"elementor-element elementor-element-6bb008f elementor-widget elementor-widget-heading\" data-id=\"6bb008f\" data-element_type=\"widget\" data-e-type=\"widget\" data-widget_type=\"heading.default\">\n\t\t\t\t\t<h4 class=\"elementor-heading-title elementor-size-default\">La s\u00e9curit\u00e9 est notre mission - Faites-nous confiance&nbsp;!<\/h4>\t\t\t\t<\/div>\n\t\t\t\t<div class=\"elementor-element elementor-element-c6ddd8e elementor-widget elementor-widget-text-editor\" data-id=\"c6ddd8e\" data-element_type=\"widget\" data-e-type=\"widget\" data-widget_type=\"text-editor.default\">\n\t\t\t\t\t\t\t\t\t<p>Le contr\u00f4le des fissures de surface permet de visualiser de mani\u00e8re fiable les fissures de s\u00e9paration, les pores et les d\u00e9fauts les plus fins et invisibles \u00e0 l&rsquo;\u0153il nu sur les surfaces des composants \u2013 avant que des dommages, des d\u00e9faillances ou des risques de s\u00e9curit\u00e9 ne surviennent. Nous proposons pour cela un portefeuille bien \u00e9tudi\u00e9&nbsp;: le contr\u00f4le par ressuage (PT) \u00e0 base fluorescente ou color\u00e9e pour presque tous les mat\u00e9riaux m\u00e9talliques et non m\u00e9talliques, le contr\u00f4le magn\u00e9toscopique (MT) pour les mat\u00e9riaux ferromagn\u00e9tiques avec une d\u00e9tection de signal maximale, m\u00eame sur des g\u00e9om\u00e9tries complexes, ainsi que le syst\u00e8me RILUMINATI \u2013 la nouvelle g\u00e9n\u00e9ration de salles UV \/ Blue Light automatis\u00e9es pour des environnements de contr\u00f4le de fluorescence reproductibles, ergonomiques et \u00e9conomiquement \u00e9volutifs. Le contr\u00f4le des fissures de surface devient ainsi une assurance qualit\u00e9 industrialis\u00e9e&nbsp;: reproductible, conforme aux normes, efficace.  <\/p>\t\t\t\t\t\t\t\t<\/div>\n\t\t\t\t<\/div>\n\t\t\t\t<\/div>\n\t\t\t\t\t<\/div>\n\t\t\t\t<\/div>\n\t\t<div class=\"elementor-element elementor-element-99a0382 e-flex e-con-boxed e-con e-parent\" data-id=\"99a0382\" data-element_type=\"container\" data-e-type=\"container\" data-settings=\"{&quot;background_background&quot;:&quot;classic&quot;}\">\n\t\t\t\t\t<div class=\"e-con-inner\">\n\t\t<div class=\"elementor-element elementor-element-7cfa048 e-con-full e-flex e-con e-child\" data-id=\"7cfa048\" data-element_type=\"container\" data-e-type=\"container\">\n\t\t\t\t<div class=\"elementor-element elementor-element-a877829 elementor-widget elementor-widget-jet-listing-grid\" data-id=\"a877829\" data-element_type=\"widget\" data-e-type=\"widget\" data-settings=\"{&quot;columns&quot;:&quot;4&quot;}\" data-widget_type=\"jet-listing-grid.default\">\n\t\t\t\t\t<div class=\"jet-listing-grid jet-listing\"><div class=\"jet-listing-grid__items grid-col-desk-4 grid-col-tablet-4 grid-col-mobile-4 jet-listing-grid--322 jet-equal-columns__wrapper\" data-queried-id=\"2984|WP_Post\" data-nav=\"{&quot;enabled&quot;:false,&quot;type&quot;:null,&quot;more_el&quot;:null,&quot;query&quot;:[],&quot;widget_settings&quot;:{&quot;lisitng_id&quot;:322,&quot;posts_num&quot;:6,&quot;columns&quot;:4,&quot;columns_tablet&quot;:4,&quot;columns_mobile&quot;:4,&quot;column_min_width&quot;:240,&quot;column_min_width_tablet&quot;:240,&quot;column_min_width_mobile&quot;:240,&quot;inline_columns_css&quot;:false,&quot;is_archive_template&quot;:&quot;yes&quot;,&quot;post_status&quot;:[&quot;publish&quot;],&quot;use_random_posts_num&quot;:&quot;&quot;,&quot;max_posts_num&quot;:9,&quot;not_found_message&quot;:&quot;Aucun contenu trouv\\u00e9&quot;,&quot;is_masonry&quot;:false,&quot;equal_columns_height&quot;:&quot;yes&quot;,&quot;use_load_more&quot;:&quot;&quot;,&quot;load_more_id&quot;:&quot;&quot;,&quot;load_more_type&quot;:&quot;click&quot;,&quot;load_more_offset&quot;:null,&quot;use_custom_post_types&quot;:&quot;&quot;,&quot;custom_post_types&quot;:[],&quot;hide_widget_if&quot;:&quot;&quot;,&quot;carousel_enabled&quot;:&quot;&quot;,&quot;slides_to_scroll&quot;:&quot;1&quot;,&quot;arrows&quot;:&quot;true&quot;,&quot;arrow_icon&quot;:&quot;fa fa-angle-left&quot;,&quot;dots&quot;:&quot;&quot;,&quot;autoplay&quot;:&quot;true&quot;,&quot;pause_on_hover&quot;:&quot;true&quot;,&quot;autoplay_speed&quot;:5000,&quot;infinite&quot;:&quot;true&quot;,&quot;center_mode&quot;:&quot;&quot;,&quot;effect&quot;:&quot;slide&quot;,&quot;speed&quot;:500,&quot;inject_alternative_items&quot;:&quot;&quot;,&quot;injection_items&quot;:[],&quot;scroll_slider_enabled&quot;:&quot;&quot;,&quot;scroll_slider_on&quot;:[&quot;desktop&quot;,&quot;tablet&quot;,&quot;mobile&quot;],&quot;custom_query&quot;:&quot;yes&quot;,&quot;custom_query_id&quot;:&quot;10&quot;,&quot;_element_id&quot;:&quot;&quot;,&quot;collapse_first_last_gap&quot;:false,&quot;list_tag_selection&quot;:&quot;&quot;,&quot;list_items_wrapper_tag&quot;:&quot;div&quot;,&quot;list_item_tag&quot;:&quot;div&quot;,&quot;empty_items_wrapper_tag&quot;:&quot;div&quot;}}\" data-page=\"1\" data-pages=\"1\" data-listing-source=\"query\" data-listing-id=\"322\" data-query-id=\"10\"><div class=\"jet-listing-grid__item jet-listing-dynamic-post-64 jet-equal-columns\" data-post-id=\"64\"  >\t\t<div data-elementor-type=\"jet-listing-items\" data-elementor-id=\"5162\" class=\"elementor elementor-5162 elementor-322 elementor-322\" data-elementor-post-type=\"jet-engine\">\n\t\t\t\t<div class=\"elementor-element elementor-element-cc2dcdd e-con-full e-flex e-con e-parent\" data-id=\"cc2dcdd\" data-element_type=\"container\" data-e-type=\"container\">\n\t\t\t\t<div class=\"elementor-element elementor-element-5399bd3 elementor-widget elementor-widget-jet-listing-dynamic-image\" data-id=\"5399bd3\" data-element_type=\"widget\" data-e-type=\"widget\" data-widget_type=\"jet-listing-dynamic-image.default\">\n\t\t\t\t\t<div class=\"jet-listing jet-listing-dynamic-image\" ><a href=\"https:\/\/mcmeister.com\/fr\/kategorie\/controle-par-magnetoscopie\/\" class=\"jet-listing-dynamic-image__link\"><img fetchpriority=\"high\" decoding=\"async\" width=\"500\" height=\"602\" src=\"https:\/\/mcmeister.com\/wp-content\/uploads\/2025\/12\/Magnetpulverpruefung.webp\" class=\"jet-listing-dynamic-image__img attachment-full size-full\" alt=\"Magnetpulverpruefung\" srcset=\"https:\/\/mcmeister.com\/wp-content\/uploads\/2025\/12\/Magnetpulverpruefung.webp 500w, https:\/\/mcmeister.com\/wp-content\/uploads\/2025\/12\/Magnetpulverpruefung-249x300.webp 249w\" sizes=\"(max-width: 500px) 100vw, 500px\" loading=\"eager\" \/><\/a><\/div>\t\t\t\t<\/div>\n\t\t\t\t<div class=\"elementor-element elementor-element-fa73b11 elementor-widget-divider--view-line elementor-widget elementor-widget-divider\" data-id=\"fa73b11\" data-element_type=\"widget\" data-e-type=\"widget\" data-widget_type=\"divider.default\">\n\t\t\t\t\t\t\t<div class=\"elementor-divider\">\n\t\t\t<span class=\"elementor-divider-separator\">\n\t\t\t\t\t\t<\/span>\n\t\t<\/div>\n\t\t\t\t\t\t<\/div>\n\t\t\t\t<div class=\"elementor-element elementor-element-7f433e3 elementor-widget elementor-widget-heading\" data-id=\"7f433e3\" data-element_type=\"widget\" data-e-type=\"widget\" data-widget_type=\"heading.default\">\n\t\t\t\t\t<h4 class=\"elementor-heading-title elementor-size-default\">Contr\u00f4le par magn\u00e9toscopie<\/h4>\t\t\t\t<\/div>\n\t\t\t\t<div class=\"elementor-element elementor-element-18762e9 elementor-widget elementor-widget-jet-listing-dynamic-link\" data-id=\"18762e9\" data-element_type=\"widget\" data-e-type=\"widget\" data-widget_type=\"jet-listing-dynamic-link.default\">\n\t\t\t\t\t<div class=\"jet-listing jet-listing-dynamic-link\"><a href=\"https:\/\/mcmeister.com\/fr\/kategorie\/controle-par-magnetoscopie\/\" class=\"jet-listing-dynamic-link__link\"><div class=\"jet-listing-dynamic-link__icon is-svg-icon\"><svg xmlns=\"http:\/\/www.w3.org\/2000\/svg\" height=\"24px\" viewBox=\"0 -960 960 960\" width=\"24px\" fill=\"#000000\"><path d=\"m440-200 137-240H80v-80h497L440-760l440 280-440 280Z\"><\/path><\/svg><\/div><span class=\"jet-listing-dynamic-link__label\">Aper\u00e7u<\/span><\/a><\/div>\t\t\t\t<\/div>\n\t\t\t\t<\/div>\n\t\t\t\t<\/div>\n\t\t<\/div><div class=\"jet-listing-grid__item jet-listing-dynamic-post-78 jet-equal-columns\" data-post-id=\"78\"  >\t\t<div data-elementor-type=\"jet-listing-items\" data-elementor-id=\"5162\" class=\"elementor elementor-5162 elementor-322 elementor-322\" data-elementor-post-type=\"jet-engine\">\n\t\t\t\t<div class=\"elementor-element elementor-element-cc2dcdd e-con-full e-flex e-con e-parent\" data-id=\"cc2dcdd\" data-element_type=\"container\" data-e-type=\"container\">\n\t\t\t\t<div class=\"elementor-element elementor-element-5399bd3 elementor-widget elementor-widget-jet-listing-dynamic-image\" data-id=\"5399bd3\" data-element_type=\"widget\" data-e-type=\"widget\" data-widget_type=\"jet-listing-dynamic-image.default\">\n\t\t\t\t\t<div class=\"jet-listing jet-listing-dynamic-image\" ><a href=\"https:\/\/mcmeister.com\/fr\/kategorie\/penetrant\/\" class=\"jet-listing-dynamic-image__link\"><img decoding=\"async\" width=\"500\" height=\"602\" src=\"https:\/\/mcmeister.com\/wp-content\/uploads\/2025\/12\/Eindringpruefmittel.webp\" class=\"jet-listing-dynamic-image__img attachment-full size-full\" alt=\"Eindringpruefmittel\" srcset=\"https:\/\/mcmeister.com\/wp-content\/uploads\/2025\/12\/Eindringpruefmittel.webp 500w, https:\/\/mcmeister.com\/wp-content\/uploads\/2025\/12\/Eindringpruefmittel-249x300.webp 249w\" sizes=\"(max-width: 500px) 100vw, 500px\" loading=\"eager\" \/><\/a><\/div>\t\t\t\t<\/div>\n\t\t\t\t<div class=\"elementor-element elementor-element-fa73b11 elementor-widget-divider--view-line elementor-widget elementor-widget-divider\" data-id=\"fa73b11\" data-element_type=\"widget\" data-e-type=\"widget\" data-widget_type=\"divider.default\">\n\t\t\t\t\t\t\t<div class=\"elementor-divider\">\n\t\t\t<span class=\"elementor-divider-separator\">\n\t\t\t\t\t\t<\/span>\n\t\t<\/div>\n\t\t\t\t\t\t<\/div>\n\t\t\t\t<div class=\"elementor-element elementor-element-7f433e3 elementor-widget elementor-widget-heading\" data-id=\"7f433e3\" data-element_type=\"widget\" data-e-type=\"widget\" data-widget_type=\"heading.default\">\n\t\t\t\t\t<h4 class=\"elementor-heading-title elementor-size-default\">P\u00e9n\u00e9trant<\/h4>\t\t\t\t<\/div>\n\t\t\t\t<div class=\"elementor-element elementor-element-18762e9 elementor-widget elementor-widget-jet-listing-dynamic-link\" data-id=\"18762e9\" data-element_type=\"widget\" data-e-type=\"widget\" data-widget_type=\"jet-listing-dynamic-link.default\">\n\t\t\t\t\t<div class=\"jet-listing jet-listing-dynamic-link\"><a href=\"https:\/\/mcmeister.com\/fr\/kategorie\/penetrant\/\" class=\"jet-listing-dynamic-link__link\"><div class=\"jet-listing-dynamic-link__icon is-svg-icon\"><svg xmlns=\"http:\/\/www.w3.org\/2000\/svg\" height=\"24px\" viewBox=\"0 -960 960 960\" width=\"24px\" fill=\"#000000\"><path d=\"m440-200 137-240H80v-80h497L440-760l440 280-440 280Z\"><\/path><\/svg><\/div><span class=\"jet-listing-dynamic-link__label\">Aper\u00e7u<\/span><\/a><\/div>\t\t\t\t<\/div>\n\t\t\t\t<\/div>\n\t\t\t\t<\/div>\n\t\t<\/div><div class=\"jet-listing-grid__item jet-listing-dynamic-post-96 jet-equal-columns\" data-post-id=\"96\"  >\t\t<div data-elementor-type=\"jet-listing-items\" data-elementor-id=\"5162\" class=\"elementor elementor-5162 elementor-322 elementor-322\" data-elementor-post-type=\"jet-engine\">\n\t\t\t\t<div class=\"elementor-element elementor-element-cc2dcdd e-con-full e-flex e-con e-parent\" data-id=\"cc2dcdd\" data-element_type=\"container\" data-e-type=\"container\">\n\t\t\t\t<div class=\"elementor-element elementor-element-5399bd3 elementor-widget elementor-widget-jet-listing-dynamic-image\" data-id=\"5399bd3\" data-element_type=\"widget\" data-e-type=\"widget\" data-widget_type=\"jet-listing-dynamic-image.default\">\n\t\t\t\t\t<div class=\"jet-listing jet-listing-dynamic-image\" ><a href=\"https:\/\/mcmeister.com\/fr\/kategorie\/risslumineszenz-riluminati\/\" class=\"jet-listing-dynamic-image__link\"><img decoding=\"async\" width=\"500\" height=\"602\" src=\"https:\/\/mcmeister.com\/wp-content\/uploads\/2025\/12\/Riluminati-1.webp\" class=\"jet-listing-dynamic-image__img attachment-full size-full\" alt=\"Riluminati\" srcset=\"https:\/\/mcmeister.com\/wp-content\/uploads\/2025\/12\/Riluminati-1.webp 500w, https:\/\/mcmeister.com\/wp-content\/uploads\/2025\/12\/Riluminati-1-249x300.webp 249w\" sizes=\"(max-width: 500px) 100vw, 500px\" loading=\"eager\" \/><\/a><\/div>\t\t\t\t<\/div>\n\t\t\t\t<div class=\"elementor-element elementor-element-fa73b11 elementor-widget-divider--view-line elementor-widget elementor-widget-divider\" data-id=\"fa73b11\" data-element_type=\"widget\" data-e-type=\"widget\" data-widget_type=\"divider.default\">\n\t\t\t\t\t\t\t<div class=\"elementor-divider\">\n\t\t\t<span class=\"elementor-divider-separator\">\n\t\t\t\t\t\t<\/span>\n\t\t<\/div>\n\t\t\t\t\t\t<\/div>\n\t\t\t\t<div class=\"elementor-element elementor-element-7f433e3 elementor-widget elementor-widget-heading\" data-id=\"7f433e3\" data-element_type=\"widget\" data-e-type=\"widget\" data-widget_type=\"heading.default\">\n\t\t\t\t\t<h4 class=\"elementor-heading-title elementor-size-default\">Risslumineszenz (Riluminati)<\/h4>\t\t\t\t<\/div>\n\t\t\t\t<div class=\"elementor-element elementor-element-18762e9 elementor-widget elementor-widget-jet-listing-dynamic-link\" data-id=\"18762e9\" data-element_type=\"widget\" data-e-type=\"widget\" data-widget_type=\"jet-listing-dynamic-link.default\">\n\t\t\t\t\t<div class=\"jet-listing jet-listing-dynamic-link\"><a href=\"https:\/\/mcmeister.com\/fr\/kategorie\/risslumineszenz-riluminati\/\" class=\"jet-listing-dynamic-link__link\"><div class=\"jet-listing-dynamic-link__icon is-svg-icon\"><svg xmlns=\"http:\/\/www.w3.org\/2000\/svg\" height=\"24px\" viewBox=\"0 -960 960 960\" width=\"24px\" fill=\"#000000\"><path d=\"m440-200 137-240H80v-80h497L440-760l440 280-440 280Z\"><\/path><\/svg><\/div><span class=\"jet-listing-dynamic-link__label\">Aper\u00e7u<\/span><\/a><\/div>\t\t\t\t<\/div>\n\t\t\t\t<\/div>\n\t\t\t\t<\/div>\n\t\t<\/div><div class=\"jet-listing-grid__item jet-listing-dynamic-post-59 jet-equal-columns\" data-post-id=\"59\"  >\t\t<div data-elementor-type=\"jet-listing-items\" data-elementor-id=\"5162\" class=\"elementor elementor-5162 elementor-322 elementor-322\" data-elementor-post-type=\"jet-engine\">\n\t\t\t\t<div class=\"elementor-element elementor-element-cc2dcdd e-con-full e-flex e-con e-parent\" data-id=\"cc2dcdd\" data-element_type=\"container\" data-e-type=\"container\">\n\t\t\t\t<div class=\"elementor-element elementor-element-5399bd3 elementor-widget elementor-widget-jet-listing-dynamic-image\" data-id=\"5399bd3\" data-element_type=\"widget\" data-e-type=\"widget\" data-widget_type=\"jet-listing-dynamic-image.default\">\n\t\t\t\t\t<div class=\"jet-listing jet-listing-dynamic-image\" ><a href=\"https:\/\/mcmeister.com\/fr\/kategorie\/technologie-uv-led\/\" class=\"jet-listing-dynamic-image__link\"><img decoding=\"async\" width=\"500\" height=\"602\" src=\"https:\/\/mcmeister.com\/wp-content\/uploads\/2025\/12\/UV-Technologie.webp\" class=\"jet-listing-dynamic-image__img attachment-full size-full\" alt=\"UV-Technologie\" srcset=\"https:\/\/mcmeister.com\/wp-content\/uploads\/2025\/12\/UV-Technologie.webp 500w, https:\/\/mcmeister.com\/wp-content\/uploads\/2025\/12\/UV-Technologie-249x300.webp 249w\" sizes=\"(max-width: 500px) 100vw, 500px\" loading=\"eager\" \/><\/a><\/div>\t\t\t\t<\/div>\n\t\t\t\t<div class=\"elementor-element elementor-element-fa73b11 elementor-widget-divider--view-line elementor-widget elementor-widget-divider\" data-id=\"fa73b11\" data-element_type=\"widget\" data-e-type=\"widget\" data-widget_type=\"divider.default\">\n\t\t\t\t\t\t\t<div class=\"elementor-divider\">\n\t\t\t<span class=\"elementor-divider-separator\">\n\t\t\t\t\t\t<\/span>\n\t\t<\/div>\n\t\t\t\t\t\t<\/div>\n\t\t\t\t<div class=\"elementor-element elementor-element-7f433e3 elementor-widget elementor-widget-heading\" data-id=\"7f433e3\" data-element_type=\"widget\" data-e-type=\"widget\" data-widget_type=\"heading.default\">\n\t\t\t\t\t<h4 class=\"elementor-heading-title elementor-size-default\">Technologie UV-LED<\/h4>\t\t\t\t<\/div>\n\t\t\t\t<div class=\"elementor-element elementor-element-18762e9 elementor-widget elementor-widget-jet-listing-dynamic-link\" data-id=\"18762e9\" data-element_type=\"widget\" data-e-type=\"widget\" data-widget_type=\"jet-listing-dynamic-link.default\">\n\t\t\t\t\t<div class=\"jet-listing jet-listing-dynamic-link\"><a href=\"https:\/\/mcmeister.com\/fr\/kategorie\/technologie-uv-led\/\" class=\"jet-listing-dynamic-link__link\"><div class=\"jet-listing-dynamic-link__icon is-svg-icon\"><svg xmlns=\"http:\/\/www.w3.org\/2000\/svg\" height=\"24px\" viewBox=\"0 -960 960 960\" width=\"24px\" fill=\"#000000\"><path d=\"m440-200 137-240H80v-80h497L440-760l440 280-440 280Z\"><\/path><\/svg><\/div><span class=\"jet-listing-dynamic-link__label\">Aper\u00e7u<\/span><\/a><\/div>\t\t\t\t<\/div>\n\t\t\t\t<\/div>\n\t\t\t\t<\/div>\n\t\t<\/div><\/div><\/div>\t\t\t\t<\/div>\n\t\t\t\t<\/div>\n\t\t\t\t\t<\/div>\n\t\t\t\t<\/div>\n\t\t\t\t<\/div>\n\t\t","protected":false},"excerpt":{"rendered":"<p>La s\u00e9curit\u00e9 est notre mission \u2013 Faites-nous confiance&nbsp;! Le contr\u00f4le des fissures de surface permet de visualiser de mani\u00e8re fiable les fissures de s\u00e9paration, les pores et les d\u00e9fauts les plus fins et invisibles \u00e0 l&rsquo;\u0153il nu sur les surfaces des composants \u2013 avant que des dommages, des d\u00e9faillances ou des risques de s\u00e9curit\u00e9 ne [&hellip;]<\/p>\n","protected":false},"author":1,"featured_media":0,"parent":1578,"menu_order":0,"comment_status":"closed","ping_status":"closed","template":"","meta":{"footnotes":""},"class_list":["post-2984","page","type-page","status-publish","hentry"],"_links":{"self":[{"href":"https:\/\/mcmeister.com\/fr\/wp-json\/wp\/v2\/pages\/2984","targetHints":{"allow":["GET"]}}],"collection":[{"href":"https:\/\/mcmeister.com\/fr\/wp-json\/wp\/v2\/pages"}],"about":[{"href":"https:\/\/mcmeister.com\/fr\/wp-json\/wp\/v2\/types\/page"}],"author":[{"embeddable":true,"href":"https:\/\/mcmeister.com\/fr\/wp-json\/wp\/v2\/users\/1"}],"replies":[{"embeddable":true,"href":"https:\/\/mcmeister.com\/fr\/wp-json\/wp\/v2\/comments?post=2984"}],"version-history":[{"count":4,"href":"https:\/\/mcmeister.com\/fr\/wp-json\/wp\/v2\/pages\/2984\/revisions"}],"predecessor-version":[{"id":6706,"href":"https:\/\/mcmeister.com\/fr\/wp-json\/wp\/v2\/pages\/2984\/revisions\/6706"}],"up":[{"embeddable":true,"href":"https:\/\/mcmeister.com\/fr\/wp-json\/wp\/v2\/pages\/1578"}],"wp:attachment":[{"href":"https:\/\/mcmeister.com\/fr\/wp-json\/wp\/v2\/media?parent=2984"}],"curies":[{"name":"wp","href":"https:\/\/api.w.org\/{rel}","templated":true}]}}