{"id":2971,"date":"2026-01-06T15:11:58","date_gmt":"2026-01-06T14:11:58","guid":{"rendered":"https:\/\/mcmeister.com\/systemes-ouverts\/"},"modified":"2026-01-06T17:36:21","modified_gmt":"2026-01-06T16:36:21","slug":"systemes-ouverts","status":"publish","type":"page","link":"https:\/\/mcmeister.com\/fr\/controle-des-materiaux\/controle-par-rayons-x-rt\/systemes-ouverts\/","title":{"rendered":"Syst\u00e8mes ouverts"},"content":{"rendered":"\t\t<div data-elementor-type=\"wp-page\" data-elementor-id=\"2971\" class=\"elementor elementor-2971 elementor-2825\" data-elementor-post-type=\"page\">\n\t\t\t\t<div class=\"elementor-element elementor-element-465dc65 e-flex e-con-boxed e-con e-parent\" data-id=\"465dc65\" data-element_type=\"container\" data-e-type=\"container\" data-settings=\"{&quot;background_background&quot;:&quot;classic&quot;}\">\n\t\t\t\t\t<div class=\"e-con-inner\">\n\t\t<div class=\"elementor-element elementor-element-3d50e20 e-con-full e-flex e-con e-child\" data-id=\"3d50e20\" data-element_type=\"container\" data-e-type=\"container\">\n\t\t<div class=\"elementor-element elementor-element-cdd89f6 e-con-full e-flex e-con e-child\" data-id=\"cdd89f6\" data-element_type=\"container\" data-e-type=\"container\">\n\t\t\t\t<div class=\"elementor-element elementor-element-6bb008f elementor-widget elementor-widget-heading\" data-id=\"6bb008f\" data-element_type=\"widget\" data-e-type=\"widget\" data-widget_type=\"heading.default\">\n\t\t\t\t\t<h4 class=\"elementor-heading-title elementor-size-default\">La s\u00e9curit\u00e9 est notre mission - Faites-nous confiance&nbsp;!<\/h4>\t\t\t\t<\/div>\n\t\t\t\t<div class=\"elementor-element elementor-element-62c49fa elementor-widget elementor-widget-text-editor\" data-id=\"62c49fa\" data-element_type=\"widget\" data-e-type=\"widget\" data-widget_type=\"text-editor.default\">\n\t\t\t\t\t\t\t\t\t<p>Les deux types de syst\u00e8mes d\u2019imagerie num\u00e9rique sont la radiographie num\u00e9ris\u00e9e (CR) et la radiographie directe (DR). Nos g\u00e9n\u00e9rateurs de rayons X sont compatibles avec les deux. Les syst\u00e8mes de radiographie ouverts, compos\u00e9s d\u2019une source de rayons X et d\u2019un d\u00e9tecteur, offrent une flexibilit\u00e9 maximale pour les t\u00e2ches de contr\u00f4le exigeantes et les applications individuelles. Contrairement aux cabines de radiographie ferm\u00e9es, ils permettent d\u2019examiner les pi\u00e8ces \u00e0 contr\u00f4ler sur place, \u00e0 l\u2019int\u00e9rieur ou \u00e0 l\u2019ext\u00e9rieur. Que ce soit dans l\u2019aviation, dans le secteur de l\u2019\u00e9nergie ou pour des applications li\u00e9es \u00e0 la s\u00e9curit\u00e9.    <\/p>\t\t\t\t\t\t\t\t<\/div>\n\t\t\t\t<\/div>\n\t\t\t\t<\/div>\n\t\t\t\t\t<\/div>\n\t\t\t\t<\/div>\n\t\t<div class=\"elementor-element elementor-element-99a0382 e-flex e-con-boxed e-con e-parent\" data-id=\"99a0382\" data-element_type=\"container\" data-e-type=\"container\" data-settings=\"{&quot;background_background&quot;:&quot;classic&quot;}\">\n\t\t\t\t\t<div class=\"e-con-inner\">\n\t\t<div class=\"elementor-element elementor-element-7cfa048 e-con-full e-flex e-con e-child\" data-id=\"7cfa048\" data-element_type=\"container\" data-e-type=\"container\">\n\t\t\t\t<div class=\"elementor-element elementor-element-a877829 elementor-widget elementor-widget-jet-listing-grid\" data-id=\"a877829\" data-element_type=\"widget\" data-e-type=\"widget\" data-settings=\"{&quot;columns&quot;:&quot;4&quot;}\" data-widget_type=\"jet-listing-grid.default\">\n\t\t\t\t\t<div class=\"jet-listing-grid jet-listing\"><div class=\"jet-listing-grid__items grid-col-desk-4 grid-col-tablet-4 grid-col-mobile-4 jet-listing-grid--322 jet-equal-columns__wrapper\" data-queried-id=\"2971|WP_Post\" data-nav=\"{&quot;enabled&quot;:false,&quot;type&quot;:null,&quot;more_el&quot;:null,&quot;query&quot;:[],&quot;widget_settings&quot;:{&quot;lisitng_id&quot;:322,&quot;posts_num&quot;:6,&quot;columns&quot;:4,&quot;columns_tablet&quot;:4,&quot;columns_mobile&quot;:4,&quot;column_min_width&quot;:240,&quot;column_min_width_tablet&quot;:240,&quot;column_min_width_mobile&quot;:240,&quot;inline_columns_css&quot;:false,&quot;is_archive_template&quot;:&quot;yes&quot;,&quot;post_status&quot;:[&quot;publish&quot;],&quot;use_random_posts_num&quot;:&quot;&quot;,&quot;max_posts_num&quot;:9,&quot;not_found_message&quot;:&quot;Aucun contenu trouv\\u00e9&quot;,&quot;is_masonry&quot;:false,&quot;equal_columns_height&quot;:&quot;yes&quot;,&quot;use_load_more&quot;:&quot;&quot;,&quot;load_more_id&quot;:&quot;&quot;,&quot;load_more_type&quot;:&quot;click&quot;,&quot;load_more_offset&quot;:null,&quot;use_custom_post_types&quot;:&quot;&quot;,&quot;custom_post_types&quot;:[],&quot;hide_widget_if&quot;:&quot;&quot;,&quot;carousel_enabled&quot;:&quot;&quot;,&quot;slides_to_scroll&quot;:&quot;1&quot;,&quot;arrows&quot;:&quot;true&quot;,&quot;arrow_icon&quot;:&quot;fa fa-angle-left&quot;,&quot;dots&quot;:&quot;&quot;,&quot;autoplay&quot;:&quot;true&quot;,&quot;pause_on_hover&quot;:&quot;true&quot;,&quot;autoplay_speed&quot;:5000,&quot;infinite&quot;:&quot;true&quot;,&quot;center_mode&quot;:&quot;&quot;,&quot;effect&quot;:&quot;slide&quot;,&quot;speed&quot;:500,&quot;inject_alternative_items&quot;:&quot;&quot;,&quot;injection_items&quot;:[],&quot;scroll_slider_enabled&quot;:&quot;&quot;,&quot;scroll_slider_on&quot;:[&quot;desktop&quot;,&quot;tablet&quot;,&quot;mobile&quot;],&quot;custom_query&quot;:&quot;yes&quot;,&quot;custom_query_id&quot;:&quot;16&quot;,&quot;_element_id&quot;:&quot;&quot;,&quot;collapse_first_last_gap&quot;:false,&quot;list_tag_selection&quot;:&quot;&quot;,&quot;list_items_wrapper_tag&quot;:&quot;div&quot;,&quot;list_item_tag&quot;:&quot;div&quot;,&quot;empty_items_wrapper_tag&quot;:&quot;div&quot;}}\" data-page=\"1\" data-pages=\"1\" data-listing-source=\"query\" data-listing-id=\"322\" data-query-id=\"16\"><div class=\"jet-listing-grid__item jet-listing-dynamic-post-84 jet-equal-columns\" data-post-id=\"84\"  >\t\t<div data-elementor-type=\"jet-listing-items\" data-elementor-id=\"5162\" class=\"elementor elementor-5162 elementor-322 elementor-322\" data-elementor-post-type=\"jet-engine\">\n\t\t\t\t<div class=\"elementor-element elementor-element-cc2dcdd e-con-full e-flex e-con e-parent\" data-id=\"cc2dcdd\" data-element_type=\"container\" data-e-type=\"container\">\n\t\t\t\t<div class=\"elementor-element elementor-element-5399bd3 elementor-widget elementor-widget-jet-listing-dynamic-image\" data-id=\"5399bd3\" data-element_type=\"widget\" data-e-type=\"widget\" data-widget_type=\"jet-listing-dynamic-image.default\">\n\t\t\t\t\t<div class=\"jet-listing jet-listing-dynamic-image\" ><a href=\"https:\/\/mcmeister.com\/fr\/kategorie\/detecteurs-de-rayons-x\/\" class=\"jet-listing-dynamic-image__link\"><img fetchpriority=\"high\" decoding=\"async\" width=\"1263\" height=\"526\" src=\"https:\/\/mcmeister.com\/wp-content\/uploads\/2026\/01\/x-ray-detectors.jpg\" class=\"jet-listing-dynamic-image__img attachment-full size-full\" alt=\"x-ray-detectors\" srcset=\"https:\/\/mcmeister.com\/wp-content\/uploads\/2026\/01\/x-ray-detectors.jpg 1263w, https:\/\/mcmeister.com\/wp-content\/uploads\/2026\/01\/x-ray-detectors-300x125.jpg 300w, https:\/\/mcmeister.com\/wp-content\/uploads\/2026\/01\/x-ray-detectors-1024x426.jpg 1024w, https:\/\/mcmeister.com\/wp-content\/uploads\/2026\/01\/x-ray-detectors-768x320.jpg 768w\" sizes=\"(max-width: 1263px) 100vw, 1263px\" loading=\"eager\" \/><\/a><\/div>\t\t\t\t<\/div>\n\t\t\t\t<div class=\"elementor-element elementor-element-fa73b11 elementor-widget-divider--view-line elementor-widget elementor-widget-divider\" data-id=\"fa73b11\" data-element_type=\"widget\" data-e-type=\"widget\" data-widget_type=\"divider.default\">\n\t\t\t\t\t\t\t<div class=\"elementor-divider\">\n\t\t\t<span class=\"elementor-divider-separator\">\n\t\t\t\t\t\t<\/span>\n\t\t<\/div>\n\t\t\t\t\t\t<\/div>\n\t\t\t\t<div class=\"elementor-element elementor-element-7f433e3 elementor-widget elementor-widget-heading\" data-id=\"7f433e3\" data-element_type=\"widget\" data-e-type=\"widget\" data-widget_type=\"heading.default\">\n\t\t\t\t\t<h4 class=\"elementor-heading-title elementor-size-default\">D\u00e9tecteurs de rayons X<\/h4>\t\t\t\t<\/div>\n\t\t\t\t<div class=\"elementor-element elementor-element-18762e9 elementor-widget elementor-widget-jet-listing-dynamic-link\" data-id=\"18762e9\" data-element_type=\"widget\" data-e-type=\"widget\" data-widget_type=\"jet-listing-dynamic-link.default\">\n\t\t\t\t\t<div class=\"jet-listing jet-listing-dynamic-link\"><a href=\"https:\/\/mcmeister.com\/fr\/kategorie\/detecteurs-de-rayons-x\/\" class=\"jet-listing-dynamic-link__link\"><div class=\"jet-listing-dynamic-link__icon is-svg-icon\"><svg xmlns=\"http:\/\/www.w3.org\/2000\/svg\" height=\"24px\" viewBox=\"0 -960 960 960\" width=\"24px\" fill=\"#000000\"><path d=\"m440-200 137-240H80v-80h497L440-760l440 280-440 280Z\"><\/path><\/svg><\/div><span class=\"jet-listing-dynamic-link__label\">Aper\u00e7u<\/span><\/a><\/div>\t\t\t\t<\/div>\n\t\t\t\t<\/div>\n\t\t\t\t<\/div>\n\t\t<\/div><div class=\"jet-listing-grid__item jet-listing-dynamic-post-92 jet-equal-columns\" data-post-id=\"92\"  >\t\t<div data-elementor-type=\"jet-listing-items\" data-elementor-id=\"5162\" class=\"elementor elementor-5162 elementor-322 elementor-322\" data-elementor-post-type=\"jet-engine\">\n\t\t\t\t<div class=\"elementor-element elementor-element-cc2dcdd e-con-full e-flex e-con e-parent\" data-id=\"cc2dcdd\" data-element_type=\"container\" data-e-type=\"container\">\n\t\t\t\t<div class=\"elementor-element elementor-element-5399bd3 elementor-widget elementor-widget-jet-listing-dynamic-image\" data-id=\"5399bd3\" data-element_type=\"widget\" data-e-type=\"widget\" data-widget_type=\"jet-listing-dynamic-image.default\">\n\t\t\t\t\t<div class=\"jet-listing jet-listing-dynamic-image\" ><a href=\"https:\/\/mcmeister.com\/fr\/kategorie\/sources-de-rayons-x\/\" class=\"jet-listing-dynamic-image__link\"><img decoding=\"async\" width=\"2000\" height=\"800\" src=\"https:\/\/mcmeister.com\/wp-content\/uploads\/2026\/01\/x-ray-souces.png\" class=\"jet-listing-dynamic-image__img attachment-full size-full\" alt=\"x-ray-souces\" srcset=\"https:\/\/mcmeister.com\/wp-content\/uploads\/2026\/01\/x-ray-souces.png 2000w, https:\/\/mcmeister.com\/wp-content\/uploads\/2026\/01\/x-ray-souces-300x120.png 300w, https:\/\/mcmeister.com\/wp-content\/uploads\/2026\/01\/x-ray-souces-1024x410.png 1024w, https:\/\/mcmeister.com\/wp-content\/uploads\/2026\/01\/x-ray-souces-768x307.png 768w, https:\/\/mcmeister.com\/wp-content\/uploads\/2026\/01\/x-ray-souces-1536x614.png 1536w\" sizes=\"(max-width: 2000px) 100vw, 2000px\" loading=\"eager\" \/><\/a><\/div>\t\t\t\t<\/div>\n\t\t\t\t<div class=\"elementor-element elementor-element-fa73b11 elementor-widget-divider--view-line elementor-widget elementor-widget-divider\" data-id=\"fa73b11\" data-element_type=\"widget\" data-e-type=\"widget\" data-widget_type=\"divider.default\">\n\t\t\t\t\t\t\t<div class=\"elementor-divider\">\n\t\t\t<span class=\"elementor-divider-separator\">\n\t\t\t\t\t\t<\/span>\n\t\t<\/div>\n\t\t\t\t\t\t<\/div>\n\t\t\t\t<div class=\"elementor-element elementor-element-7f433e3 elementor-widget elementor-widget-heading\" data-id=\"7f433e3\" data-element_type=\"widget\" data-e-type=\"widget\" data-widget_type=\"heading.default\">\n\t\t\t\t\t<h4 class=\"elementor-heading-title elementor-size-default\">Sources de rayons X<\/h4>\t\t\t\t<\/div>\n\t\t\t\t<div class=\"elementor-element elementor-element-18762e9 elementor-widget elementor-widget-jet-listing-dynamic-link\" data-id=\"18762e9\" data-element_type=\"widget\" data-e-type=\"widget\" data-widget_type=\"jet-listing-dynamic-link.default\">\n\t\t\t\t\t<div class=\"jet-listing jet-listing-dynamic-link\"><a href=\"https:\/\/mcmeister.com\/fr\/kategorie\/sources-de-rayons-x\/\" class=\"jet-listing-dynamic-link__link\"><div class=\"jet-listing-dynamic-link__icon is-svg-icon\"><svg xmlns=\"http:\/\/www.w3.org\/2000\/svg\" height=\"24px\" viewBox=\"0 -960 960 960\" width=\"24px\" fill=\"#000000\"><path d=\"m440-200 137-240H80v-80h497L440-760l440 280-440 280Z\"><\/path><\/svg><\/div><span class=\"jet-listing-dynamic-link__label\">Aper\u00e7u<\/span><\/a><\/div>\t\t\t\t<\/div>\n\t\t\t\t<\/div>\n\t\t\t\t<\/div>\n\t\t<\/div><\/div><\/div>\t\t\t\t<\/div>\n\t\t\t\t<\/div>\n\t\t\t\t\t<\/div>\n\t\t\t\t<\/div>\n\t\t\t\t<\/div>\n\t\t","protected":false},"excerpt":{"rendered":"<p>La s\u00e9curit\u00e9 est notre mission \u2013 Faites-nous confiance&nbsp;! Les deux types de syst\u00e8mes d\u2019imagerie num\u00e9rique sont la radiographie num\u00e9ris\u00e9e (CR) et la radiographie directe (DR). Nos g\u00e9n\u00e9rateurs de rayons X sont compatibles avec les deux. Les syst\u00e8mes de radiographie ouverts, compos\u00e9s d\u2019une source de rayons X et d\u2019un d\u00e9tecteur, offrent une flexibilit\u00e9 maximale pour les [&hellip;]<\/p>\n","protected":false},"author":1,"featured_media":0,"parent":2995,"menu_order":0,"comment_status":"closed","ping_status":"closed","template":"","meta":{"footnotes":""},"class_list":["post-2971","page","type-page","status-publish","hentry"],"_links":{"self":[{"href":"https:\/\/mcmeister.com\/fr\/wp-json\/wp\/v2\/pages\/2971","targetHints":{"allow":["GET"]}}],"collection":[{"href":"https:\/\/mcmeister.com\/fr\/wp-json\/wp\/v2\/pages"}],"about":[{"href":"https:\/\/mcmeister.com\/fr\/wp-json\/wp\/v2\/types\/page"}],"author":[{"embeddable":true,"href":"https:\/\/mcmeister.com\/fr\/wp-json\/wp\/v2\/users\/1"}],"replies":[{"embeddable":true,"href":"https:\/\/mcmeister.com\/fr\/wp-json\/wp\/v2\/comments?post=2971"}],"version-history":[{"count":1,"href":"https:\/\/mcmeister.com\/fr\/wp-json\/wp\/v2\/pages\/2971\/revisions"}],"predecessor-version":[{"id":2972,"href":"https:\/\/mcmeister.com\/fr\/wp-json\/wp\/v2\/pages\/2971\/revisions\/2972"}],"up":[{"embeddable":true,"href":"https:\/\/mcmeister.com\/fr\/wp-json\/wp\/v2\/pages\/2995"}],"wp:attachment":[{"href":"https:\/\/mcmeister.com\/fr\/wp-json\/wp\/v2\/media?parent=2971"}],"curies":[{"name":"wp","href":"https:\/\/api.w.org\/{rel}","templated":true}]}}