{"id":1646,"date":"2025-11-13T16:46:10","date_gmt":"2025-11-13T15:46:10","guid":{"rendered":"https:\/\/mcmeister.com\/mentions-legales\/"},"modified":"2026-01-07T13:21:14","modified_gmt":"2026-01-07T12:21:14","slug":"mentions-legales","status":"publish","type":"page","link":"https:\/\/mcmeister.com\/fr\/mentions-legales\/","title":{"rendered":"Mentions l\u00e9gales"},"content":{"rendered":"\t\t<div data-elementor-type=\"wp-page\" data-elementor-id=\"1646\" class=\"elementor elementor-1646 elementor-134\" data-elementor-post-type=\"page\">\n\t\t\t\t<div class=\"elementor-element elementor-element-b278ccc e-flex e-con-boxed e-con e-parent\" data-id=\"b278ccc\" data-element_type=\"container\" data-e-type=\"container\" data-settings=\"{&quot;background_background&quot;:&quot;classic&quot;}\">\n\t\t\t\t\t<div class=\"e-con-inner\">\n\t\t<div class=\"elementor-element elementor-element-8e46da8 e-con-full e-flex e-con e-child\" data-id=\"8e46da8\" data-element_type=\"container\" data-e-type=\"container\">\n\t\t<div class=\"elementor-element elementor-element-f372e39 e-con-full e-flex e-con e-child\" data-id=\"f372e39\" data-element_type=\"container\" data-e-type=\"container\">\n\t\t\t\t<div class=\"elementor-element elementor-element-41c49a7 elementor-widget elementor-widget-heading\" data-id=\"41c49a7\" data-element_type=\"widget\" data-e-type=\"widget\" data-widget_type=\"heading.default\">\n\t\t\t\t\t<h2 class=\"elementor-heading-title elementor-size-default\">Mentions l\u00e9gales<\/h2>\t\t\t\t<\/div>\n\t\t\t\t<div class=\"elementor-element elementor-element-5323ec4 elementor-widget elementor-widget-heading\" data-id=\"5323ec4\" data-element_type=\"widget\" data-e-type=\"widget\" data-widget_type=\"heading.default\">\n\t\t\t\t\t<h3 class=\"elementor-heading-title elementor-size-default\">Propri\u00e9taire du site web, conception et mise en \u0153uvre des contenus\n<\/h3>\t\t\t\t<\/div>\n\t\t\t\t<div class=\"elementor-element elementor-element-3d809d8 elementor-widget elementor-widget-text-editor\" data-id=\"3d809d8\" data-element_type=\"widget\" data-e-type=\"widget\" data-widget_type=\"text-editor.default\">\n\t\t\t\t\t\t\t\t\t<p><strong>Max C. Meister AG<\/strong><br>Neugutstrasse 54<br>CH-8600 D\u00fcbendorf<\/p><p><strong>Num\u00e9ro d\u2019identification de l\u2019entreprise (IDE)<\/strong><br>CHE-102.388.276<\/p><p><strong>Directeur&nbsp;:<\/strong><br>Christoph Werner Meister<\/p><p><strong>Contact&nbsp;:<\/strong><br><a href=\"mailto:admin@mcmeister.com\">admin@mcmeister.com<\/a><br>www.mcmeister.ch<br>+41 (0)44 918 70 10<br>+41 (0)44 918 70 11<\/p>\t\t\t\t\t\t\t\t<\/div>\n\t\t\t\t<div class=\"elementor-element elementor-element-71910c8 elementor-widget elementor-widget-spacer\" data-id=\"71910c8\" data-element_type=\"widget\" data-e-type=\"widget\" data-widget_type=\"spacer.default\">\n\t\t\t\t\t\t\t<div class=\"elementor-spacer\">\n\t\t\t<div class=\"elementor-spacer-inner\"><\/div>\n\t\t<\/div>\n\t\t\t\t\t\t<\/div>\n\t\t\t\t<div class=\"elementor-element elementor-element-7df87d8 elementor-widget elementor-widget-heading\" data-id=\"7df87d8\" data-element_type=\"widget\" data-e-type=\"widget\" data-widget_type=\"heading.default\">\n\t\t\t\t\t<h3 class=\"elementor-heading-title elementor-size-default\">Propri\u00e9taire du site web, conception et mise en \u0153uvre des contenus\n<\/h3>\t\t\t\t<\/div>\n\t\t\t\t<div class=\"elementor-element elementor-element-f6a3512 elementor-widget elementor-widget-text-editor\" data-id=\"f6a3512\" data-element_type=\"widget\" data-e-type=\"widget\" data-widget_type=\"text-editor.default\">\n\t\t\t\t\t\t\t\t\t<p><strong>Max C. Meister AG<\/strong><br>Neugutstrasse 54<br>CH-8600 D\u00fcbendorf<\/p><p><strong>Num\u00e9ro d\u2019identification de l\u2019entreprise (IDE)<\/strong><br>CHE-102.388.276<\/p><p><strong>Marketing&nbsp;:<\/strong><br>Yannick Christoph Meister<\/p><p><strong>Contact&nbsp;:<br><\/strong><a href=\"mailto:y.meister@mcmeister.com\">y.meister@mcmeister.com<\/a><br>www.mcmeister.ch<br>+41 (0)44 918 70 10<br>+41 (0)44 918 70 11<\/p>\t\t\t\t\t\t\t\t<\/div>\n\t\t\t\t<div class=\"elementor-element elementor-element-6669f8d elementor-widget elementor-widget-spacer\" data-id=\"6669f8d\" data-element_type=\"widget\" data-e-type=\"widget\" data-widget_type=\"spacer.default\">\n\t\t\t\t\t\t\t<div class=\"elementor-spacer\">\n\t\t\t<div class=\"elementor-spacer-inner\"><\/div>\n\t\t<\/div>\n\t\t\t\t\t\t<\/div>\n\t\t\t\t<div class=\"elementor-element elementor-element-3f168b3 elementor-widget elementor-widget-heading\" data-id=\"3f168b3\" data-element_type=\"widget\" data-e-type=\"widget\" data-widget_type=\"heading.default\">\n\t\t\t\t\t<h3 class=\"elementor-heading-title elementor-size-default\">Garantie<\/h3>\t\t\t\t<\/div>\n\t\t\t\t<div class=\"elementor-element elementor-element-fa5545a elementor-widget elementor-widget-text-editor\" data-id=\"fa5545a\" data-element_type=\"widget\" data-e-type=\"widget\" data-widget_type=\"text-editor.default\">\n\t\t\t\t\t\t\t\t\tMax C. Meister AG s\u2019efforce de fournir des informations aussi correctes et actuelles que possible. Malgr\u00e9 tout, des erreurs peuvent survenir. Les contenus ont \u00e9t\u00e9 \u00e9labor\u00e9s avec soin, mais les auteurs et les \u00e9diteurs n\u2019assument aucune garantie ni responsabilit\u00e9 quant \u00e0 l\u2019exactitude, la fiabilit\u00e9, l\u2019exhaustivit\u00e9 et l\u2019actualit\u00e9 des informations. L\u2019utilisation du site web et des informations qu\u2019il contient se fait \u00e0 vos propres risques. Des modifications peuvent \u00eatre apport\u00e9es \u00e0 tout moment.    \n\n\t\t\t\t\t\t\t\t<\/div>\n\t\t\t\t<\/div>\n\t\t\t\t<\/div>\n\t\t\t\t\t<\/div>\n\t\t\t\t<\/div>\n\t\t\t\t<\/div>\n\t\t","protected":false},"excerpt":{"rendered":"<p>Mentions l\u00e9gales Propri\u00e9taire du site web, conception et mise en \u0153uvre des contenus Max C. Meister AGNeugutstrasse 54CH-8600 D\u00fcbendorf Num\u00e9ro d\u2019identification de l\u2019entreprise (IDE)CHE-102.388.276 Directeur&nbsp;:Christoph Werner Meister Contact&nbsp;:admin@mcmeister.comwww.mcmeister.ch+41 (0)44 918 70 10+41 (0)44 918 70 11 Propri\u00e9taire du site web, conception et mise en \u0153uvre des contenus Max C. Meister AGNeugutstrasse 54CH-8600 D\u00fcbendorf Num\u00e9ro d\u2019identification [&hellip;]<\/p>\n","protected":false},"author":1,"featured_media":0,"parent":0,"menu_order":0,"comment_status":"closed","ping_status":"closed","template":"","meta":{"footnotes":""},"class_list":["post-1646","page","type-page","status-publish","hentry"],"_links":{"self":[{"href":"https:\/\/mcmeister.com\/fr\/wp-json\/wp\/v2\/pages\/1646","targetHints":{"allow":["GET"]}}],"collection":[{"href":"https:\/\/mcmeister.com\/fr\/wp-json\/wp\/v2\/pages"}],"about":[{"href":"https:\/\/mcmeister.com\/fr\/wp-json\/wp\/v2\/types\/page"}],"author":[{"embeddable":true,"href":"https:\/\/mcmeister.com\/fr\/wp-json\/wp\/v2\/users\/1"}],"replies":[{"embeddable":true,"href":"https:\/\/mcmeister.com\/fr\/wp-json\/wp\/v2\/comments?post=1646"}],"version-history":[{"count":2,"href":"https:\/\/mcmeister.com\/fr\/wp-json\/wp\/v2\/pages\/1646\/revisions"}],"predecessor-version":[{"id":3441,"href":"https:\/\/mcmeister.com\/fr\/wp-json\/wp\/v2\/pages\/1646\/revisions\/3441"}],"wp:attachment":[{"href":"https:\/\/mcmeister.com\/fr\/wp-json\/wp\/v2\/media?parent=1646"}],"curies":[{"name":"wp","href":"https:\/\/api.w.org\/{rel}","templated":true}]}}