{"id":1637,"date":"2025-11-13T16:46:35","date_gmt":"2025-11-13T15:46:35","guid":{"rendered":"https:\/\/mcmeister.com\/politique-de-confidentialite\/"},"modified":"2026-01-08T16:53:29","modified_gmt":"2026-01-08T15:53:29","slug":"politique-de-confidentialite","status":"publish","type":"page","link":"https:\/\/mcmeister.com\/fr\/politique-de-confidentialite\/","title":{"rendered":"Politique de confidentialit\u00e9"},"content":{"rendered":"\t\t<div data-elementor-type=\"wp-page\" data-elementor-id=\"1637\" class=\"elementor elementor-1637 elementor-139\" data-elementor-post-type=\"page\">\n\t\t\t\t<div class=\"elementor-element elementor-element-2f9fb73 e-flex e-con-boxed e-con e-parent\" data-id=\"2f9fb73\" data-element_type=\"container\" data-e-type=\"container\" data-settings=\"{&quot;background_background&quot;:&quot;classic&quot;}\">\n\t\t\t\t\t<div class=\"e-con-inner\">\n\t\t<div class=\"elementor-element elementor-element-1a8fd8c e-con-full e-flex e-con e-child\" data-id=\"1a8fd8c\" data-element_type=\"container\" data-e-type=\"container\">\n\t\t<div class=\"elementor-element elementor-element-1c617c5 e-con-full e-flex e-con e-child\" data-id=\"1c617c5\" data-element_type=\"container\" data-e-type=\"container\">\n\t\t\t\t<div class=\"elementor-element elementor-element-ef23cbd elementor-widget elementor-widget-heading\" data-id=\"ef23cbd\" data-element_type=\"widget\" data-e-type=\"widget\" data-widget_type=\"heading.default\">\n\t\t\t\t\t<h2 class=\"elementor-heading-title elementor-size-default\">Politique de confidentialit\u00e9<\/h2>\t\t\t\t<\/div>\n\t\t\t\t<div class=\"elementor-element elementor-element-0ae152a elementor-widget elementor-widget-text-editor\" data-id=\"0ae152a\" data-element_type=\"widget\" data-e-type=\"widget\" data-widget_type=\"text-editor.default\">\n\t\t\t\t\t\t\t\t\t<p>Vous trouverez nos coordonn\u00e9es dans les <a href=\"https:\/\/mcmeister.com\/impressum\/\">mentions l\u00e9gales<\/a>.<\/p>\t\t\t\t\t\t\t\t<\/div>\n\t\t\t\t<div class=\"elementor-element elementor-element-a649123 elementor-widget elementor-widget-spacer\" data-id=\"a649123\" data-element_type=\"widget\" data-e-type=\"widget\" data-widget_type=\"spacer.default\">\n\t\t\t\t\t\t\t<div class=\"elementor-spacer\">\n\t\t\t<div class=\"elementor-spacer-inner\"><\/div>\n\t\t<\/div>\n\t\t\t\t\t\t<\/div>\n\t\t\t\t<div class=\"elementor-element elementor-element-85f5245 elementor-widget elementor-widget-heading\" data-id=\"85f5245\" data-element_type=\"widget\" data-e-type=\"widget\" data-widget_type=\"heading.default\">\n\t\t\t\t\t<h3 class=\"elementor-heading-title elementor-size-default\">Principes de base<\/h3>\t\t\t\t<\/div>\n\t\t\t\t<div class=\"elementor-element elementor-element-d1821de elementor-widget elementor-widget-text-editor\" data-id=\"d1821de\" data-element_type=\"widget\" data-e-type=\"widget\" data-widget_type=\"text-editor.default\">\n\t\t\t\t\t\t\t\t\t<p>Cette d\u00e9claration de confidentialit\u00e9 est destin\u00e9e \u00e0 informer les utilisateurs de ce site web sur la nature, l\u2019\u00e9tendue et la finalit\u00e9 de la collecte et de l\u2019utilisation des donn\u00e9es personnelles par l\u2019exploitant du site web, Max C. Meister AG. L\u2019exploitant du site web prend votre vie priv\u00e9e tr\u00e8s au s\u00e9rieux et traite vos donn\u00e9es personnelles de mani\u00e8re confidentielle et conform\u00e9ment aux dispositions l\u00e9gales. En raison des nouvelles technologies et du d\u00e9veloppement constant de ce site web, des modifications peuvent \u00eatre apport\u00e9es \u00e0 cette d\u00e9claration de confidentialit\u00e9. Nous vous recommandons de relire r\u00e9guli\u00e8rement la d\u00e9claration de confidentialit\u00e9.  <\/p><p>Lors d\u2019une visite sur ce site web, nous ne collectons des donn\u00e9es personnelles vous concernant que si vous nous les communiquez vous-m\u00eame via notre formulaire de contact. Ces donn\u00e9es sont utilis\u00e9es exclusivement pour r\u00e9pondre \u00e0 votre demande. <\/p>\t\t\t\t\t\t\t\t<\/div>\n\t\t\t\t<div class=\"elementor-element elementor-element-13a8768 elementor-widget elementor-widget-spacer\" data-id=\"13a8768\" data-element_type=\"widget\" data-e-type=\"widget\" data-widget_type=\"spacer.default\">\n\t\t\t\t\t\t\t<div class=\"elementor-spacer\">\n\t\t\t<div class=\"elementor-spacer-inner\"><\/div>\n\t\t<\/div>\n\t\t\t\t\t\t<\/div>\n\t\t\t\t<div class=\"elementor-element elementor-element-7721456 elementor-widget elementor-widget-heading\" data-id=\"7721456\" data-element_type=\"widget\" data-e-type=\"widget\" data-widget_type=\"heading.default\">\n\t\t\t\t\t<h3 class=\"elementor-heading-title elementor-size-default\">Finalit\u00e9 et suppression des donn\u00e9es personnelles\n\n<\/h3>\t\t\t\t<\/div>\n\t\t\t\t<div class=\"elementor-element elementor-element-8f11b92 elementor-widget elementor-widget-heading\" data-id=\"8f11b92\" data-element_type=\"widget\" data-e-type=\"widget\" data-widget_type=\"heading.default\">\n\t\t\t\t\t<h3 class=\"elementor-heading-title elementor-size-default\">Finalit\u00e9 du traitement des donn\u00e9es<\/h3>\t\t\t\t<\/div>\n\t\t\t\t<div class=\"elementor-element elementor-element-63162c0 elementor-widget elementor-widget-text-editor\" data-id=\"63162c0\" data-element_type=\"widget\" data-e-type=\"widget\" data-widget_type=\"text-editor.default\">\n\t\t\t\t\t\t\t\t\tEn principe, nous utilisons les donn\u00e9es dans le cadre du contact avec les clients et de l\u2019ex\u00e9cution des commandes. La mise \u00e0 disposition de notre offre et de nos services en ligne ainsi que l\u2019am\u00e9lioration de ceux-ci. De m\u00eame, les donn\u00e9es sont utilis\u00e9es dans le cadre de notre marketing.  \t\t\t\t\t\t\t\t<\/div>\n\t\t\t\t<div class=\"elementor-element elementor-element-5fe3fa4 elementor-widget elementor-widget-heading\" data-id=\"5fe3fa4\" data-element_type=\"widget\" data-e-type=\"widget\" data-widget_type=\"heading.default\">\n\t\t\t\t\t<h3 class=\"elementor-heading-title elementor-size-default\">Suppression et r\u00e9vocation<\/h3>\t\t\t\t<\/div>\n\t\t\t\t<div class=\"elementor-element elementor-element-241c2d3 elementor-widget elementor-widget-text-editor\" data-id=\"241c2d3\" data-element_type=\"widget\" data-e-type=\"widget\" data-widget_type=\"text-editor.default\">\n\t\t\t\t\t\t\t\t\t<p>Les donn\u00e9es collect\u00e9es sont soit supprim\u00e9es en fonction de leur finalit\u00e9, soit conserv\u00e9es jusqu\u2019\u00e0 r\u00e9vocation, \u00e0 moins qu\u2019elles ne soient soumises \u00e0 une obligation de conservation.<\/p><p>Vous pouvez volontiers vous adresser \u00e0 <a href=\"mailto:admin@mcmeister.com\">admin@mcmeister.com<\/a> pour obtenir des renseignements et des demandes de suppression.<\/p>\t\t\t\t\t\t\t\t<\/div>\n\t\t\t\t<div class=\"elementor-element elementor-element-072b322 elementor-widget elementor-widget-spacer\" data-id=\"072b322\" data-element_type=\"widget\" data-e-type=\"widget\" data-widget_type=\"spacer.default\">\n\t\t\t\t\t\t\t<div class=\"elementor-spacer\">\n\t\t\t<div class=\"elementor-spacer-inner\"><\/div>\n\t\t<\/div>\n\t\t\t\t\t\t<\/div>\n\t\t\t\t<div class=\"elementor-element elementor-element-8685604 elementor-widget elementor-widget-heading\" data-id=\"8685604\" data-element_type=\"widget\" data-e-type=\"widget\" data-widget_type=\"heading.default\">\n\t\t\t\t\t<h3 class=\"elementor-heading-title elementor-size-default\">Cookies G\u00e9n\u00e9ralit\u00e9s<\/h3>\t\t\t\t<\/div>\n\t\t\t\t<div class=\"elementor-element elementor-element-b8ce592 elementor-widget elementor-widget-text-editor\" data-id=\"b8ce592\" data-element_type=\"widget\" data-e-type=\"widget\" data-widget_type=\"text-editor.default\">\n\t\t\t\t\t\t\t\t\t<p>Ce site web utilise des cookies. Les cookies sont de petits fichiers texte qui sont enregistr\u00e9s de mani\u00e8re permanente ou temporaire dans votre ordinateur lorsque vous visitez ce site web. Les cookies ont notamment pour but d\u2019analyser l\u2019utilisation de ce site web \u00e0 des fins d\u2019\u00e9valuation statistique ainsi que d\u2019am\u00e9liorations continues. Mais l\u2019optimisation de l\u2019exp\u00e9rience utilisateur en fait \u00e9galement partie. Des cookies dits de tiers de fournisseurs tiers tels que Google Analytics sont \u00e9galement utilis\u00e9s.    <\/p><p>Dans votre navigateur, vous pouvez \u00e0 tout moment d\u00e9sactiver enti\u00e8rement ou partiellement les cookies dans les param\u00e8tres. Vous trouverez \u00e9galement diverses indications sur la mani\u00e8re d\u2019emp\u00eacher l\u2019installation de cookies sur la page http:\/\/www.youronlinechoices.com\/ch-de\/. Si les cookies sont d\u00e9sactiv\u00e9s, il se peut que vous ne puissiez plus utiliser toutes les fonctions de ce site web.  <\/p>\t\t\t\t\t\t\t\t<\/div>\n\t\t\t\t<div class=\"elementor-element elementor-element-b9a531a elementor-widget elementor-widget-spacer\" data-id=\"b9a531a\" data-element_type=\"widget\" data-e-type=\"widget\" data-widget_type=\"spacer.default\">\n\t\t\t\t\t\t\t<div class=\"elementor-spacer\">\n\t\t\t<div class=\"elementor-spacer-inner\"><\/div>\n\t\t<\/div>\n\t\t\t\t\t\t<\/div>\n\t\t\t\t<div class=\"elementor-element elementor-element-e94d88a elementor-widget elementor-widget-heading\" data-id=\"e94d88a\" data-element_type=\"widget\" data-e-type=\"widget\" data-widget_type=\"heading.default\">\n\t\t\t\t\t<h3 class=\"elementor-heading-title elementor-size-default\">Prise de contact\n\n<\/h3>\t\t\t\t<\/div>\n\t\t\t\t<div class=\"elementor-element elementor-element-84c6b6f elementor-widget elementor-widget-text-editor\" data-id=\"84c6b6f\" data-element_type=\"widget\" data-e-type=\"widget\" data-widget_type=\"text-editor.default\">\n\t\t\t\t\t\t\t\t\t<p>Notre site web vous offre la possibilit\u00e9 de nous contacter via des formulaires.<\/p><p>Vos indications sont enregistr\u00e9es chez nous et utilis\u00e9es pour traiter votre demande. Les donn\u00e9es sont en outre enregistr\u00e9es \u00e0 des fins internes (par exemple, \u00e9valuation, suivi et documentation) et pour une \u00e9ventuelle prise de contact ult\u00e9rieure (pour un suivi client plus approfondi, un suivi, une demande d\u2019\u00e9valuation, etc.). \u00c0 des fins internes, ces donn\u00e9es sont donc \u00e9galement enregistr\u00e9es apr\u00e8s la fin de la collaboration. Nous nous permettons par exemple de sauvegarder \u00e9galement les remarques relatives aux prises de contact explicitement non souhait\u00e9es, afin d\u2019emp\u00eacher pr\u00e9cis\u00e9ment celles-ci.    <\/p><p>Veuillez ne pas transmettre d\u2019informations dont vous ne souhaitez pas que nous ou d\u2019autres les recevions. Ne nous envoyez donc pas non plus de donn\u00e9es sensibles, telles que des informations de carte de cr\u00e9dit, par e-mail ou par formulaire de contact, mais par t\u00e9l\u00e9phone. <\/p><p>Si vous ne souhaitez utiliser ni formulaire ni e-mail, vous pouvez nous joindre par t\u00e9l\u00e9phone au +41 44 918 70 10.<\/p><p>Si certaines informations doivent \u00eatre supprim\u00e9es, veuillez nous contacter directement via <a href=\"mailto:admin@mcmeister.com\">admin@mcmeister.com<\/a>.<\/p>\t\t\t\t\t\t\t\t<\/div>\n\t\t\t\t<div class=\"elementor-element elementor-element-e90a88e elementor-widget elementor-widget-spacer\" data-id=\"e90a88e\" data-element_type=\"widget\" data-e-type=\"widget\" data-widget_type=\"spacer.default\">\n\t\t\t\t\t\t\t<div class=\"elementor-spacer\">\n\t\t\t<div class=\"elementor-spacer-inner\"><\/div>\n\t\t<\/div>\n\t\t\t\t\t\t<\/div>\n\t\t\t\t<div class=\"elementor-element elementor-element-16d413f elementor-widget elementor-widget-heading\" data-id=\"16d413f\" data-element_type=\"widget\" data-e-type=\"widget\" data-widget_type=\"heading.default\">\n\t\t\t\t\t<h3 class=\"elementor-heading-title elementor-size-default\">Formulaires de contact<\/h3>\t\t\t\t<\/div>\n\t\t\t\t<div class=\"elementor-element elementor-element-dd85a9f elementor-widget elementor-widget-text-editor\" data-id=\"dd85a9f\" data-element_type=\"widget\" data-e-type=\"widget\" data-widget_type=\"text-editor.default\">\n\t\t\t\t\t\t\t\t\t<p>Toutes les indications que vous nous faites parvenir via le formulaire de contact ou par e-mail sont trait\u00e9es comme d\u00e9crit ci-dessus. Les donn\u00e9es envoy\u00e9es comprennent celles que vous transmettez dans les champs obligatoires et facultatifs, ainsi que dans le champ de message. En outre, votre adresse IP est enregistr\u00e9e.  <\/p>\t\t\t\t\t\t\t\t<\/div>\n\t\t\t\t<div class=\"elementor-element elementor-element-d793d86 elementor-widget elementor-widget-spacer\" data-id=\"d793d86\" data-element_type=\"widget\" data-e-type=\"widget\" data-widget_type=\"spacer.default\">\n\t\t\t\t\t\t\t<div class=\"elementor-spacer\">\n\t\t\t<div class=\"elementor-spacer-inner\"><\/div>\n\t\t<\/div>\n\t\t\t\t\t\t<\/div>\n\t\t\t\t<div class=\"elementor-element elementor-element-a3c0b98 elementor-widget elementor-widget-heading\" data-id=\"a3c0b98\" data-element_type=\"widget\" data-e-type=\"widget\" data-widget_type=\"heading.default\">\n\t\t\t\t\t<h3 class=\"elementor-heading-title elementor-size-default\">Google<\/h3>\t\t\t\t<\/div>\n\t\t\t\t<div class=\"elementor-element elementor-element-0390478 elementor-widget elementor-widget-heading\" data-id=\"0390478\" data-element_type=\"widget\" data-e-type=\"widget\" data-widget_type=\"heading.default\">\n\t\t\t\t\t<h4 class=\"elementor-heading-title elementor-size-default\">Google Analytics<\/h4>\t\t\t\t<\/div>\n\t\t\t\t<div class=\"elementor-element elementor-element-4af6618 elementor-widget elementor-widget-text-editor\" data-id=\"4af6618\" data-element_type=\"widget\" data-e-type=\"widget\" data-widget_type=\"text-editor.default\">\n\t\t\t\t\t\t\t\t\t<p>Ce site web utilise Google Analytics, un service d\u2019analyse web de Google Inc., 1600 Amphitheatre Parkway, Mountain View, CA 94043, USA. Google Analytics utilise des \u00abcookies\u00bb, c\u2019est-\u00e0-dire des fichiers texte qui sont enregistr\u00e9s sur votre ordinateur et qui permettent d\u2019analyser votre utilisation du site web.<\/p><p>Google utilise ces informations pour \u00e9valuer votre utilisation du site web, pour \u00e9tablir des rapports sur les activit\u00e9s du site web et pour fournir d\u2019autres prestations de services li\u00e9es \u00e0 l\u2019utilisation du site web et \u00e0 l\u2019utilisation d\u2019Internet \u00e0 l\u2019exploitant du site web. L\u2019adresse IP transmise par votre navigateur dans le cadre de Google Analytics n\u2019est pas fusionn\u00e9e avec d\u2019autres donn\u00e9es de Google. <\/p><p>Vous pouvez emp\u00eacher ou supprimer \u00e0 nouveau l\u2019enregistrement des cookies en effectuant un r\u00e9glage correspondant dans votre navigateur.<\/p>\t\t\t\t\t\t\t\t<\/div>\n\t\t\t\t<div class=\"elementor-element elementor-element-f32a8ce elementor-widget elementor-widget-heading\" data-id=\"f32a8ce\" data-element_type=\"widget\" data-e-type=\"widget\" data-widget_type=\"heading.default\">\n\t\t\t\t\t<h4 class=\"elementor-heading-title elementor-size-default\">Google Maps<\/h4>\t\t\t\t<\/div>\n\t\t\t\t<div class=\"elementor-element elementor-element-1e78edf elementor-widget elementor-widget-text-editor\" data-id=\"1e78edf\" data-element_type=\"widget\" data-e-type=\"widget\" data-widget_type=\"text-editor.default\">\n\t\t\t\t\t\t\t\t\t<p>Ce site web utilise le produit Google Maps de Google Inc. afin de vous afficher des cartes de localisation et de vous permettre d\u2019acc\u00e9der rapidement \u00e0 Google Maps, par exemple pour planifier votre itin\u00e9raire (am\u00e9lioration de l\u2019exp\u00e9rience utilisateur).<\/p><p>Google Maps collecte par exemple l\u2019adresse IP ou des informations de localisation et les traite. En utilisant ce site web, vous d\u00e9clarez accepter la collecte, le traitement et l\u2019utilisation des donn\u00e9es collect\u00e9es automatiquement par Google Inc., ses repr\u00e9sentants et des tiers.<\/p><p>Les conditions d\u2019utilisation de Google Maps sont disponibles sous \u00ab<a href=\"https:\/\/www.google.com\/intl\/de_de\/help\/terms_maps\/\" target=\"_blank\" rel=\"noopener\">Conditions d\u2019utilisation de Google Maps<\/a>\u00bb ou les <a href=\"https:\/\/policies.google.com\/privacy?hl=de\" target=\"_blank\" rel=\"noopener\">Conditions d\u2019utilisation de Google<\/a> lui-m\u00eame. Dans votre navigateur ou les param\u00e8tres de votre appareil mobile, vous pouvez d\u00e9finir diff\u00e9rents param\u00e8tres de protection des donn\u00e9es, par exemple \u00e9galement pour la d\u00e9termination de la position.  <\/p><p> <\/p>\t\t\t\t\t\t\t\t<\/div>\n\t\t\t\t<div class=\"elementor-element elementor-element-935e537 elementor-widget elementor-widget-spacer\" data-id=\"935e537\" data-element_type=\"widget\" data-e-type=\"widget\" data-widget_type=\"spacer.default\">\n\t\t\t\t\t\t\t<div class=\"elementor-spacer\">\n\t\t\t<div class=\"elementor-spacer-inner\"><\/div>\n\t\t<\/div>\n\t\t\t\t\t\t<\/div>\n\t\t\t\t<div class=\"elementor-element elementor-element-069d7ab elementor-widget elementor-widget-heading\" data-id=\"069d7ab\" data-element_type=\"widget\" data-e-type=\"widget\" data-widget_type=\"heading.default\">\n\t\t\t\t\t<h3 class=\"elementor-heading-title elementor-size-default\">Traitement des donn\u00e9es relatives aux affaires\n<\/h3>\t\t\t\t<\/div>\n\t\t\t\t<div class=\"elementor-element elementor-element-bca9250 elementor-widget elementor-widget-text-editor\" data-id=\"bca9250\" data-element_type=\"widget\" data-e-type=\"widget\" data-widget_type=\"text-editor.default\">\n\t\t\t\t\t\t\t\t\t<p>Dans le cadre de notre activit\u00e9 commerciale, nous traitons en outre les donn\u00e9es contractuelles, les donn\u00e9es de paiement, etc. qui sont n\u00e9cessaires \u00e0 une collaboration sans probl\u00e8me avec nos clients et \u00e0 nos prestations de services.<\/p><p>Les donn\u00e9es sont en outre utilis\u00e9es \u00e0 des fins internes (\u00e9valuations, analyses, fins de marketing, service, suivi de la client\u00e8le, etc.). Cela comprend \u00e9galement les traitements dans le cadre de l\u2019administration, de l\u2019organisation, de la comptabilit\u00e9 financi\u00e8re ainsi qu\u2019\u00e0 des fins d\u2019archivage s\u00e9curis\u00e9. <\/p><p>Les informations relatives aux clients, aux fournisseurs, aux partenaires, etc. \u2013 qui sont principalement des donn\u00e9es relatives \u00e0 l\u2019entreprise \u2013 sont en principe conserv\u00e9es de mani\u00e8re permanente.<\/p><p>Dans ce contexte, les donn\u00e9es sont \u00e9ventuellement transmises \u00e0 des fiduciaires, des experts-comptables, etc. ou un droit de regard leur est accord\u00e9.<\/p>\t\t\t\t\t\t\t\t<\/div>\n\t\t\t\t<div class=\"elementor-element elementor-element-edd92bd elementor-widget elementor-widget-spacer\" data-id=\"edd92bd\" data-element_type=\"widget\" data-e-type=\"widget\" data-widget_type=\"spacer.default\">\n\t\t\t\t\t\t\t<div class=\"elementor-spacer\">\n\t\t\t<div class=\"elementor-spacer-inner\"><\/div>\n\t\t<\/div>\n\t\t\t\t\t\t<\/div>\n\t\t\t\t<div class=\"elementor-element elementor-element-7fd6f36 elementor-widget elementor-widget-heading\" data-id=\"7fd6f36\" data-element_type=\"widget\" data-e-type=\"widget\" data-widget_type=\"heading.default\">\n\t\t\t\t\t<h3 class=\"elementor-heading-title elementor-size-default\">Droits de l\u2019utilisateur<\/h3>\t\t\t\t<\/div>\n\t\t\t\t<div class=\"elementor-element elementor-element-06a8178 elementor-widget elementor-widget-text-editor\" data-id=\"06a8178\" data-element_type=\"widget\" data-e-type=\"widget\" data-widget_type=\"text-editor.default\">\n\t\t\t\t\t\t\t\t\t<p>En tant qu\u2019utilisateur, vous avez le droit d\u2019obtenir gratuitement, sur demande, des informations sur les donn\u00e9es personnelles enregistr\u00e9es \u00e0 votre sujet. Vous avez \u00e9galement le droit de faire rectifier les donn\u00e9es incorrectes et de faire limiter le traitement ou supprimer vos donn\u00e9es personnelles. Le cas \u00e9ch\u00e9ant, vous pouvez \u00e9galement faire valoir votre droit \u00e0 la portabilit\u00e9 des donn\u00e9es. Si vous estimez que vos donn\u00e9es ont \u00e9t\u00e9 trait\u00e9es ill\u00e9galement, vous pouvez d\u00e9poser une plainte aupr\u00e8s de l\u2019autorit\u00e9 de surveillance comp\u00e9tente.   <\/p>\t\t\t\t\t\t\t\t<\/div>\n\t\t\t\t<div class=\"elementor-element elementor-element-95985c8 elementor-widget elementor-widget-spacer\" data-id=\"95985c8\" data-element_type=\"widget\" data-e-type=\"widget\" data-widget_type=\"spacer.default\">\n\t\t\t\t\t\t\t<div class=\"elementor-spacer\">\n\t\t\t<div class=\"elementor-spacer-inner\"><\/div>\n\t\t<\/div>\n\t\t\t\t\t\t<\/div>\n\t\t\t\t<div class=\"elementor-element elementor-element-4fc50fd elementor-widget elementor-widget-heading\" data-id=\"4fc50fd\" data-element_type=\"widget\" data-e-type=\"widget\" data-widget_type=\"heading.default\">\n\t\t\t\t\t<h3 class=\"elementor-heading-title elementor-size-default\">Suppression des donn\u00e9es<\/h3>\t\t\t\t<\/div>\n\t\t\t\t<div class=\"elementor-element elementor-element-bffe974 elementor-widget elementor-widget-text-editor\" data-id=\"bffe974\" data-element_type=\"widget\" data-e-type=\"widget\" data-widget_type=\"text-editor.default\">\n\t\t\t\t\t\t\t\t\t<p>Dans la mesure o\u00f9 votre souhait n\u2019entre pas en conflit avec une obligation l\u00e9gale de conservation des donn\u00e9es (par exemple, la conservation des donn\u00e9es de stockage), vous avez le droit de faire supprimer vos donn\u00e9es. Les donn\u00e9es enregistr\u00e9es par nos soins sont supprim\u00e9es si elles ne sont plus n\u00e9cessaires \u00e0 leur finalit\u00e9 et s\u2019il n\u2019existe pas de d\u00e9lais de conservation l\u00e9gaux.<br>Si une suppression ne peut pas \u00eatre effectu\u00e9e, car les donn\u00e9es sont n\u00e9cessaires \u00e0 des fins l\u00e9gales autoris\u00e9es, une restriction du traitement des donn\u00e9es est effectu\u00e9e. Dans ce cas, les donn\u00e9es sont bloqu\u00e9es et ne sont pas trait\u00e9es \u00e0 d\u2019autres fins.  <\/p>\t\t\t\t\t\t\t\t<\/div>\n\t\t\t\t<\/div>\n\t\t\t\t<\/div>\n\t\t\t\t\t<\/div>\n\t\t\t\t<\/div>\n\t\t\t\t<\/div>\n\t\t","protected":false},"excerpt":{"rendered":"<p>Politique de confidentialit\u00e9 Vous trouverez nos coordonn\u00e9es dans les mentions l\u00e9gales. Principes de base Cette d\u00e9claration de confidentialit\u00e9 est destin\u00e9e \u00e0 informer les utilisateurs de ce site web sur la nature, l\u2019\u00e9tendue et la finalit\u00e9 de la collecte et de l\u2019utilisation des donn\u00e9es personnelles par l\u2019exploitant du site web, Max C. Meister AG. L\u2019exploitant du [&hellip;]<\/p>\n","protected":false},"author":1,"featured_media":0,"parent":0,"menu_order":0,"comment_status":"closed","ping_status":"closed","template":"","meta":{"footnotes":""},"class_list":["post-1637","page","type-page","status-publish","hentry"],"_links":{"self":[{"href":"https:\/\/mcmeister.com\/fr\/wp-json\/wp\/v2\/pages\/1637","targetHints":{"allow":["GET"]}}],"collection":[{"href":"https:\/\/mcmeister.com\/fr\/wp-json\/wp\/v2\/pages"}],"about":[{"href":"https:\/\/mcmeister.com\/fr\/wp-json\/wp\/v2\/types\/page"}],"author":[{"embeddable":true,"href":"https:\/\/mcmeister.com\/fr\/wp-json\/wp\/v2\/users\/1"}],"replies":[{"embeddable":true,"href":"https:\/\/mcmeister.com\/fr\/wp-json\/wp\/v2\/comments?post=1637"}],"version-history":[{"count":2,"href":"https:\/\/mcmeister.com\/fr\/wp-json\/wp\/v2\/pages\/1637\/revisions"}],"predecessor-version":[{"id":3465,"href":"https:\/\/mcmeister.com\/fr\/wp-json\/wp\/v2\/pages\/1637\/revisions\/3465"}],"wp:attachment":[{"href":"https:\/\/mcmeister.com\/fr\/wp-json\/wp\/v2\/media?parent=1637"}],"curies":[{"name":"wp","href":"https:\/\/api.w.org\/{rel}","templated":true}]}}