{"id":1591,"date":"2025-11-26T11:02:47","date_gmt":"2025-11-26T10:02:47","guid":{"rendered":"https:\/\/mcmeister.com\/technologie-de-securite\/"},"modified":"2026-03-31T11:31:17","modified_gmt":"2026-03-31T09:31:17","slug":"technologie-de-securite","status":"publish","type":"page","link":"https:\/\/mcmeister.com\/fr\/technologie-de-securite\/","title":{"rendered":"S\u00e9curit\u00e9 tech"},"content":{"rendered":"\t\t<div data-elementor-type=\"wp-page\" data-elementor-id=\"1591\" class=\"elementor elementor-1591 elementor-402\" data-elementor-post-type=\"page\">\n\t\t\t\t<div class=\"elementor-element elementor-element-3bfce22 e-flex e-con-boxed e-con e-parent\" data-id=\"3bfce22\" data-element_type=\"container\" data-e-type=\"container\" data-settings=\"{&quot;background_background&quot;:&quot;classic&quot;}\">\n\t\t\t\t\t<div class=\"e-con-inner\">\n\t\t<div class=\"elementor-element elementor-element-6493f7a e-con-full e-flex e-con e-child\" data-id=\"6493f7a\" data-element_type=\"container\" data-e-type=\"container\">\n\t\t<div class=\"elementor-element elementor-element-51efca1 e-con-full e-flex e-con e-child\" data-id=\"51efca1\" data-element_type=\"container\" data-e-type=\"container\">\n\t\t\t\t<div class=\"elementor-element elementor-element-a5fe452 elementor-widget elementor-widget-heading\" data-id=\"a5fe452\" data-element_type=\"widget\" data-e-type=\"widget\" data-widget_type=\"heading.default\">\n\t\t\t\t\t<h1 class=\"elementor-heading-title elementor-size-default\">S\u00e9curit\u00e9 tech<\/h1>\t\t\t\t<\/div>\n\t\t\t\t<div class=\"elementor-element elementor-element-8869a4e elementor-widget elementor-widget-text-editor\" data-id=\"8869a4e\" data-element_type=\"widget\" data-e-type=\"widget\" data-widget_type=\"text-editor.default\">\n\t\t\t\t\t\t\t\t\t<p>Max C. Meister AG vous propose un portefeuille complet de solutions modernes et innovantes dans le domaine de la technologie de s\u00e9curit\u00e9 (SEC). Notre gamme comprend six cat\u00e9gories principales \u2013 des syst\u00e8mes \u00e0 rayons X (X-Ray) et d\u00e9tecteurs de m\u00e9taux (WTMD) aux d\u00e9tecteurs d&rsquo;explosifs et de drogues, en passant par la d\u00e9tection de battements cardiaques, la contre-surveillance et la protection t\u00e9l\u00e9phonique, ainsi que les appareils de mesure de temp\u00e9rature et d&rsquo;autres solutions de s\u00e9curit\u00e9 sp\u00e9cialis\u00e9es. <\/p>\t\t\t\t\t\t\t\t<\/div>\n\t\t\t\t<\/div>\n\t\t\t\t<\/div>\n\t\t<div class=\"elementor-element elementor-element-a723082 e-con-full e-flex e-con e-child\" data-id=\"a723082\" data-element_type=\"container\" data-e-type=\"container\" data-settings=\"{&quot;background_background&quot;:&quot;classic&quot;}\">\n\t\t<div class=\"elementor-element elementor-element-53da6b3 e-con-full e-flex e-con e-child\" data-id=\"53da6b3\" data-element_type=\"container\" data-e-type=\"container\">\n\t\t\t\t<div class=\"elementor-element elementor-element-6e3f861 elementor-widget elementor-widget-image\" data-id=\"6e3f861\" data-element_type=\"widget\" data-e-type=\"widget\" data-widget_type=\"image.default\">\n\t\t\t\t\t\t\t\t\t\t\t\t\t\t\t<img fetchpriority=\"high\" decoding=\"async\" width=\"800\" height=\"534\" src=\"https:\/\/mcmeister.com\/wp-content\/uploads\/2025\/11\/Sicherheitstechnik-1024x683.webp\" class=\"attachment-large size-large wp-image-1665\" alt=\"\" srcset=\"https:\/\/mcmeister.com\/wp-content\/uploads\/2025\/11\/Sicherheitstechnik-1024x683.webp 1024w, https:\/\/mcmeister.com\/wp-content\/uploads\/2025\/11\/Sicherheitstechnik-300x200.webp 300w, https:\/\/mcmeister.com\/wp-content\/uploads\/2025\/11\/Sicherheitstechnik-768x512.webp 768w, https:\/\/mcmeister.com\/wp-content\/uploads\/2025\/11\/Sicherheitstechnik-1536x1024.webp 1536w, https:\/\/mcmeister.com\/wp-content\/uploads\/2025\/11\/Sicherheitstechnik.webp 1875w\" sizes=\"(max-width: 800px) 100vw, 800px\" \/>\t\t\t\t\t\t\t\t\t\t\t\t\t\t\t<\/div>\n\t\t\t\t<\/div>\n\t\t\t\t<\/div>\n\t\t\t\t\t<\/div>\n\t\t\t\t<\/div>\n\t\t<div class=\"elementor-element elementor-element-d2b6bf2 e-flex e-con-boxed e-con e-parent\" data-id=\"d2b6bf2\" data-element_type=\"container\" data-e-type=\"container\">\n\t\t\t\t\t<div class=\"e-con-inner\">\n\t\t<div class=\"elementor-element elementor-element-8ebc64d e-con-full e-flex e-con e-child\" data-id=\"8ebc64d\" data-element_type=\"container\" data-e-type=\"container\">\n\t\t<div class=\"elementor-element elementor-element-cd07f72 e-con-full e-flex e-con e-child\" data-id=\"cd07f72\" data-element_type=\"container\" data-e-type=\"container\">\n\t\t\t\t<div class=\"elementor-element elementor-element-41a0f20 elementor-widget elementor-widget-image\" data-id=\"41a0f20\" data-element_type=\"widget\" data-e-type=\"widget\" data-widget_type=\"image.default\">\n\t\t\t\t\t\t\t\t\t\t\t\t\t\t\t<img decoding=\"async\" width=\"750\" height=\"903\" src=\"https:\/\/mcmeister.com\/wp-content\/uploads\/2026\/03\/Roentgensysteme.webp\" class=\"attachment-large size-large wp-image-5064\" alt=\"\" srcset=\"https:\/\/mcmeister.com\/wp-content\/uploads\/2026\/03\/Roentgensysteme.webp 750w, https:\/\/mcmeister.com\/wp-content\/uploads\/2026\/03\/Roentgensysteme-249x300.webp 249w\" sizes=\"(max-width: 750px) 100vw, 750px\" \/>\t\t\t\t\t\t\t\t\t\t\t\t\t\t\t<\/div>\n\t\t\t\t<div class=\"elementor-element elementor-element-d17686b elementor-widget elementor-widget-heading\" data-id=\"d17686b\" data-element_type=\"widget\" data-e-type=\"widget\" data-widget_type=\"heading.default\">\n\t\t\t\t\t<h4 class=\"elementor-heading-title elementor-size-default\">Appareils radiographiques<\/h4>\t\t\t\t<\/div>\n\t\t\t\t<div class=\"elementor-element elementor-element-713391c elementor-widget-divider--view-line elementor-widget elementor-widget-divider\" data-id=\"713391c\" data-element_type=\"widget\" data-e-type=\"widget\" data-widget_type=\"divider.default\">\n\t\t\t\t\t\t\t<div class=\"elementor-divider\">\n\t\t\t<span class=\"elementor-divider-separator\">\n\t\t\t\t\t\t<\/span>\n\t\t<\/div>\n\t\t\t\t\t\t<\/div>\n\t\t\t\t<\/div>\n\t\t\t\t<div class=\"elementor-element elementor-element-03444b8 elementor-widget elementor-widget-button\" data-id=\"03444b8\" data-element_type=\"widget\" data-e-type=\"widget\" data-widget_type=\"button.default\">\n\t\t\t\t\t\t\t\t\t\t<a class=\"elementor-button elementor-button-link elementor-size-sm\" href=\"https:\/\/mcmeister.com\/fr\/technologie-de-securite\/systemes-de-radioscopie-x-ray\/\">\n\t\t\t\t\t\t<span class=\"elementor-button-content-wrapper\">\n\t\t\t\t\t\t<span class=\"elementor-button-icon\">\n\t\t\t\t<svg xmlns=\"http:\/\/www.w3.org\/2000\/svg\" height=\"24px\" viewBox=\"0 -960 960 960\" width=\"24px\" fill=\"#000000\"><path d=\"m440-200 137-240H80v-80h497L440-760l440 280-440 280Z\"><\/path><\/svg>\t\t\t<\/span>\n\t\t\t\t\t\t\t\t\t<span class=\"elementor-button-text\">Aper\u00e7u<\/span>\n\t\t\t\t\t<\/span>\n\t\t\t\t\t<\/a>\n\t\t\t\t\t\t\t\t<\/div>\n\t\t\t\t<\/div>\n\t\t<div class=\"elementor-element elementor-element-510fc7c e-con-full e-flex e-con e-child\" data-id=\"510fc7c\" data-element_type=\"container\" data-e-type=\"container\">\n\t\t<div class=\"elementor-element elementor-element-229faee e-con-full e-flex e-con e-child\" data-id=\"229faee\" data-element_type=\"container\" data-e-type=\"container\">\n\t\t\t\t<div class=\"elementor-element elementor-element-70638e0 elementor-widget elementor-widget-image\" data-id=\"70638e0\" data-element_type=\"widget\" data-e-type=\"widget\" data-widget_type=\"image.default\">\n\t\t\t\t\t\t\t\t\t\t\t\t\t\t\t<img decoding=\"async\" width=\"500\" height=\"602\" src=\"https:\/\/mcmeister.com\/wp-content\/uploads\/2026\/03\/Metalldetektoren-1.webp\" class=\"attachment-large size-large wp-image-5067\" alt=\"\" srcset=\"https:\/\/mcmeister.com\/wp-content\/uploads\/2026\/03\/Metalldetektoren-1.webp 500w, https:\/\/mcmeister.com\/wp-content\/uploads\/2026\/03\/Metalldetektoren-1-249x300.webp 249w\" sizes=\"(max-width: 500px) 100vw, 500px\" \/>\t\t\t\t\t\t\t\t\t\t\t\t\t\t\t<\/div>\n\t\t\t\t<div class=\"elementor-element elementor-element-42b48c2 elementor-widget elementor-widget-heading\" data-id=\"42b48c2\" data-element_type=\"widget\" data-e-type=\"widget\" data-widget_type=\"heading.default\">\n\t\t\t\t\t<h4 class=\"elementor-heading-title elementor-size-default\">D\u00e9tecteurs de m\u00e9taux<\/h4>\t\t\t\t<\/div>\n\t\t\t\t<div class=\"elementor-element elementor-element-761d868 elementor-widget-divider--view-line elementor-widget elementor-widget-divider\" data-id=\"761d868\" data-element_type=\"widget\" data-e-type=\"widget\" data-widget_type=\"divider.default\">\n\t\t\t\t\t\t\t<div class=\"elementor-divider\">\n\t\t\t<span class=\"elementor-divider-separator\">\n\t\t\t\t\t\t<\/span>\n\t\t<\/div>\n\t\t\t\t\t\t<\/div>\n\t\t\t\t<\/div>\n\t\t\t\t<div class=\"elementor-element elementor-element-4103104 elementor-widget elementor-widget-button\" data-id=\"4103104\" data-element_type=\"widget\" data-e-type=\"widget\" data-widget_type=\"button.default\">\n\t\t\t\t\t\t\t\t\t\t<a class=\"elementor-button elementor-button-link elementor-size-sm\" href=\"https:\/\/mcmeister.com\/fr\/technologie-de-securite\/detecteurs-de-metaux-wtmd\/\">\n\t\t\t\t\t\t<span class=\"elementor-button-content-wrapper\">\n\t\t\t\t\t\t<span class=\"elementor-button-icon\">\n\t\t\t\t<svg xmlns=\"http:\/\/www.w3.org\/2000\/svg\" height=\"24px\" viewBox=\"0 -960 960 960\" width=\"24px\" fill=\"#000000\"><path d=\"m440-200 137-240H80v-80h497L440-760l440 280-440 280Z\"><\/path><\/svg>\t\t\t<\/span>\n\t\t\t\t\t\t\t\t\t<span class=\"elementor-button-text\">Aper\u00e7u<\/span>\n\t\t\t\t\t<\/span>\n\t\t\t\t\t<\/a>\n\t\t\t\t\t\t\t\t<\/div>\n\t\t\t\t<\/div>\n\t\t<div class=\"elementor-element elementor-element-4e57703 e-con-full e-flex e-con e-child\" data-id=\"4e57703\" data-element_type=\"container\" data-e-type=\"container\">\n\t\t<div class=\"elementor-element elementor-element-5d9796a e-con-full e-flex e-con e-child\" data-id=\"5d9796a\" data-element_type=\"container\" data-e-type=\"container\">\n\t\t\t\t<div class=\"elementor-element elementor-element-aa753f7 elementor-widget elementor-widget-image\" data-id=\"aa753f7\" data-element_type=\"widget\" data-e-type=\"widget\" data-widget_type=\"image.default\">\n\t\t\t\t\t\t\t\t\t\t\t\t\t\t\t<img loading=\"lazy\" decoding=\"async\" width=\"500\" height=\"602\" src=\"https:\/\/mcmeister.com\/wp-content\/uploads\/2026\/03\/Sprengstoffdetektoren.webp\" class=\"attachment-large size-large wp-image-5068\" alt=\"\" srcset=\"https:\/\/mcmeister.com\/wp-content\/uploads\/2026\/03\/Sprengstoffdetektoren.webp 500w, https:\/\/mcmeister.com\/wp-content\/uploads\/2026\/03\/Sprengstoffdetektoren-249x300.webp 249w\" sizes=\"(max-width: 500px) 100vw, 500px\" \/>\t\t\t\t\t\t\t\t\t\t\t\t\t\t\t<\/div>\n\t\t\t\t<div class=\"elementor-element elementor-element-197957d elementor-widget elementor-widget-heading\" data-id=\"197957d\" data-element_type=\"widget\" data-e-type=\"widget\" data-widget_type=\"heading.default\">\n\t\t\t\t\t<h4 class=\"elementor-heading-title elementor-size-default\">D\u00e9tecteurs d'explosifs et de drogues<\/h4>\t\t\t\t<\/div>\n\t\t\t\t<div class=\"elementor-element elementor-element-78f2859 elementor-widget-divider--view-line elementor-widget elementor-widget-divider\" data-id=\"78f2859\" data-element_type=\"widget\" data-e-type=\"widget\" data-widget_type=\"divider.default\">\n\t\t\t\t\t\t\t<div class=\"elementor-divider\">\n\t\t\t<span class=\"elementor-divider-separator\">\n\t\t\t\t\t\t<\/span>\n\t\t<\/div>\n\t\t\t\t\t\t<\/div>\n\t\t\t\t<\/div>\n\t\t\t\t<div class=\"elementor-element elementor-element-ab13726 elementor-widget elementor-widget-button\" data-id=\"ab13726\" data-element_type=\"widget\" data-e-type=\"widget\" data-widget_type=\"button.default\">\n\t\t\t\t\t\t\t\t\t\t<a class=\"elementor-button elementor-button-link elementor-size-sm\" href=\"https:\/\/mcmeister.com\/fr\/technologie-de-securite\/detecteurs-dexplosifs\/\">\n\t\t\t\t\t\t<span class=\"elementor-button-content-wrapper\">\n\t\t\t\t\t\t<span class=\"elementor-button-icon\">\n\t\t\t\t<svg xmlns=\"http:\/\/www.w3.org\/2000\/svg\" height=\"24px\" viewBox=\"0 -960 960 960\" width=\"24px\" fill=\"#000000\"><path d=\"m440-200 137-240H80v-80h497L440-760l440 280-440 280Z\"><\/path><\/svg>\t\t\t<\/span>\n\t\t\t\t\t\t\t\t\t<span class=\"elementor-button-text\">Aper\u00e7u<\/span>\n\t\t\t\t\t<\/span>\n\t\t\t\t\t<\/a>\n\t\t\t\t\t\t\t\t<\/div>\n\t\t\t\t<\/div>\n\t\t<div class=\"elementor-element elementor-element-43be3a1 e-con-full e-flex e-con e-child\" data-id=\"43be3a1\" data-element_type=\"container\" data-e-type=\"container\">\n\t\t<div class=\"elementor-element elementor-element-7aff612 e-con-full e-flex e-con e-child\" data-id=\"7aff612\" data-element_type=\"container\" data-e-type=\"container\">\n\t\t\t\t<div class=\"elementor-element elementor-element-73e3de9 elementor-widget elementor-widget-image\" data-id=\"73e3de9\" data-element_type=\"widget\" data-e-type=\"widget\" data-widget_type=\"image.default\">\n\t\t\t\t\t\t\t\t\t\t\t\t\t\t\t<img loading=\"lazy\" decoding=\"async\" width=\"750\" height=\"903\" src=\"https:\/\/mcmeister.com\/wp-content\/uploads\/2026\/03\/Herzschlagdetektor.jpg\" class=\"attachment-large size-large wp-image-5063\" alt=\"\" srcset=\"https:\/\/mcmeister.com\/wp-content\/uploads\/2026\/03\/Herzschlagdetektor.jpg 750w, https:\/\/mcmeister.com\/wp-content\/uploads\/2026\/03\/Herzschlagdetektor-249x300.jpg 249w\" sizes=\"(max-width: 750px) 100vw, 750px\" \/>\t\t\t\t\t\t\t\t\t\t\t\t\t\t\t<\/div>\n\t\t\t\t<div class=\"elementor-element elementor-element-f517e99 elementor-widget elementor-widget-heading\" data-id=\"f517e99\" data-element_type=\"widget\" data-e-type=\"widget\" data-widget_type=\"heading.default\">\n\t\t\t\t\t<h4 class=\"elementor-heading-title elementor-size-default\">D\u00e9tecteurs de battements cardiaques<\/h4>\t\t\t\t<\/div>\n\t\t\t\t<div class=\"elementor-element elementor-element-18af1f4 elementor-widget-divider--view-line elementor-widget elementor-widget-divider\" data-id=\"18af1f4\" data-element_type=\"widget\" data-e-type=\"widget\" data-widget_type=\"divider.default\">\n\t\t\t\t\t\t\t<div class=\"elementor-divider\">\n\t\t\t<span class=\"elementor-divider-separator\">\n\t\t\t\t\t\t<\/span>\n\t\t<\/div>\n\t\t\t\t\t\t<\/div>\n\t\t\t\t<\/div>\n\t\t\t\t<div class=\"elementor-element elementor-element-95bd9a7 elementor-widget elementor-widget-button\" data-id=\"95bd9a7\" data-element_type=\"widget\" data-e-type=\"widget\" data-widget_type=\"button.default\">\n\t\t\t\t\t\t\t\t\t\t<a class=\"elementor-button elementor-button-link elementor-size-sm\" href=\"https:\/\/mcmeister.com\/fr\/technologie-de-securite\/detecteurs-de-battements-cardiaques\/\">\n\t\t\t\t\t\t<span class=\"elementor-button-content-wrapper\">\n\t\t\t\t\t\t<span class=\"elementor-button-icon\">\n\t\t\t\t<svg xmlns=\"http:\/\/www.w3.org\/2000\/svg\" height=\"24px\" viewBox=\"0 -960 960 960\" width=\"24px\" fill=\"#000000\"><path d=\"m440-200 137-240H80v-80h497L440-760l440 280-440 280Z\"><\/path><\/svg>\t\t\t<\/span>\n\t\t\t\t\t\t\t\t\t<span class=\"elementor-button-text\">Aper\u00e7u<\/span>\n\t\t\t\t\t<\/span>\n\t\t\t\t\t<\/a>\n\t\t\t\t\t\t\t\t<\/div>\n\t\t\t\t<\/div>\n\t\t<div class=\"elementor-element elementor-element-495287f e-con-full e-flex e-con e-child\" data-id=\"495287f\" data-element_type=\"container\" data-e-type=\"container\">\n\t\t<div class=\"elementor-element elementor-element-f5216e0 e-con-full e-flex e-con e-child\" data-id=\"f5216e0\" data-element_type=\"container\" data-e-type=\"container\">\n\t\t\t\t<div class=\"elementor-element elementor-element-de7b42c elementor-widget elementor-widget-image\" data-id=\"de7b42c\" data-element_type=\"widget\" data-e-type=\"widget\" data-widget_type=\"image.default\">\n\t\t\t\t\t\t\t\t\t\t\t\t\t\t\t<img loading=\"lazy\" decoding=\"async\" width=\"750\" height=\"903\" src=\"https:\/\/mcmeister.com\/wp-content\/uploads\/2026\/03\/Lauschabwehr.jpg\" class=\"attachment-large size-large wp-image-5065\" alt=\"\" srcset=\"https:\/\/mcmeister.com\/wp-content\/uploads\/2026\/03\/Lauschabwehr.jpg 750w, https:\/\/mcmeister.com\/wp-content\/uploads\/2026\/03\/Lauschabwehr-249x300.jpg 249w\" sizes=\"(max-width: 750px) 100vw, 750px\" \/>\t\t\t\t\t\t\t\t\t\t\t\t\t\t\t<\/div>\n\t\t\t\t<div class=\"elementor-element elementor-element-0d2abe4 elementor-widget elementor-widget-heading\" data-id=\"0d2abe4\" data-element_type=\"widget\" data-e-type=\"widget\" data-widget_type=\"heading.default\">\n\t\t\t\t\t<h4 class=\"elementor-heading-title elementor-size-default\">Contre-surveillance et protection t\u00e9l\u00e9phonique<\/h4>\t\t\t\t<\/div>\n\t\t\t\t<div class=\"elementor-element elementor-element-dd8bf81 elementor-widget-divider--view-line elementor-widget elementor-widget-divider\" data-id=\"dd8bf81\" data-element_type=\"widget\" data-e-type=\"widget\" data-widget_type=\"divider.default\">\n\t\t\t\t\t\t\t<div class=\"elementor-divider\">\n\t\t\t<span class=\"elementor-divider-separator\">\n\t\t\t\t\t\t<\/span>\n\t\t<\/div>\n\t\t\t\t\t\t<\/div>\n\t\t\t\t<\/div>\n\t\t\t\t<div class=\"elementor-element elementor-element-10323a8 elementor-widget elementor-widget-button\" data-id=\"10323a8\" data-element_type=\"widget\" data-e-type=\"widget\" data-widget_type=\"button.default\">\n\t\t\t\t\t\t\t\t\t\t<a class=\"elementor-button elementor-button-link elementor-size-sm\" href=\"https:\/\/mcmeister.com\/fr\/technologie-de-securite\/inspection-de-contre-mesures-de-surveillance-technique-tscm\/\">\n\t\t\t\t\t\t<span class=\"elementor-button-content-wrapper\">\n\t\t\t\t\t\t<span class=\"elementor-button-icon\">\n\t\t\t\t<svg xmlns=\"http:\/\/www.w3.org\/2000\/svg\" height=\"24px\" viewBox=\"0 -960 960 960\" width=\"24px\" fill=\"#000000\"><path d=\"m440-200 137-240H80v-80h497L440-760l440 280-440 280Z\"><\/path><\/svg>\t\t\t<\/span>\n\t\t\t\t\t\t\t\t\t<span class=\"elementor-button-text\">Aper\u00e7u<\/span>\n\t\t\t\t\t<\/span>\n\t\t\t\t\t<\/a>\n\t\t\t\t\t\t\t\t<\/div>\n\t\t\t\t<\/div>\n\t\t<div class=\"elementor-element elementor-element-48523d4 e-con-full elementor-hidden-desktop elementor-hidden-tablet elementor-hidden-mobile e-flex e-con e-child\" data-id=\"48523d4\" data-element_type=\"container\" data-e-type=\"container\">\n\t\t\t\t<\/div>\n\t\t<div class=\"elementor-element elementor-element-b4a6f8c e-con-full elementor-hidden-tablet elementor-hidden-mobile e-flex e-con e-child\" data-id=\"b4a6f8c\" data-element_type=\"container\" data-e-type=\"container\">\n\t\t\t\t<\/div>\n\t\t<div class=\"elementor-element elementor-element-4aab63c e-con-full elementor-hidden-tablet elementor-hidden-mobile e-flex e-con e-child\" data-id=\"4aab63c\" data-element_type=\"container\" data-e-type=\"container\">\n\t\t\t\t<\/div>\n\t\t\t\t\t<\/div>\n\t\t\t\t<\/div>\n\t\t<div class=\"elementor-element elementor-element-7ce4301 e-flex e-con-boxed e-con e-parent\" data-id=\"7ce4301\" data-element_type=\"container\" data-e-type=\"container\" data-settings=\"{&quot;background_background&quot;:&quot;classic&quot;}\">\n\t\t\t\t\t<div class=\"e-con-inner\">\n\t\t<div class=\"elementor-element elementor-element-0e07392 e-con-full e-flex e-con e-child\" data-id=\"0e07392\" data-element_type=\"container\" data-e-type=\"container\">\n\t\t<div class=\"elementor-element elementor-element-4e26147 e-con-full e-flex e-con e-child\" data-id=\"4e26147\" data-element_type=\"container\" data-e-type=\"container\">\n\t\t\t\t<div class=\"elementor-element elementor-element-a420b3c elementor-widget elementor-widget-heading\" data-id=\"a420b3c\" data-element_type=\"widget\" data-e-type=\"widget\" data-widget_type=\"heading.default\">\n\t\t\t\t\t<h3 class=\"elementor-heading-title elementor-size-default\">Pourquoi nous choisir ?<\/h3>\t\t\t\t<\/div>\n\t\t\t\t<div class=\"elementor-element elementor-element-b42538b elementor-widget elementor-widget-text-editor\" data-id=\"b42538b\" data-element_type=\"widget\" data-e-type=\"widget\" data-widget_type=\"text-editor.default\">\n\t\t\t\t\t\t\t\t\t<p>Nos syst\u00e8mes se distinguent par leur grande fiabilit\u00e9, leur d\u00e9tection pr\u00e9cise et leur excellence technique. En \u00e9troite collaboration avec nos clients et nos partenaires technologiques internationaux, nous combinons des syst\u00e8mes de s\u00e9curit\u00e9 modernes avec des conseils approfondis et un accompagnement pratique. Que ce soit pour le contr\u00f4le d&rsquo;acc\u00e8s, les \u00e9v\u00e9nements, les autorit\u00e9s ou les infrastructures critiques \u2013 nos solutions permettent de d\u00e9tecter pr\u00e9cocement les dangers potentiels et d&rsquo;optimiser les processus de s\u00e9curit\u00e9.  <\/p><p>Nos appareils sont conformes aux normes de s\u00e9curit\u00e9 en vigueur, fiables en utilisation et s&rsquo;int\u00e8grent de mani\u00e8re flexible dans les concepts de s\u00e9curit\u00e9 existants. Ils conviennent ainsi parfaitement \u00e0 des applications tr\u00e8s vari\u00e9es \u2013 de la s\u00e9curit\u00e9 \u00e9v\u00e9nementielle aux autorit\u00e9s et entreprises, jusqu&rsquo;aux installations \u00e0 s\u00e9curit\u00e9 critique. <\/p><p>D\u00e9couvrez ci-dessous nos six cat\u00e9gories ou contactez-nous pour un conseil personnalis\u00e9 \u2013 nous vous accompagnons volontiers dans le choix de la solution de s\u00e9curit\u00e9 adapt\u00e9e \u00e0 vos besoins.<\/p>\t\t\t\t\t\t\t\t<\/div>\n\t\t<div class=\"elementor-element elementor-element-194fe61 e-con-full e-flex e-con e-child\" data-id=\"194fe61\" data-element_type=\"container\" data-e-type=\"container\">\n\t\t\t\t<div class=\"elementor-element elementor-element-cd673cc elementor-align-center elementor-widget elementor-widget-button\" data-id=\"cd673cc\" data-element_type=\"widget\" data-e-type=\"widget\" data-widget_type=\"button.default\">\n\t\t\t\t\t\t\t\t\t\t<a class=\"elementor-button elementor-button-link elementor-size-sm\" href=\"https:\/\/mcmeister.com\/fr\/contact\/\">\n\t\t\t\t\t\t<span class=\"elementor-button-content-wrapper\">\n\t\t\t\t\t\t\t\t\t<span class=\"elementor-button-text\">Contactez-nous<\/span>\n\t\t\t\t\t<\/span>\n\t\t\t\t\t<\/a>\n\t\t\t\t\t\t\t\t<\/div>\n\t\t\t\t<\/div>\n\t\t\t\t<\/div>\n\t\t\t\t<\/div>\n\t\t<div class=\"elementor-element elementor-element-194f7b9 e-con-full e-flex e-con e-child\" data-id=\"194f7b9\" data-element_type=\"container\" data-e-type=\"container\" data-settings=\"{&quot;background_background&quot;:&quot;classic&quot;}\">\n\t\t<div class=\"elementor-element elementor-element-02b3afa e-con-full e-flex e-con e-child\" data-id=\"02b3afa\" data-element_type=\"container\" data-e-type=\"container\">\n\t\t\t\t<\/div>\n\t\t\t\t<\/div>\n\t\t\t\t\t<\/div>\n\t\t\t\t<\/div>\n\t\t\t\t<\/div>\n\t\t","protected":false},"excerpt":{"rendered":"<p>S\u00e9curit\u00e9 tech Max C. Meister AG vous propose un portefeuille complet de solutions modernes et innovantes dans le domaine de la technologie de s\u00e9curit\u00e9 (SEC). Notre gamme comprend six cat\u00e9gories principales \u2013 des syst\u00e8mes \u00e0 rayons X (X-Ray) et d\u00e9tecteurs de m\u00e9taux (WTMD) aux d\u00e9tecteurs d&rsquo;explosifs et de drogues, en passant par la d\u00e9tection de [&hellip;]<\/p>\n","protected":false},"author":1,"featured_media":0,"parent":0,"menu_order":0,"comment_status":"closed","ping_status":"closed","template":"","meta":{"footnotes":""},"class_list":["post-1591","page","type-page","status-publish","hentry"],"_links":{"self":[{"href":"https:\/\/mcmeister.com\/fr\/wp-json\/wp\/v2\/pages\/1591","targetHints":{"allow":["GET"]}}],"collection":[{"href":"https:\/\/mcmeister.com\/fr\/wp-json\/wp\/v2\/pages"}],"about":[{"href":"https:\/\/mcmeister.com\/fr\/wp-json\/wp\/v2\/types\/page"}],"author":[{"embeddable":true,"href":"https:\/\/mcmeister.com\/fr\/wp-json\/wp\/v2\/users\/1"}],"replies":[{"embeddable":true,"href":"https:\/\/mcmeister.com\/fr\/wp-json\/wp\/v2\/comments?post=1591"}],"version-history":[{"count":9,"href":"https:\/\/mcmeister.com\/fr\/wp-json\/wp\/v2\/pages\/1591\/revisions"}],"predecessor-version":[{"id":6198,"href":"https:\/\/mcmeister.com\/fr\/wp-json\/wp\/v2\/pages\/1591\/revisions\/6198"}],"wp:attachment":[{"href":"https:\/\/mcmeister.com\/fr\/wp-json\/wp\/v2\/media?parent=1591"}],"curies":[{"name":"wp","href":"https:\/\/api.w.org\/{rel}","templated":true}]}}