{"id":1578,"date":"2025-11-13T16:48:58","date_gmt":"2025-11-13T15:48:58","guid":{"rendered":"https:\/\/mcmeister.com\/controle-des-materiaux\/"},"modified":"2026-04-27T13:17:30","modified_gmt":"2026-04-27T11:17:30","slug":"controle-des-materiaux","status":"publish","type":"page","link":"https:\/\/mcmeister.com\/fr\/controle-des-materiaux\/","title":{"rendered":"Contr\u00f4le mat\u00e9riel"},"content":{"rendered":"\t\t<div data-elementor-type=\"wp-page\" data-elementor-id=\"1578\" class=\"elementor elementor-1578 elementor-151\" data-elementor-post-type=\"page\">\n\t\t\t\t<div class=\"elementor-element elementor-element-3bfce22 e-flex e-con-boxed e-con e-parent\" data-id=\"3bfce22\" data-element_type=\"container\" data-e-type=\"container\" data-settings=\"{&quot;background_background&quot;:&quot;classic&quot;}\">\n\t\t\t\t\t<div class=\"e-con-inner\">\n\t\t<div class=\"elementor-element elementor-element-6493f7a e-con-full e-flex e-con e-child\" data-id=\"6493f7a\" data-element_type=\"container\" data-e-type=\"container\">\n\t\t<div class=\"elementor-element elementor-element-51efca1 e-con-full e-flex e-con e-child\" data-id=\"51efca1\" data-element_type=\"container\" data-e-type=\"container\">\n\t\t\t\t<div class=\"elementor-element elementor-element-a5fe452 elementor-widget elementor-widget-heading\" data-id=\"a5fe452\" data-element_type=\"widget\" data-e-type=\"widget\" data-widget_type=\"heading.default\">\n\t\t\t\t\t<h1 class=\"elementor-heading-title elementor-size-default\">Contr\u00f4le mat\u00e9riel<\/h1>\t\t\t\t<\/div>\n\t\t\t\t<div class=\"elementor-element elementor-element-8869a4e elementor-widget elementor-widget-text-editor\" data-id=\"8869a4e\" data-element_type=\"widget\" data-e-type=\"widget\" data-widget_type=\"text-editor.default\">\n\t\t\t\t\t\t\t\t\t<p>Max C. Meister AG vous offre un portefeuille complet de technologies de contr\u00f4le et de mesure dans le domaine du contr\u00f4le non destructif des mat\u00e9riaux (CND). Nos solutions comprennent six cat\u00e9gories principales \u2013 du contr\u00f4le par rayons X et ultrasons au contr\u00f4le par ressuage et magn\u00e9toscopie, en passant par la spectroscopie et les consommables tels que les sprays de num\u00e9risation 3D et les nettoyants pour plateaux d\u2019impression 3D issus des domaines de la r\u00e9tro-ing\u00e9nierie (RE) et de la fabrication additive (FA), ainsi que d\u2019autres proc\u00e9d\u00e9s sp\u00e9ciaux.<\/p>\t\t\t\t\t\t\t\t<\/div>\n\t\t\t\t<\/div>\n\t\t\t\t<\/div>\n\t\t<div class=\"elementor-element elementor-element-a723082 e-con-full e-flex e-con e-child\" data-id=\"a723082\" data-element_type=\"container\" data-e-type=\"container\" data-settings=\"{&quot;background_background&quot;:&quot;classic&quot;}\">\n\t\t<div class=\"elementor-element elementor-element-53da6b3 e-con-full e-flex e-con e-child\" data-id=\"53da6b3\" data-element_type=\"container\" data-e-type=\"container\">\n\t\t\t\t<div class=\"elementor-element elementor-element-6e3f861 elementor-widget elementor-widget-image\" data-id=\"6e3f861\" data-element_type=\"widget\" data-e-type=\"widget\" data-widget_type=\"image.default\">\n\t\t\t\t\t\t\t\t\t\t\t\t\t\t\t<img decoding=\"async\" src=\"https:\/\/mcmeister.com\/wp-content\/uploads\/2025\/11\/Materialpruefung.webp\" title=\"\" alt=\"\" loading=\"lazy\" \/>\t\t\t\t\t\t\t\t\t\t\t\t\t\t\t<\/div>\n\t\t\t\t<\/div>\n\t\t\t\t<\/div>\n\t\t\t\t\t<\/div>\n\t\t\t\t<\/div>\n\t\t<div class=\"elementor-element elementor-element-ecd1046 e-flex e-con-boxed e-con e-parent\" data-id=\"ecd1046\" data-element_type=\"container\" data-e-type=\"container\">\n\t\t\t\t\t<div class=\"e-con-inner\">\n\t\t<div class=\"elementor-element elementor-element-a34b355 e-con-full e-flex e-con e-child\" data-id=\"a34b355\" data-element_type=\"container\" data-e-type=\"container\">\n\t\t<div class=\"elementor-element elementor-element-b56c89f e-con-full e-flex e-con e-child\" data-id=\"b56c89f\" data-element_type=\"container\" data-e-type=\"container\">\n\t\t\t\t<div class=\"elementor-element elementor-element-273a346 elementor-widget elementor-widget-image\" data-id=\"273a346\" data-element_type=\"widget\" data-e-type=\"widget\" data-widget_type=\"image.default\">\n\t\t\t\t\t\t\t\t\t\t\t\t\t\t\t\t<a href=\"https:\/\/mcmeister.com\/fr\/controle-des-materiaux\/3d\/\">\n\t\t\t\t\t\t\t<img fetchpriority=\"high\" decoding=\"async\" width=\"800\" height=\"375\" src=\"https:\/\/mcmeister.com\/wp-content\/uploads\/2025\/12\/REFLECON-1-1024x480.webp\" class=\"attachment-large size-large wp-image-6273\" alt=\"\" srcset=\"https:\/\/mcmeister.com\/wp-content\/uploads\/2025\/12\/REFLECON-1-1024x480.webp 1024w, https:\/\/mcmeister.com\/wp-content\/uploads\/2025\/12\/REFLECON-1-300x141.webp 300w, https:\/\/mcmeister.com\/wp-content\/uploads\/2025\/12\/REFLECON-1-768x360.webp 768w, https:\/\/mcmeister.com\/wp-content\/uploads\/2025\/12\/REFLECON-1-1536x720.webp 1536w, https:\/\/mcmeister.com\/wp-content\/uploads\/2025\/12\/REFLECON-1-2048x960.webp 2048w\" sizes=\"(max-width: 800px) 100vw, 800px\" \/>\t\t\t\t\t\t\t\t<\/a>\n\t\t\t\t\t\t\t\t\t\t\t\t\t\t\t<\/div>\n\t\t\t\t<div class=\"elementor-element elementor-element-4e8903b elementor-widget elementor-widget-heading\" data-id=\"4e8903b\" data-element_type=\"widget\" data-e-type=\"widget\" data-widget_type=\"heading.default\">\n\t\t\t\t\t<h4 class=\"elementor-heading-title elementor-size-default\"><a href=\"https:\/\/mcmeister.com\/fr\/controle-des-materiaux\/3d\/\">Additive Manufacturing (AM) &amp; Reverse Engineering (RE)<\/a><\/h4>\t\t\t\t<\/div>\n\t\t\t\t<div class=\"elementor-element elementor-element-91cdd3f elementor-widget-divider--view-line elementor-widget elementor-widget-divider\" data-id=\"91cdd3f\" data-element_type=\"widget\" data-e-type=\"widget\" data-widget_type=\"divider.default\">\n\t\t\t\t\t\t\t<div class=\"elementor-divider\">\n\t\t\t<span class=\"elementor-divider-separator\">\n\t\t\t\t\t\t<\/span>\n\t\t<\/div>\n\t\t\t\t\t\t<\/div>\n\t\t\t\t<\/div>\n\t\t\t\t<div class=\"elementor-element elementor-element-3f37c96 elementor-widget elementor-widget-button\" data-id=\"3f37c96\" data-element_type=\"widget\" data-e-type=\"widget\" data-widget_type=\"button.default\">\n\t\t\t\t\t\t\t\t\t\t<a class=\"elementor-button elementor-button-link elementor-size-sm\" href=\"https:\/\/mcmeister.com\/fr\/controle-des-materiaux\/3d\/\">\n\t\t\t\t\t\t<span class=\"elementor-button-content-wrapper\">\n\t\t\t\t\t\t<span class=\"elementor-button-icon\">\n\t\t\t\t<svg xmlns=\"http:\/\/www.w3.org\/2000\/svg\" height=\"24px\" viewBox=\"0 -960 960 960\" width=\"24px\" fill=\"#000000\"><path d=\"m440-200 137-240H80v-80h497L440-760l440 280-440 280Z\"><\/path><\/svg>\t\t\t<\/span>\n\t\t\t\t\t\t\t\t\t<span class=\"elementor-button-text\">Aper\u00e7u<\/span>\n\t\t\t\t\t<\/span>\n\t\t\t\t\t<\/a>\n\t\t\t\t\t\t\t\t<\/div>\n\t\t\t\t<\/div>\n\t\t<div class=\"elementor-element elementor-element-7d86d2b e-con-full e-flex e-con e-child\" data-id=\"7d86d2b\" data-element_type=\"container\" data-e-type=\"container\">\n\t\t<div class=\"elementor-element elementor-element-d746d12 e-con-full e-flex e-con e-child\" data-id=\"d746d12\" data-element_type=\"container\" data-e-type=\"container\">\n\t\t\t\t<div class=\"elementor-element elementor-element-887a0c4 elementor-widget elementor-widget-image\" data-id=\"887a0c4\" data-element_type=\"widget\" data-e-type=\"widget\" data-widget_type=\"image.default\">\n\t\t\t\t\t\t\t\t\t\t\t\t\t\t\t\t<a href=\"https:\/\/mcmeister.com\/fr\/controle-des-materiaux\/controle-par-ressuage-et-magnetoscopie-pt-mt\/\">\n\t\t\t\t\t\t\t<img decoding=\"async\" width=\"750\" height=\"903\" src=\"https:\/\/mcmeister.com\/wp-content\/uploads\/2025\/11\/Eindringpruefung.webp\" class=\"attachment-large size-large wp-image-1593\" alt=\"\" srcset=\"https:\/\/mcmeister.com\/wp-content\/uploads\/2025\/11\/Eindringpruefung.webp 750w, https:\/\/mcmeister.com\/wp-content\/uploads\/2025\/11\/Eindringpruefung-249x300.webp 249w\" sizes=\"(max-width: 750px) 100vw, 750px\" \/>\t\t\t\t\t\t\t\t<\/a>\n\t\t\t\t\t\t\t\t\t\t\t\t\t\t\t<\/div>\n\t\t\t\t<div class=\"elementor-element elementor-element-3423b6d elementor-widget elementor-widget-heading\" data-id=\"3423b6d\" data-element_type=\"widget\" data-e-type=\"widget\" data-widget_type=\"heading.default\">\n\t\t\t\t\t<h4 class=\"elementor-heading-title elementor-size-default\"><a href=\"https:\/\/mcmeister.com\/fr\/controle-des-materiaux\/controle-par-ressuage-et-magnetoscopie-pt-mt\/\">Contr\u00f4le par ressuage et magn\u00e9toscopie (PT\/MT)<\/a><\/h4>\t\t\t\t<\/div>\n\t\t\t\t<div class=\"elementor-element elementor-element-9ff7e04 elementor-widget-divider--view-line elementor-widget elementor-widget-divider\" data-id=\"9ff7e04\" data-element_type=\"widget\" data-e-type=\"widget\" data-widget_type=\"divider.default\">\n\t\t\t\t\t\t\t<div class=\"elementor-divider\">\n\t\t\t<span class=\"elementor-divider-separator\">\n\t\t\t\t\t\t<\/span>\n\t\t<\/div>\n\t\t\t\t\t\t<\/div>\n\t\t\t\t<\/div>\n\t\t\t\t<div class=\"elementor-element elementor-element-ee722d3 elementor-widget elementor-widget-button\" data-id=\"ee722d3\" data-element_type=\"widget\" data-e-type=\"widget\" data-widget_type=\"button.default\">\n\t\t\t\t\t\t\t\t\t\t<a class=\"elementor-button elementor-button-link elementor-size-sm\" href=\"https:\/\/mcmeister.com\/fr\/controle-des-materiaux\/controle-par-ressuage-et-magnetoscopie-pt-mt\/\">\n\t\t\t\t\t\t<span class=\"elementor-button-content-wrapper\">\n\t\t\t\t\t\t<span class=\"elementor-button-icon\">\n\t\t\t\t<svg xmlns=\"http:\/\/www.w3.org\/2000\/svg\" height=\"24px\" viewBox=\"0 -960 960 960\" width=\"24px\" fill=\"#000000\"><path d=\"m440-200 137-240H80v-80h497L440-760l440 280-440 280Z\"><\/path><\/svg>\t\t\t<\/span>\n\t\t\t\t\t\t\t\t\t<span class=\"elementor-button-text\">Aper\u00e7u<\/span>\n\t\t\t\t\t<\/span>\n\t\t\t\t\t<\/a>\n\t\t\t\t\t\t\t\t<\/div>\n\t\t\t\t<\/div>\n\t\t<div class=\"elementor-element elementor-element-8d56cf1 e-con-full e-flex e-con e-child\" data-id=\"8d56cf1\" data-element_type=\"container\" data-e-type=\"container\">\n\t\t<div class=\"elementor-element elementor-element-1c2f78f e-con-full e-flex e-con e-child\" data-id=\"1c2f78f\" data-element_type=\"container\" data-e-type=\"container\">\n\t\t\t\t<div class=\"elementor-element elementor-element-a715a66 elementor-widget elementor-widget-image\" data-id=\"a715a66\" data-element_type=\"widget\" data-e-type=\"widget\" data-widget_type=\"image.default\">\n\t\t\t\t\t\t\t\t\t\t\t\t\t\t\t\t<a href=\"https:\/\/mcmeister.com\/fr\/controle-des-materiaux\/controle-par-rayons-x-rt\/\">\n\t\t\t\t\t\t\t<img decoding=\"async\" width=\"600\" height=\"450\" src=\"https:\/\/mcmeister.com\/wp-content\/uploads\/2025\/12\/Capture-decran.png\" class=\"attachment-large size-large wp-image-2973\" alt=\"\" srcset=\"https:\/\/mcmeister.com\/wp-content\/uploads\/2025\/12\/Capture-decran.png 600w, https:\/\/mcmeister.com\/wp-content\/uploads\/2025\/12\/Capture-decran-300x225.png 300w\" sizes=\"(max-width: 600px) 100vw, 600px\" \/>\t\t\t\t\t\t\t\t<\/a>\n\t\t\t\t\t\t\t\t\t\t\t\t\t\t\t<\/div>\n\t\t\t\t<div class=\"elementor-element elementor-element-af9fcc2 elementor-widget elementor-widget-heading\" data-id=\"af9fcc2\" data-element_type=\"widget\" data-e-type=\"widget\" data-widget_type=\"heading.default\">\n\t\t\t\t\t<h4 class=\"elementor-heading-title elementor-size-default\"><a href=\"https:\/\/mcmeister.com\/fr\/controle-des-materiaux\/controle-par-rayons-x-rt\/\">Contr\u00f4le par rayons X (RT)<\/a><\/h4>\t\t\t\t<\/div>\n\t\t\t\t<div class=\"elementor-element elementor-element-ad7c0b4 elementor-widget-divider--view-line elementor-widget elementor-widget-divider\" data-id=\"ad7c0b4\" data-element_type=\"widget\" data-e-type=\"widget\" data-widget_type=\"divider.default\">\n\t\t\t\t\t\t\t<div class=\"elementor-divider\">\n\t\t\t<span class=\"elementor-divider-separator\">\n\t\t\t\t\t\t<\/span>\n\t\t<\/div>\n\t\t\t\t\t\t<\/div>\n\t\t\t\t<\/div>\n\t\t\t\t<div class=\"elementor-element elementor-element-5d4306d elementor-widget elementor-widget-button\" data-id=\"5d4306d\" data-element_type=\"widget\" data-e-type=\"widget\" data-widget_type=\"button.default\">\n\t\t\t\t\t\t\t\t\t\t<a class=\"elementor-button elementor-button-link elementor-size-sm\" href=\"https:\/\/mcmeister.com\/fr\/controle-des-materiaux\/controle-par-rayons-x-rt\/\">\n\t\t\t\t\t\t<span class=\"elementor-button-content-wrapper\">\n\t\t\t\t\t\t<span class=\"elementor-button-icon\">\n\t\t\t\t<svg xmlns=\"http:\/\/www.w3.org\/2000\/svg\" height=\"24px\" viewBox=\"0 -960 960 960\" width=\"24px\" fill=\"#000000\"><path d=\"m440-200 137-240H80v-80h497L440-760l440 280-440 280Z\"><\/path><\/svg>\t\t\t<\/span>\n\t\t\t\t\t\t\t\t\t<span class=\"elementor-button-text\">Aper\u00e7u<\/span>\n\t\t\t\t\t<\/span>\n\t\t\t\t\t<\/a>\n\t\t\t\t\t\t\t\t<\/div>\n\t\t\t\t<\/div>\n\t\t<div class=\"elementor-element elementor-element-1d46fbb e-con-full e-flex e-con e-child\" data-id=\"1d46fbb\" data-element_type=\"container\" data-e-type=\"container\">\n\t\t<div class=\"elementor-element elementor-element-9ceb93b e-con-full e-flex e-con e-child\" data-id=\"9ceb93b\" data-element_type=\"container\" data-e-type=\"container\">\n\t\t\t\t<div class=\"elementor-element elementor-element-d68896a elementor-widget elementor-widget-image\" data-id=\"d68896a\" data-element_type=\"widget\" data-e-type=\"widget\" data-widget_type=\"image.default\">\n\t\t\t\t\t\t\t\t\t\t\t\t\t\t\t\t<a href=\"https:\/\/mcmeister.com\/fr\/controle-des-materiaux\/spectroscopie-xrf-libs\/\">\n\t\t\t\t\t\t\t<img loading=\"lazy\" decoding=\"async\" width=\"500\" height=\"602\" src=\"https:\/\/mcmeister.com\/wp-content\/uploads\/2025\/11\/Spektroskopie.webp\" class=\"attachment-large size-large wp-image-1594\" alt=\"\" srcset=\"https:\/\/mcmeister.com\/wp-content\/uploads\/2025\/11\/Spektroskopie.webp 500w, https:\/\/mcmeister.com\/wp-content\/uploads\/2025\/11\/Spektroskopie-249x300.webp 249w\" sizes=\"(max-width: 500px) 100vw, 500px\" \/>\t\t\t\t\t\t\t\t<\/a>\n\t\t\t\t\t\t\t\t\t\t\t\t\t\t\t<\/div>\n\t\t\t\t<div class=\"elementor-element elementor-element-1e3006a elementor-widget elementor-widget-heading\" data-id=\"1e3006a\" data-element_type=\"widget\" data-e-type=\"widget\" data-widget_type=\"heading.default\">\n\t\t\t\t\t<h4 class=\"elementor-heading-title elementor-size-default\"><a href=\"https:\/\/mcmeister.com\/fr\/controle-des-materiaux\/spectroscopie-xrf-libs\/\">Spectroscopie (XRF\/LIBS)<\/a><\/h4>\t\t\t\t<\/div>\n\t\t\t\t<div class=\"elementor-element elementor-element-5f8abb2 elementor-widget-divider--view-line elementor-widget elementor-widget-divider\" data-id=\"5f8abb2\" data-element_type=\"widget\" data-e-type=\"widget\" data-widget_type=\"divider.default\">\n\t\t\t\t\t\t\t<div class=\"elementor-divider\">\n\t\t\t<span class=\"elementor-divider-separator\">\n\t\t\t\t\t\t<\/span>\n\t\t<\/div>\n\t\t\t\t\t\t<\/div>\n\t\t\t\t<\/div>\n\t\t\t\t<div class=\"elementor-element elementor-element-00cdd0c elementor-widget elementor-widget-button\" data-id=\"00cdd0c\" data-element_type=\"widget\" data-e-type=\"widget\" data-widget_type=\"button.default\">\n\t\t\t\t\t\t\t\t\t\t<a class=\"elementor-button elementor-button-link elementor-size-sm\" href=\"https:\/\/mcmeister.com\/fr\/controle-des-materiaux\/spectroscopie-xrf-libs\/\">\n\t\t\t\t\t\t<span class=\"elementor-button-content-wrapper\">\n\t\t\t\t\t\t<span class=\"elementor-button-icon\">\n\t\t\t\t<svg xmlns=\"http:\/\/www.w3.org\/2000\/svg\" height=\"24px\" viewBox=\"0 -960 960 960\" width=\"24px\" fill=\"#000000\"><path d=\"m440-200 137-240H80v-80h497L440-760l440 280-440 280Z\"><\/path><\/svg>\t\t\t<\/span>\n\t\t\t\t\t\t\t\t\t<span class=\"elementor-button-text\">Aper\u00e7u<\/span>\n\t\t\t\t\t<\/span>\n\t\t\t\t\t<\/a>\n\t\t\t\t\t\t\t\t<\/div>\n\t\t\t\t<\/div>\n\t\t<div class=\"elementor-element elementor-element-8d1aaf5 e-con-full e-flex e-con e-child\" data-id=\"8d1aaf5\" data-element_type=\"container\" data-e-type=\"container\">\n\t\t<div class=\"elementor-element elementor-element-ac2134f e-con-full e-flex e-con e-child\" data-id=\"ac2134f\" data-element_type=\"container\" data-e-type=\"container\">\n\t\t\t\t<div class=\"elementor-element elementor-element-460414c elementor-widget elementor-widget-image\" data-id=\"460414c\" data-element_type=\"widget\" data-e-type=\"widget\" data-widget_type=\"image.default\">\n\t\t\t\t\t\t\t\t\t\t\t\t\t\t\t\t<a href=\"https:\/\/mcmeister.com\/fr\/controle-des-materiaux\/controle-par-ultrasons-ut\/\">\n\t\t\t\t\t\t\t<img loading=\"lazy\" decoding=\"async\" width=\"750\" height=\"903\" src=\"https:\/\/mcmeister.com\/wp-content\/uploads\/2025\/11\/Ultraschallpruefung.webp\" class=\"attachment-large size-large wp-image-1661\" alt=\"\" srcset=\"https:\/\/mcmeister.com\/wp-content\/uploads\/2025\/11\/Ultraschallpruefung.webp 750w, https:\/\/mcmeister.com\/wp-content\/uploads\/2025\/11\/Ultraschallpruefung-249x300.webp 249w\" sizes=\"(max-width: 750px) 100vw, 750px\" \/>\t\t\t\t\t\t\t\t<\/a>\n\t\t\t\t\t\t\t\t\t\t\t\t\t\t\t<\/div>\n\t\t\t\t<div class=\"elementor-element elementor-element-67038d1 elementor-widget elementor-widget-heading\" data-id=\"67038d1\" data-element_type=\"widget\" data-e-type=\"widget\" data-widget_type=\"heading.default\">\n\t\t\t\t\t<h4 class=\"elementor-heading-title elementor-size-default\"><a href=\"https:\/\/mcmeister.com\/fr\/controle-des-materiaux\/controle-par-ultrasons-ut\/\">Contr\u00f4le par ultrasons (UT)<\/a><\/h4>\t\t\t\t<\/div>\n\t\t\t\t<div class=\"elementor-element elementor-element-6ee1ac9 elementor-widget-divider--view-line elementor-widget elementor-widget-divider\" data-id=\"6ee1ac9\" data-element_type=\"widget\" data-e-type=\"widget\" data-widget_type=\"divider.default\">\n\t\t\t\t\t\t\t<div class=\"elementor-divider\">\n\t\t\t<span class=\"elementor-divider-separator\">\n\t\t\t\t\t\t<\/span>\n\t\t<\/div>\n\t\t\t\t\t\t<\/div>\n\t\t\t\t<\/div>\n\t\t\t\t<div class=\"elementor-element elementor-element-6a30b6c elementor-widget elementor-widget-button\" data-id=\"6a30b6c\" data-element_type=\"widget\" data-e-type=\"widget\" data-widget_type=\"button.default\">\n\t\t\t\t\t\t\t\t\t\t<a class=\"elementor-button elementor-button-link elementor-size-sm\" href=\"https:\/\/mcmeister.com\/fr\/controle-des-materiaux\/controle-par-ultrasons-ut\/\">\n\t\t\t\t\t\t<span class=\"elementor-button-content-wrapper\">\n\t\t\t\t\t\t<span class=\"elementor-button-icon\">\n\t\t\t\t<svg xmlns=\"http:\/\/www.w3.org\/2000\/svg\" height=\"24px\" viewBox=\"0 -960 960 960\" width=\"24px\" fill=\"#000000\"><path d=\"m440-200 137-240H80v-80h497L440-760l440 280-440 280Z\"><\/path><\/svg>\t\t\t<\/span>\n\t\t\t\t\t\t\t\t\t<span class=\"elementor-button-text\">Aper\u00e7u<\/span>\n\t\t\t\t\t<\/span>\n\t\t\t\t\t<\/a>\n\t\t\t\t\t\t\t\t<\/div>\n\t\t\t\t<\/div>\n\t\t<div class=\"elementor-element elementor-element-dde7d87 e-con-full e-flex e-con e-child\" data-id=\"dde7d87\" data-element_type=\"container\" data-e-type=\"container\">\n\t\t<div class=\"elementor-element elementor-element-9eaace5 e-con-full e-flex e-con e-child\" data-id=\"9eaace5\" data-element_type=\"container\" data-e-type=\"container\">\n\t\t\t\t<div class=\"elementor-element elementor-element-75176e6 elementor-widget elementor-widget-image\" data-id=\"75176e6\" data-element_type=\"widget\" data-e-type=\"widget\" data-widget_type=\"image.default\">\n\t\t\t\t\t\t\t\t\t\t\t\t\t\t\t\t<a href=\"https:\/\/mcmeister.com\/fr\/controle-des-materiaux\/controle-visuel-vt\/\">\n\t\t\t\t\t\t\t<img loading=\"lazy\" decoding=\"async\" width=\"750\" height=\"903\" src=\"https:\/\/mcmeister.com\/wp-content\/uploads\/2025\/11\/Visuelle-Pruefung.webp\" class=\"attachment-large size-large wp-image-1595\" alt=\"\" srcset=\"https:\/\/mcmeister.com\/wp-content\/uploads\/2025\/11\/Visuelle-Pruefung.webp 750w, https:\/\/mcmeister.com\/wp-content\/uploads\/2025\/11\/Visuelle-Pruefung-249x300.webp 249w\" sizes=\"(max-width: 750px) 100vw, 750px\" \/>\t\t\t\t\t\t\t\t<\/a>\n\t\t\t\t\t\t\t\t\t\t\t\t\t\t\t<\/div>\n\t\t\t\t<div class=\"elementor-element elementor-element-5b57bf6 elementor-widget elementor-widget-heading\" data-id=\"5b57bf6\" data-element_type=\"widget\" data-e-type=\"widget\" data-widget_type=\"heading.default\">\n\t\t\t\t\t<h4 class=\"elementor-heading-title elementor-size-default\"><a href=\"https:\/\/mcmeister.com\/fr\/controle-des-materiaux\/controle-visuel-vt\/\">Contr\u00f4le visuel (VT)<\/a><\/h4>\t\t\t\t<\/div>\n\t\t\t\t<div class=\"elementor-element elementor-element-b8f5216 elementor-widget-divider--view-line elementor-widget elementor-widget-divider\" data-id=\"b8f5216\" data-element_type=\"widget\" data-e-type=\"widget\" data-widget_type=\"divider.default\">\n\t\t\t\t\t\t\t<div class=\"elementor-divider\">\n\t\t\t<span class=\"elementor-divider-separator\">\n\t\t\t\t\t\t<\/span>\n\t\t<\/div>\n\t\t\t\t\t\t<\/div>\n\t\t\t\t<\/div>\n\t\t\t\t<div class=\"elementor-element elementor-element-8dc69e3 elementor-widget elementor-widget-button\" data-id=\"8dc69e3\" data-element_type=\"widget\" data-e-type=\"widget\" data-widget_type=\"button.default\">\n\t\t\t\t\t\t\t\t\t\t<a class=\"elementor-button elementor-button-link elementor-size-sm\" href=\"https:\/\/mcmeister.com\/fr\/controle-des-materiaux\/controle-visuel-vt\/\">\n\t\t\t\t\t\t<span class=\"elementor-button-content-wrapper\">\n\t\t\t\t\t\t<span class=\"elementor-button-icon\">\n\t\t\t\t<svg xmlns=\"http:\/\/www.w3.org\/2000\/svg\" height=\"24px\" viewBox=\"0 -960 960 960\" width=\"24px\" fill=\"#000000\"><path d=\"m440-200 137-240H80v-80h497L440-760l440 280-440 280Z\"><\/path><\/svg>\t\t\t<\/span>\n\t\t\t\t\t\t\t\t\t<span class=\"elementor-button-text\">Aper\u00e7u<\/span>\n\t\t\t\t\t<\/span>\n\t\t\t\t\t<\/a>\n\t\t\t\t\t\t\t\t<\/div>\n\t\t\t\t<\/div>\n\t\t<div class=\"elementor-element elementor-element-2e6717d e-con-full elementor-hidden-tablet elementor-hidden-mobile e-flex e-con e-child\" data-id=\"2e6717d\" data-element_type=\"container\" data-e-type=\"container\">\n\t\t\t\t<\/div>\n\t\t<div class=\"elementor-element elementor-element-e1c59ef e-con-full elementor-hidden-tablet elementor-hidden-mobile e-flex e-con e-child\" data-id=\"e1c59ef\" data-element_type=\"container\" data-e-type=\"container\">\n\t\t\t\t<\/div>\n\t\t\t\t\t<\/div>\n\t\t\t\t<\/div>\n\t\t<div class=\"elementor-element elementor-element-7ce4301 e-flex e-con-boxed e-con e-parent\" data-id=\"7ce4301\" data-element_type=\"container\" data-e-type=\"container\" data-settings=\"{&quot;background_background&quot;:&quot;classic&quot;}\">\n\t\t\t\t\t<div class=\"e-con-inner\">\n\t\t<div class=\"elementor-element elementor-element-0e07392 e-con-full e-flex e-con e-child\" data-id=\"0e07392\" data-element_type=\"container\" data-e-type=\"container\">\n\t\t<div class=\"elementor-element elementor-element-4e26147 e-con-full e-flex e-con e-child\" data-id=\"4e26147\" data-element_type=\"container\" data-e-type=\"container\">\n\t\t\t\t<div class=\"elementor-element elementor-element-a420b3c elementor-widget elementor-widget-heading\" data-id=\"a420b3c\" data-element_type=\"widget\" data-e-type=\"widget\" data-widget_type=\"heading.default\">\n\t\t\t\t\t<h3 class=\"elementor-heading-title elementor-size-default\">Pourquoi nous choisir ?<\/h3>\t\t\t\t<\/div>\n\t\t\t\t<div class=\"elementor-element elementor-element-b42538b elementor-widget elementor-widget-text-editor\" data-id=\"b42538b\" data-element_type=\"widget\" data-e-type=\"widget\" data-widget_type=\"text-editor.default\">\n\t\t\t\t\t\t\t\t\t<p>Nos syst\u00e8mes sont synonymes de pr\u00e9cision maximale, de r\u00e9sultats fiables et d\u2019excellence technique. En \u00e9troite collaboration avec nos clients et fournisseurs, nous combinons une technologie de mesure ultramoderne avec des conseils \u00e9clair\u00e9s et un support personnalis\u00e9. Que vous souhaitiez contr\u00f4ler de petits composants ou s\u00e9curiser des composants industriels complexes, nos solutions vous permettent de d\u00e9tecter les erreurs avant qu\u2019elles ne deviennent des risques.<\/p><p>Nos services et appareils sont \u00e9galement conformes aux normes, validables et souvent modulaires \u2013 id\u00e9al pour la fabrication, la recherche ou la gestion de la qualit\u00e9 dans les secteurs les plus divers.<\/p><p>D\u00e9couvrez nos six cat\u00e9gories ci-dessus ou contactez-nous pour un conseil personnalis\u00e9. Nos experts se feront un plaisir de vous aider \u00e0 trouver la solution de contr\u00f4le adapt\u00e9e \u00e0 votre application.<\/p>\t\t\t\t\t\t\t\t<\/div>\n\t\t<div class=\"elementor-element elementor-element-194fe61 e-con-full e-flex e-con e-child\" data-id=\"194fe61\" data-element_type=\"container\" data-e-type=\"container\">\n\t\t\t\t<div class=\"elementor-element elementor-element-cd673cc elementor-align-center elementor-widget elementor-widget-button\" data-id=\"cd673cc\" data-element_type=\"widget\" data-e-type=\"widget\" data-widget_type=\"button.default\">\n\t\t\t\t\t\t\t\t\t\t<a class=\"elementor-button elementor-button-link elementor-size-sm\" href=\"https:\/\/mcmeister.com\/fr\/contact\/\">\n\t\t\t\t\t\t<span class=\"elementor-button-content-wrapper\">\n\t\t\t\t\t\t\t\t\t<span class=\"elementor-button-text\">Contactez-nous<\/span>\n\t\t\t\t\t<\/span>\n\t\t\t\t\t<\/a>\n\t\t\t\t\t\t\t\t<\/div>\n\t\t\t\t<\/div>\n\t\t\t\t<\/div>\n\t\t\t\t<\/div>\n\t\t<div class=\"elementor-element elementor-element-194f7b9 e-con-full e-flex e-con e-child\" data-id=\"194f7b9\" data-element_type=\"container\" data-e-type=\"container\" data-settings=\"{&quot;background_background&quot;:&quot;classic&quot;}\">\n\t\t<div class=\"elementor-element elementor-element-02b3afa e-con-full e-flex e-con e-child\" data-id=\"02b3afa\" data-element_type=\"container\" data-e-type=\"container\">\n\t\t\t\t<\/div>\n\t\t\t\t<\/div>\n\t\t\t\t\t<\/div>\n\t\t\t\t<\/div>\n\t\t\t\t<\/div>\n\t\t","protected":false},"excerpt":{"rendered":"<p>Contr\u00f4le mat\u00e9riel Max C. Meister AG vous offre un portefeuille complet de technologies de contr\u00f4le et de mesure dans le domaine du contr\u00f4le non destructif des mat\u00e9riaux (CND). Nos solutions comprennent six cat\u00e9gories principales \u2013 du contr\u00f4le par rayons X et ultrasons au contr\u00f4le par ressuage et magn\u00e9toscopie, en passant par la spectroscopie et les [&hellip;]<\/p>\n","protected":false},"author":1,"featured_media":0,"parent":0,"menu_order":0,"comment_status":"closed","ping_status":"closed","template":"","meta":{"footnotes":""},"class_list":["post-1578","page","type-page","status-publish","hentry"],"_links":{"self":[{"href":"https:\/\/mcmeister.com\/fr\/wp-json\/wp\/v2\/pages\/1578","targetHints":{"allow":["GET"]}}],"collection":[{"href":"https:\/\/mcmeister.com\/fr\/wp-json\/wp\/v2\/pages"}],"about":[{"href":"https:\/\/mcmeister.com\/fr\/wp-json\/wp\/v2\/types\/page"}],"author":[{"embeddable":true,"href":"https:\/\/mcmeister.com\/fr\/wp-json\/wp\/v2\/users\/1"}],"replies":[{"embeddable":true,"href":"https:\/\/mcmeister.com\/fr\/wp-json\/wp\/v2\/comments?post=1578"}],"version-history":[{"count":10,"href":"https:\/\/mcmeister.com\/fr\/wp-json\/wp\/v2\/pages\/1578\/revisions"}],"predecessor-version":[{"id":6691,"href":"https:\/\/mcmeister.com\/fr\/wp-json\/wp\/v2\/pages\/1578\/revisions\/6691"}],"wp:attachment":[{"href":"https:\/\/mcmeister.com\/fr\/wp-json\/wp\/v2\/media?parent=1578"}],"curies":[{"name":"wp","href":"https:\/\/api.w.org\/{rel}","templated":true}]}}