{"id":1502,"date":"2025-12-29T13:34:23","date_gmt":"2025-12-29T12:34:23","guid":{"rendered":"https:\/\/mcmeister.com\/appareils-doccasion-controle-des-materiaux\/"},"modified":"2026-03-30T14:27:35","modified_gmt":"2026-03-30T12:27:35","slug":"appareils-doccasion-controle-des-materiaux","status":"publish","type":"page","link":"https:\/\/mcmeister.com\/fr\/appareils-doccasion-controle-des-materiaux\/","title":{"rendered":"Appareils d&rsquo;occasion"},"content":{"rendered":"\t\t<div data-elementor-type=\"wp-page\" data-elementor-id=\"1502\" class=\"elementor elementor-1502 elementor-1421\" data-elementor-post-type=\"page\">\n\t\t\t\t<div class=\"elementor-element elementor-element-3bfce22 e-flex e-con-boxed e-con e-parent\" data-id=\"3bfce22\" data-element_type=\"container\" data-e-type=\"container\" data-settings=\"{&quot;background_background&quot;:&quot;classic&quot;}\">\n\t\t\t\t\t<div class=\"e-con-inner\">\n\t\t<div class=\"elementor-element elementor-element-6493f7a e-con-full e-flex e-con e-child\" data-id=\"6493f7a\" data-element_type=\"container\" data-e-type=\"container\">\n\t\t<div class=\"elementor-element elementor-element-51efca1 e-con-full e-flex e-con e-child\" data-id=\"51efca1\" data-element_type=\"container\" data-e-type=\"container\">\n\t\t\t\t<div class=\"elementor-element elementor-element-a5fe452 elementor-widget elementor-widget-heading\" data-id=\"a5fe452\" data-element_type=\"widget\" data-e-type=\"widget\" data-widget_type=\"heading.default\">\n\t\t\t\t\t<h1 class=\"elementor-heading-title elementor-size-default\">Appareils d'occasion<\/h1>\t\t\t\t<\/div>\n\t\t\t\t<div class=\"elementor-element elementor-element-8869a4e elementor-widget elementor-widget-text-editor\" data-id=\"8869a4e\" data-element_type=\"widget\" data-e-type=\"widget\" data-widget_type=\"text-editor.default\">\n\t\t\t\t\t\t\t\t\t<p>Nous disposons d&rsquo;une s\u00e9lection d&rsquo;appareils d&rsquo;occasion contr\u00f4l\u00e9s en parfait \u00e9tat pour vous et avec<br>le meilleur rapport qualit\u00e9-prix. Nos collaborateurs se feront un plaisir de vous informer sur les produits actuellement <br> disponibles ainsi que sur tous les d\u00e9tails techniques et de r\u00e9pondre \u00e0 vos questions.<\/p>\t\t\t\t\t\t\t\t<\/div>\n\t\t\t\t<div class=\"elementor-element elementor-element-768a427 elementor-widget elementor-widget-text-editor\" data-id=\"768a427\" data-element_type=\"widget\" data-e-type=\"widget\" data-widget_type=\"text-editor.default\">\n\t\t\t\t\t\t\t\t\t<p>Pour de plus amples informations, les prix et les stocks, veuillez nous appeler au <a href=\"tel:+41449187010\">+41 44 918 70 10<\/a> ou nous envoyer un e-mail \u00e0 <a href=\"mailto:admin@mcmeister.com\">admin@mcmeister.com<\/a><\/p>\t\t\t\t\t\t\t\t<\/div>\n\t\t\t\t<\/div>\n\t\t\t\t<\/div>\n\t\t<div class=\"elementor-element elementor-element-a723082 e-con-full e-flex e-con e-child\" data-id=\"a723082\" data-element_type=\"container\" data-e-type=\"container\" data-settings=\"{&quot;background_background&quot;:&quot;classic&quot;}\">\n\t\t<div class=\"elementor-element elementor-element-53da6b3 e-con-full e-flex e-con e-child\" data-id=\"53da6b3\" data-element_type=\"container\" data-e-type=\"container\">\n\t\t\t\t<\/div>\n\t\t\t\t<\/div>\n\t\t\t\t\t<\/div>\n\t\t\t\t<\/div>\n\t\t\t\t<\/div>\n\t\t","protected":false},"excerpt":{"rendered":"<p>Appareils d&rsquo;occasion Nous disposons d&rsquo;une s\u00e9lection d&rsquo;appareils d&rsquo;occasion contr\u00f4l\u00e9s en parfait \u00e9tat pour vous et avecle meilleur rapport qualit\u00e9-prix. Nos collaborateurs se feront un plaisir de vous informer sur les produits actuellement disponibles ainsi que sur tous les d\u00e9tails techniques et de r\u00e9pondre \u00e0 vos questions. Pour de plus amples informations, les prix et les [&hellip;]<\/p>\n","protected":false},"author":1,"featured_media":0,"parent":0,"menu_order":0,"comment_status":"closed","ping_status":"closed","template":"","meta":{"footnotes":""},"class_list":["post-1502","page","type-page","status-publish","hentry"],"_links":{"self":[{"href":"https:\/\/mcmeister.com\/fr\/wp-json\/wp\/v2\/pages\/1502","targetHints":{"allow":["GET"]}}],"collection":[{"href":"https:\/\/mcmeister.com\/fr\/wp-json\/wp\/v2\/pages"}],"about":[{"href":"https:\/\/mcmeister.com\/fr\/wp-json\/wp\/v2\/types\/page"}],"author":[{"embeddable":true,"href":"https:\/\/mcmeister.com\/fr\/wp-json\/wp\/v2\/users\/1"}],"replies":[{"embeddable":true,"href":"https:\/\/mcmeister.com\/fr\/wp-json\/wp\/v2\/comments?post=1502"}],"version-history":[{"count":4,"href":"https:\/\/mcmeister.com\/fr\/wp-json\/wp\/v2\/pages\/1502\/revisions"}],"predecessor-version":[{"id":5028,"href":"https:\/\/mcmeister.com\/fr\/wp-json\/wp\/v2\/pages\/1502\/revisions\/5028"}],"wp:attachment":[{"href":"https:\/\/mcmeister.com\/fr\/wp-json\/wp\/v2\/media?parent=1502"}],"curies":[{"name":"wp","href":"https:\/\/api.w.org\/{rel}","templated":true}]}}