{"id":1632,"date":"2025-11-13T16:46:50","date_gmt":"2025-11-13T15:46:50","guid":{"rendered":"https:\/\/mcmeister.com\/contact\/"},"modified":"2026-01-07T13:20:43","modified_gmt":"2026-01-07T12:20:43","slug":"contact","status":"publish","type":"page","link":"https:\/\/mcmeister.com\/en\/contact\/","title":{"rendered":"Contact"},"content":{"rendered":"\t\t<div data-elementor-type=\"wp-page\" data-elementor-id=\"1632\" class=\"elementor elementor-1632 elementor-143\" data-elementor-post-type=\"page\">\n\t\t\t\t<div class=\"elementor-element elementor-element-b54ebce e-flex e-con-boxed e-con e-parent\" data-id=\"b54ebce\" data-element_type=\"container\" data-e-type=\"container\" data-settings=\"{&quot;background_background&quot;:&quot;classic&quot;}\">\n\t\t\t\t\t<div class=\"e-con-inner\">\n\t\t<div class=\"elementor-element elementor-element-c2b4cca e-con-full e-flex e-con e-child\" data-id=\"c2b4cca\" data-element_type=\"container\" data-e-type=\"container\">\n\t\t<div class=\"elementor-element elementor-element-8d3a47f e-con-full e-flex e-con e-child\" data-id=\"8d3a47f\" data-element_type=\"container\" data-e-type=\"container\">\n\t\t\t\t<div class=\"elementor-element elementor-element-64d5665 elementor-widget elementor-widget-heading\" data-id=\"64d5665\" data-element_type=\"widget\" data-e-type=\"widget\" data-widget_type=\"heading.default\">\n\t\t\t\t\t<h2 class=\"elementor-heading-title elementor-size-default\">Contact<\/h2>\t\t\t\t<\/div>\n\t\t\t\t<div class=\"elementor-element elementor-element-9050d14 elementor-widget elementor-widget-formidable\" data-id=\"9050d14\" data-element_type=\"widget\" data-e-type=\"widget\" data-widget_type=\"formidable.default\">\n\t\t\t\t<div class=\"elementor-widget-container\">\n\t\t\t\t\t<div class=\"frm_forms  with_frm_style frm_style_formidable-stil-2\" id=\"frm_form_2_container\" data-token=\"ddb2d1cf7634cf6789750876ed1d2ecc\">\n<form enctype=\"multipart\/form-data\" method=\"post\" class=\"frm-show-form  frm_pro_form \" id=\"form_kontakt\" data-token=\"ddb2d1cf7634cf6789750876ed1d2ecc\">\n<div class=\"frm_form_fields \">\n<fieldset>\n<legend class=\"frm_screen_reader\">Kontakt<\/legend>\r\n\r\n<div class=\"frm_fields_container\">\n<input type=\"hidden\" name=\"frm_action\" value=\"create\" \/>\n<input type=\"hidden\" name=\"form_id\" value=\"2\" \/>\n<input type=\"hidden\" name=\"frm_hide_fields_2\" id=\"frm_hide_fields_2\" value=\"\" \/>\n<input type=\"hidden\" name=\"form_key\" value=\"kontakt\" \/>\n<input type=\"hidden\" name=\"item_meta[0]\" value=\"\" \/>\n<input type=\"hidden\" id=\"frm_submit_entry_2\" name=\"frm_submit_entry_2\" value=\"ad76e6544f\" \/><input type=\"hidden\" name=\"_wp_http_referer\" value=\"\/en\/wp-json\/wp\/v2\/pages\/1632\" \/><div id=\"frm_field_6_container\" class=\"frm_form_field form-field  frm_required_field frm_top_container frm6 frm_first\">\r\n\t<label for=\"field_pybxe\" id=\"field_pybxe_label\" class=\"frm_primary_label\">Vorname\r\n\t\t<span class=\"frm_required\" aria-hidden=\"true\">*<\/span>\r\n\t<\/label>\r\n\t<input  type=\"text\" id=\"field_pybxe\" name=\"item_meta[6]\" value=\"\"  data-reqmsg=\"Vorname kann nicht leer sein.\" aria-required=\"true\" data-invmsg=\"Vorname ist ung\u00fcltig\" aria-invalid=\"false\"   \/>\r\n\t\r\n\t\r\n<\/div>\n<div id=\"frm_field_7_container\" class=\"frm_form_field form-field  frm_required_field frm_top_container frm6\">\r\n\t<label for=\"field_1ujdq\" id=\"field_1ujdq_label\" class=\"frm_primary_label\">Nachname\r\n\t\t<span class=\"frm_required\" aria-hidden=\"true\">*<\/span>\r\n\t<\/label>\r\n\t<input  type=\"text\" id=\"field_1ujdq\" name=\"item_meta[7]\" value=\"\"  data-reqmsg=\"Nachname kann nicht leer sein.\" aria-required=\"true\" data-invmsg=\"Nachname ist ung\u00fcltig\" aria-invalid=\"false\"   \/>\r\n\t\r\n\t\r\n<\/div>\n<div id=\"frm_field_8_container\" class=\"frm_form_field form-field  frm_required_field frm_top_container frm12 frm_first\">\r\n\t<label for=\"field_clmzh\" id=\"field_clmzh_label\" class=\"frm_primary_label\">E-Mail\r\n\t\t<span class=\"frm_required\" aria-hidden=\"true\">*<\/span>\r\n\t<\/label>\r\n\t<input type=\"email\" id=\"field_clmzh\" name=\"item_meta[8]\" value=\"\"  autocomplete=\"email\"  data-reqmsg=\"E-Mail kann nicht leer sein.\" aria-required=\"true\" data-invmsg=\"E-Mail ist ung\u00fcltig\" aria-invalid=\"false\"  \/>\r\n\t\r\n\t\r\n<\/div>\n<div id=\"frm_field_9_container\" class=\"frm_form_field form-field  frm_top_container frm12 frm_first\">\r\n\t<label for=\"field_fi9pe\" id=\"field_fi9pe_label\" class=\"frm_primary_label\">Telefon (optional)\r\n\t\t<span class=\"frm_required\" aria-hidden=\"true\"><\/span>\r\n\t<\/label>\r\n\t<input  type=\"text\" id=\"field_fi9pe\" name=\"item_meta[9]\" value=\"\"  data-invmsg=\"Telefon (optional) ist ung\u00fcltig\" aria-invalid=\"false\"   \/>\r\n\t\r\n\t\r\n<\/div>\n<div id=\"frm_field_10_container\" class=\"frm_form_field form-field  frm_required_field frm_top_container\">\r\n\t<label for=\"field_ilega\" id=\"field_ilega_label\" class=\"frm_primary_label\">Mitteilung\r\n\t\t<span class=\"frm_required\" aria-hidden=\"true\">*<\/span>\r\n\t<\/label>\r\n\t<textarea name=\"item_meta[10]\" id=\"field_ilega\" rows=\"5\"  data-reqmsg=\"Mitteilung kann nicht leer sein.\" aria-required=\"true\" data-invmsg=\"Mitteilung ist ung\u00fcltig\" aria-invalid=\"false\"  ><\/textarea>\r\n\t\r\n\t\r\n<\/div>\n<div id=\"frm_field_11_container\" class=\"frm_form_field form-field  frm_required_field frm_top_container\">\n\t<label for=\"field_17opa\" id=\"field_17opa_label\" class=\"frm_primary_label\">Wie sind Sie auf unser Unternehmen aufmerksam geworden? (optional)\n\t\t<span class=\"frm_required\" aria-hidden=\"true\">*<\/span>\n\t<\/label>\n\t\t\t<select name=\"item_meta[11]\" id=\"field_17opa\"  data-reqmsg=\"Wie sind Sie auf unser Unternehmen aufmerksam geworden? (optional) kann nicht leer sein.\" aria-required=\"true\" data-invmsg=\"Wie sind Sie auf unser Unternehmen aufmerksam geworden? (optional) ist ung\u00fcltig\" aria-invalid=\"false\"  >\n\t\t<option  value=\"\" selected='selected'> <\/option><option  value=\"Bestandskunde\">Bestandskunde<\/option><option  value=\"Referenz, Tipp\">Referenz, Tipp<\/option><option  value=\"\u00dcber Lieferant\">\u00dcber Lieferant<\/option><option  value=\"Internet, Google, Suchmaschine\">Internet, Google, Suchmaschine<\/option><option  value=\"Newsletter\">Newsletter<\/option><option  value=\"Fahrzeugwerbung\">Fahrzeugwerbung<\/option><option  value=\"Andere\">Andere<\/option>\t<\/select>\n\t\n\t\n\t\n<\/div>\n<div id=\"frm_field_12_container\" class=\"frm_form_field form-field  frm_top_container\">\n\t<label for=\"field_ia1n9\" id=\"field_ia1n9_label\" class=\"frm_primary_label\">Datei (optional)\n\t\t<span class=\"frm_required\" aria-hidden=\"true\"><\/span>\n\t<\/label>\n\t<input type=\"hidden\"  data-invmsg=\"Datei (optional) ist ung\u00fcltig\" aria-invalid=\"false\"   name=\"item_meta[12][]\"  value=\"\" data-frmfile=\"12\" \/>\n\n<div class=\"frm_dropzone frm_multi_upload frm_clearfix\" id=\"file12_dropzone\" role=\"group\"  aria-describedby=\"frm_desc_field_ia1n9\">\n\t<div class=\"fallback\">\n\t\t<input type=\"file\" name=\"file12[]\" id=\"field_ia1n9\"\n\t\t\t data-frmfile=\"12\" multiple=\"multiple\"  data-invmsg=\"Datei (optional) ist ung\u00fcltig\" aria-invalid=\"false\"  \t\t\t\/>\n\t\t\t\t<div class=\"frm_clearfix \"><\/div>\n\t<\/div>\n\t<div class=\"dz-message needsclick\">\n\t\t\t\t<svg  viewBox=\"0 0 18 18\" class=\"frmsvg frm-svg-icon\">\n\t<path viewBox=\"0 0 18 18\" fill-rule=\"evenodd\" clip-rule=\"evenodd\" d=\"M8.2 4v8a.8.8 0 001.5 0V4l2.1 2.2A.7.7 0 1013 5L9.5 1.7a.7.7 0 00-1.1 0L5.1 5.2a.8.8 0 001 1l2.1-2zm7.6 4.3c.4 0 .7.3.7.7v6.8c0 .4-.3.7-.8.7H2.3a.8.8 0 01-.8-.8V9A.8.8 0 013 9v6h12V9c0-.4.3-.8.8-.8z\"><\/path>\n<\/svg>\t\t<span class=\"frm_upload_text\"><button type=\"button\" aria-label=\"Datei (optional). Zum Hochladen Datei hier ablegen oder auf den Button klicken.. Maximum file size: 314.57MB\">Zum Hochladen Datei hier ablegen oder auf den Button klicken.<\/button><\/span>\n\t\t<span class=\"frm_compact_text\"><button type=\"button\" aria-label=\"Datei (optional). Datei w\u00e4hlen. Maximum file size: 314.57MB\">Datei w\u00e4hlen<\/button><\/span>\n\t\t<div class=\"frm_small_text\">\n\t\t\t<p>Maximum file size: 314.57MB<\/p>\n\t\t<\/div>\n\t<\/div>\n<\/div>\n\t\n\t<div class=\"frm_description\" id=\"frm_desc_field_ia1n9\">2 Dateien m\u00f6glich<\/div>\n\t\n<\/div>\n<div id=\"frm_field_13_container\" class=\"frm_form_field form-field  frm_none_container\">\n\t<label for=\"g-recaptcha-response\" id=\"field_9wvhu_label\" class=\"frm_primary_label\">\n\t\t<span class=\"frm_required\" aria-hidden=\"true\"><\/span>\n\t<\/label>\n\t\n\t\n\t\n<\/div>\n<div id=\"frm_field_14_container\" class=\"frm_form_field form-field  frm12 frm_first\">\n\t<div class=\"frm_submit frm_flex\">\r\n<button class=\"frm_button_submit frm_final_submit\" type=\"submit\"   formnovalidate=\"formnovalidate\">Senden<\/button>\r\n\r\n\r\n\r\n<\/div>\n<\/div>\n\t<input type=\"hidden\" name=\"item_key\" value=\"\" \/>\n\t\t\t<div id=\"frm_field_24_container\">\n\t\t\t<label for=\"field_knhos\" >\n\t\t\t\tIf you are human, leave this field blank.\t\t\t<\/label>\n\t\t\t<input  id=\"field_knhos\" type=\"text\" class=\"frm_form_field form-field frm_verify\" name=\"item_meta[24]\" value=\"\"  \/>\n\t\t<\/div>\n\t\t<input name=\"frm_state\" type=\"hidden\" value=\"LFFGGy\/F6Mt3kj1oJ8wveYZhULLZfNiBSBDOXId8pRikEdvaruNTzkGbN4OVElm9\" \/><\/div>\n<\/fieldset>\n<\/div>\n\n<\/form>\n<\/div>\n\t\t\t\t<\/div>\n\t\t\t\t<\/div>\n\t\t\t\t<\/div>\n\t\t\t\t<\/div>\n\t\t\t\t\t<\/div>\n\t\t\t\t<\/div>\n\t\t\t\t<\/div>\n\t\t","protected":false},"excerpt":{"rendered":"<p>Contact Kontakt Vorname * Nachname * E-Mail * Telefon (optional) Mitteilung * Wie sind Sie auf unser Unternehmen aufmerksam geworden? (optional) * Bestehender KundeEmpfehlung, Tipp\u00dcber LieferantenInternet, Google, SuchmaschineNewsletterFahrzeuganzeigeSonstige Datei (optional) Zum Hochladen Datei hier ablegen oder auf den Button klicken. Datei w\u00e4hlen Maximale Dateigr\u00f6sse: 104.86MB 2 Dateien m\u00f6glich Senden Falls Du menschlich bist, lasse dieses [&hellip;]<\/p>\n","protected":false},"author":1,"featured_media":0,"parent":0,"menu_order":0,"comment_status":"closed","ping_status":"closed","template":"","meta":{"footnotes":""},"class_list":["post-1632","page","type-page","status-publish","hentry"],"_links":{"self":[{"href":"https:\/\/mcmeister.com\/en\/wp-json\/wp\/v2\/pages\/1632","targetHints":{"allow":["GET"]}}],"collection":[{"href":"https:\/\/mcmeister.com\/en\/wp-json\/wp\/v2\/pages"}],"about":[{"href":"https:\/\/mcmeister.com\/en\/wp-json\/wp\/v2\/types\/page"}],"author":[{"embeddable":true,"href":"https:\/\/mcmeister.com\/en\/wp-json\/wp\/v2\/users\/1"}],"replies":[{"embeddable":true,"href":"https:\/\/mcmeister.com\/en\/wp-json\/wp\/v2\/comments?post=1632"}],"version-history":[{"count":2,"href":"https:\/\/mcmeister.com\/en\/wp-json\/wp\/v2\/pages\/1632\/revisions"}],"predecessor-version":[{"id":3436,"href":"https:\/\/mcmeister.com\/en\/wp-json\/wp\/v2\/pages\/1632\/revisions\/3436"}],"wp:attachment":[{"href":"https:\/\/mcmeister.com\/en\/wp-json\/wp\/v2\/media?parent=1632"}],"curies":[{"name":"wp","href":"https:\/\/api.w.org\/{rel}","templated":true}]}}